{"id":152632,"date":"2023-03-27T10:53:43","date_gmt":"2023-03-27T08:53:43","guid":{"rendered":"https:\/\/sitz.ch\/produkt\/varier-move-semelle-en-caoutchouc\/"},"modified":"2026-05-05T20:36:09","modified_gmt":"2026-05-05T18:36:09","slug":"varier-move-semelle-en-caoutchouc","status":"publish","type":"product","link":"https:\/\/sitz.ch\/fr\/produit\/varier-move-semelle-en-caoutchouc\/","title":{"rendered":"Varier Move Semelle en Caoutchouc"},"content":{"rendered":"<p><strong><span style=\"font-size: 18px;\">Tapis en caoutchouc \/ Galoche en caoutchouc pour tabouret Move par Varier et Stokke<\/span><\/strong><\/p>\n<p>La galoche en caoutchouc pour l&rsquo;assise debout Move peut \u00eatre install\u00e9e \u00e0 tout moment. Elle est \u00e9galement compatible avec tous les anciens mod\u00e8les de la marque Stokke.<\/p>\n<p>Gr\u00e2ce \u00e0 la galoche en caoutchouc, le sol est prot\u00e9g\u00e9 des dommages caus\u00e9s par la pression et les chocs. De plus, la galoche d\u00e9passe le bord en bois, offrant ainsi une protection fiable contre le glissement en position inclin\u00e9e sur des sols lisses.<\/p>\n<p>&nbsp;<\/p>\n","protected":false},"excerpt":{"rendered":"<p>Tapis en caoutchouc \/ Galoche en caoutchouc pour tabouret Move par Varier et Stokke La galoche en caoutchouc pour l&rsquo;assise debout Move peut \u00eatre install\u00e9e \u00e0 tout moment. Elle est \u00e9galement compatible avec tous les anciens mod\u00e8les de la marque Stokke. Gr\u00e2ce \u00e0 la galoche en caoutchouc, le sol est prot\u00e9g\u00e9 des dommages caus\u00e9s par [&hellip;]<\/p>\n","protected":false},"featured_media":161601,"comment_status":"open","ping_status":"closed","template":"","meta":{"_acf_changed":false},"pwb-brand":[],"product_brand":[],"product_cat":[288,198],"product_tag":[],"class_list":{"0":"post-152632","1":"product","2":"type-product","3":"status-publish","4":"has-post-thumbnail","6":"product_cat-sieges-assis-debout-ergonomiques","7":"product_cat-tabourets","8":"tm-has-options","10":"first","11":"instock","12":"featured","13":"taxable","14":"shipping-taxable","15":"purchasable","16":"product-type-variable","17":"has-default-attributes"},"acf":[],"brands":[],"_links":{"self":[{"href":"https:\/\/sitz.ch\/fr\/wp-json\/wp\/v2\/product\/152632","targetHints":{"allow":["GET"]}}],"collection":[{"href":"https:\/\/sitz.ch\/fr\/wp-json\/wp\/v2\/product"}],"about":[{"href":"https:\/\/sitz.ch\/fr\/wp-json\/wp\/v2\/types\/product"}],"replies":[{"embeddable":true,"href":"https:\/\/sitz.ch\/fr\/wp-json\/wp\/v2\/comments?post=152632"}],"version-history":[{"count":1,"href":"https:\/\/sitz.ch\/fr\/wp-json\/wp\/v2\/product\/152632\/revisions"}],"predecessor-version":[{"id":197911,"href":"https:\/\/sitz.ch\/fr\/wp-json\/wp\/v2\/product\/152632\/revisions\/197911"}],"wp:featuredmedia":[{"embeddable":true,"href":"https:\/\/sitz.ch\/fr\/wp-json\/wp\/v2\/media\/161601"}],"wp:attachment":[{"href":"https:\/\/sitz.ch\/fr\/wp-json\/wp\/v2\/media?parent=152632"}],"wp:term":[{"taxonomy":"pwb-brand","embeddable":true,"href":"https:\/\/sitz.ch\/fr\/wp-json\/wp\/v2\/pwb-brand?post=152632"},{"taxonomy":"product_brand","embeddable":true,"href":"https:\/\/sitz.ch\/fr\/wp-json\/wp\/v2\/product_brand?post=152632"},{"taxonomy":"product_cat","embeddable":true,"href":"https:\/\/sitz.ch\/fr\/wp-json\/wp\/v2\/product_cat?post=152632"},{"taxonomy":"product_tag","embeddable":true,"href":"https:\/\/sitz.ch\/fr\/wp-json\/wp\/v2\/product_tag?post=152632"}],"curies":[{"name":"wp","href":"https:\/\/api.w.org\/{rel}","templated":true}]}}