{"id":152652,"date":"2016-11-12T00:06:20","date_gmt":"2016-11-11T23:06:20","guid":{"rendered":"https:\/\/sitz.ch\/produkt\/varier-multi-balans\/"},"modified":"2025-05-01T01:00:09","modified_gmt":"2025-04-30T23:00:09","slug":"varier-multi-balans","status":"publish","type":"product","link":"https:\/\/sitz.ch\/fr\/produit\/varier-multi-balans\/","title":{"rendered":"Varier Multi Balans"},"content":{"rendered":"<p>Un si\u00e8ge polyvalent avec un angle d&rsquo;assise r\u00e9glable. La chaise peut \u00eatre utilis\u00e9e \u00e0 des tables hautes ou basses. Elle est pliable et peut \u00eatre facilement transport\u00e9e d&rsquo;une pi\u00e8ce \u00e0 l&rsquo;autre.<\/p>\n<p>L&rsquo;angle d&rsquo;assise (distance entre le haut du corps et la cuisse) peut \u00eatre modifi\u00e9 d&rsquo;un angle tr\u00e8s ouvert \u00e0 un angle ferm\u00e9.<\/p>\n<p>Les positions assises avec un angle ouvert naturel r\u00e9duisent la pression sur le dos et facilitent la respiration. Ainsi, le bien-\u00eatre augmente m\u00eame en position assise. Vous vous asseyez naturellement, la colonne vert\u00e9brale adoptant la m\u00eame posture que lors de la marche ou de la station debout.<\/p>\n<p>Design : Peter Opsvik<\/p>\n<p>Cadre standard en bois de h\u00eatre naturel laqu\u00e9<\/p>\n<p>Dimensions :<br \/>\nHauteur du si\u00e8ge 42-63 cm<br \/>\nLargeur 47 cm<\/p>\n<p>D\u00e9lai de livraison d&rsquo;environ 4-6 semaines ouvrables<\/p>\n","protected":false},"excerpt":{"rendered":"<p>Un si\u00e8ge polyvalent avec un angle d&rsquo;assise r\u00e9glable. La chaise peut \u00eatre utilis\u00e9e \u00e0 des tables hautes ou basses. Elle est pliable et peut \u00eatre facilement transport\u00e9e d&rsquo;une pi\u00e8ce \u00e0 l&rsquo;autre. L&rsquo;angle d&rsquo;assise (distance entre le haut du corps et la cuisse) peut \u00eatre modifi\u00e9 d&rsquo;un angle tr\u00e8s ouvert \u00e0 un angle ferm\u00e9. Les positions [&hellip;]<\/p>\n","protected":false},"featured_media":195069,"comment_status":"open","ping_status":"closed","template":"","meta":{"_acf_changed":false},"pwb-brand":[82],"product_brand":[],"product_cat":[263,207,198],"product_tag":[],"class_list":{"0":"post-152652","1":"product","2":"type-product","3":"status-publish","4":"has-post-thumbnail","6":"pwb-brand-varier","7":"product_cat-chaise-ergonomique-a-genoux","8":"product_cat-sieges-ergonomiques-specifiques","9":"product_cat-tabourets","10":"pa_bezug-cuir-veritable-anthracite-dunes-21003","11":"pa_bezug-cuir-veritable-bleu-noir-31326","12":"pa_bezug-cuir-veritable-brun-fonce-dunes-21001","13":"pa_bezug-cuir-veritable-camel-dunes-21004","14":"pa_bezug-cuir-veritable-cognac-dunes-21000","15":"pa_bezug-cuir-veritable-cognac-noir-31322","16":"pa_bezug-cuir-veritable-gris-dunes-21007","17":"pa_bezug-cuir-veritable-naturel-noir-31323","18":"pa_bezug-cuir-veritable-noir-noir-31330","19":"pa_bezug-cuir-veritable-rouge-noir-31324","20":"pa_bezug-cuir-veritable-rouille-dunes-21002","21":"pa_bezug-cuir-veritable-tabac-noir-31328","22":"pa_bezug-cuir-veritable-vert-dunes-21005","23":"pa_bezug-cuir-veritable-vert-noir-31327","24":"pa_bezug-fibre-synthetique-beige-tonal-61180","25":"pa_bezug-fibre-synthetique-bleu-tonal-66286","26":"pa_bezug-fibre-synthetique-brun-tonal-64211","27":"pa_bezug-fibre-synthetique-gris-tonal-60123","28":"pa_bezug-fibre-synthetique-jaune-tonal-62156","29":"pa_bezug-fibre-synthetique-noir-tonal-60999","30":"pa_bezug-fibre-synthetique-rose-vif-tonal-63153","31":"pa_bezug-fibre-synthetique-rouge-tonal-64208","32":"pa_bezug-fibre-synthetique-vert-tonal-68206","33":"pa_bezug-fibre-synthetique-vert-clair-tonal-67089","34":"pa_bezug-laine-anthracite-fiord-171","35":"pa_bezug-laine-beige-hallingdal-65-220","36":"pa_bezug-laine-beige-vidar-4-0323","37":"pa_bezug-laine-bleu-divina-melange-757","38":"pa_bezug-laine-bleu-divina-3-756","39":"pa_bezug-laine-bleu-hallingdal-65-750","40":"pa_bezug-laine-bleu-vidar-4-0743","41":"pa_bezug-laine-bordeaux-divina-melange-677","42":"pa_bezug-laine-bordeaux-fiord-591","43":"pa_bezug-laine-brun-re-wool-568","44":"pa_bezug-laine-gris-divina-melange-120","45":"pa_bezug-laine-gris-fiord-121","46":"pa_bezug-laine-gris-vidar-4-0913","47":"pa_bezug-laine-jaune-vidar-4-0443","48":"pa_bezug-laine-noir-divina-melange-180","49":"pa_bezug-laine-noir-hallingdal-65-180","50":"pa_bezug-laine-noir-re-wool-198","51":"pa_bezug-laine-orange-divina-3-526","52":"pa_bezug-laine-orange-melange-nap-321","53":"pa_bezug-laine-rose-vif-vidar-4-0622","54":"pa_bezug-laine-rouge-hallingdal-65-680","55":"pa_bezug-laine-rouge-vidar-4-0693","56":"pa_bezug-laine-vert-divina-melange-821","57":"pa_bezug-laine-vert-divina-3-922","58":"pa_bezug-laine-vert-re-wool-868","59":"pa_bezug-laine-vert-vidar-4-0932","60":"pa_bezug-laine-vieux-rose-re-wool-648","61":"tm-has-options","63":"first","64":"outofstock","65":"taxable","66":"shipping-taxable","67":"purchasable","68":"product-type-variable","69":"has-default-attributes"},"acf":[],"brands":[{"id":82,"name":"Varier","slug":"varier"}],"_links":{"self":[{"href":"https:\/\/sitz.ch\/fr\/wp-json\/wp\/v2\/product\/152652","targetHints":{"allow":["GET"]}}],"collection":[{"href":"https:\/\/sitz.ch\/fr\/wp-json\/wp\/v2\/product"}],"about":[{"href":"https:\/\/sitz.ch\/fr\/wp-json\/wp\/v2\/types\/product"}],"replies":[{"embeddable":true,"href":"https:\/\/sitz.ch\/fr\/wp-json\/wp\/v2\/comments?post=152652"}],"version-history":[{"count":0,"href":"https:\/\/sitz.ch\/fr\/wp-json\/wp\/v2\/product\/152652\/revisions"}],"wp:featuredmedia":[{"embeddable":true,"href":"https:\/\/sitz.ch\/fr\/wp-json\/wp\/v2\/media\/195069"}],"wp:attachment":[{"href":"https:\/\/sitz.ch\/fr\/wp-json\/wp\/v2\/media?parent=152652"}],"wp:term":[{"taxonomy":"pwb-brand","embeddable":true,"href":"https:\/\/sitz.ch\/fr\/wp-json\/wp\/v2\/pwb-brand?post=152652"},{"taxonomy":"product_brand","embeddable":true,"href":"https:\/\/sitz.ch\/fr\/wp-json\/wp\/v2\/product_brand?post=152652"},{"taxonomy":"product_cat","embeddable":true,"href":"https:\/\/sitz.ch\/fr\/wp-json\/wp\/v2\/product_cat?post=152652"},{"taxonomy":"product_tag","embeddable":true,"href":"https:\/\/sitz.ch\/fr\/wp-json\/wp\/v2\/product_tag?post=152652"}],"curies":[{"name":"wp","href":"https:\/\/api.w.org\/{rel}","templated":true}]}}