{"id":152814,"date":"2019-01-16T14:07:39","date_gmt":"2019-01-16T13:07:39","guid":{"rendered":"https:\/\/sitz.ch\/produkt\/varier-variable-balans\/"},"modified":"2026-01-30T15:11:00","modified_gmt":"2026-01-30T14:11:00","slug":"varier-variable-balans","status":"publish","type":"product","link":"https:\/\/sitz.ch\/fr\/produit\/varier-variable-balans\/","title":{"rendered":"Varier Variable Balans"},"content":{"rendered":"<p><strong>Variable<\/strong> balans\u00ae<br \/>\nLe Variable est le mod\u00e8le original de toutes les chaises \u00e0 bascule de Vari\u00e9r. Le Variable pr\u00e9sente un design simple et \u00e9pur\u00e9. Les patins et les repose-genoux s\u00e9par\u00e9s permettent de changer continuellement de position assise. C&rsquo;est une chaise pour ceux qui souhaitent s&rsquo;asseoir activement en \u00e9quilibre.<\/p>\n<p><strong>Dimensions :<\/strong><br \/>\nsans dossier :<br \/>\n52cm x 72cm x 51cm \/ Hauteur de l&rsquo;assise : 50cm<\/p>\n<p>Design : Peter Opsvik<\/p>\n<p>&nbsp;<\/p>\n<p>Des petites quantit\u00e9s en fibre synth\u00e9tique Revive sont disponibles de stock, veuillez v\u00e9rifier les options respectives. Pour les autres versions, le d\u00e9lai de livraison actuel est d&rsquo;environ 4 \u00e0 6 semaines.<\/p>\n<p>&nbsp;<\/p>\n<p>&nbsp;<\/p>\n","protected":false},"excerpt":{"rendered":"<p>Variable balans\u00ae Le Variable est le mod\u00e8le original de toutes les chaises \u00e0 bascule de Vari\u00e9r. Le Variable pr\u00e9sente un design simple et \u00e9pur\u00e9. Les patins et les repose-genoux s\u00e9par\u00e9s permettent de changer continuellement de position assise. C&rsquo;est une chaise pour ceux qui souhaitent s&rsquo;asseoir activement en \u00e9quilibre. Dimensions : sans dossier : 52cm x [&hellip;]<\/p>\n","protected":false},"featured_media":141332,"comment_status":"open","ping_status":"closed","template":"","meta":{"_acf_changed":false},"pwb-brand":[82],"product_brand":[],"product_cat":[263,275,198,361],"product_tag":[],"class_list":{"0":"post-152814","1":"product","2":"type-product","3":"status-publish","4":"has-post-thumbnail","6":"pwb-brand-varier","7":"product_cat-chaise-ergonomique-a-genoux","8":"product_cat-chaises-pour-salle-a-manger-et-de-conference","9":"product_cat-tabourets","10":"product_cat-zahlung-auf-rechnung-nicht-verfuegbar-fr","11":"pa_bezug-cuir-veritable-anthracite-dunes-21003","12":"pa_bezug-cuir-veritable-bleu-noir-31326","13":"pa_bezug-cuir-veritable-brun-fonce-dunes-21001","14":"pa_bezug-cuir-veritable-camel-dunes-21004","15":"pa_bezug-cuir-veritable-cognac-dunes-21000","16":"pa_bezug-cuir-veritable-cognac-noir-31322","17":"pa_bezug-cuir-veritable-gris-dunes-21007","18":"pa_bezug-cuir-veritable-naturel-noir-31323","19":"pa_bezug-cuir-veritable-noir-noir-31330","20":"pa_bezug-cuir-veritable-rouge-noir-31324","21":"pa_bezug-cuir-veritable-rouille-dunes-21002","22":"pa_bezug-cuir-veritable-tabac-noir-31328","23":"pa_bezug-cuir-veritable-vert-dunes-21005","24":"pa_bezug-cuir-veritable-vert-noir-31327","25":"pa_bezug-fibre-synthetique-beige-tonal-61180","26":"pa_bezug-fibre-synthetique-bleu-tonal-66286","27":"pa_bezug-fibre-synthetique-brun-tonal-64211","28":"pa_bezug-fibre-synthetique-gris-tonal-60123","29":"pa_bezug-fibre-synthetique-jaune-tonal-62156","30":"pa_bezug-fibre-synthetique-noir-tonal-60999","31":"pa_bezug-fibre-synthetique-rose-vif-tonal-63153","32":"pa_bezug-fibre-synthetique-rouge-tonal-64208","33":"pa_bezug-fibre-synthetique-vert-tonal-68206","34":"pa_bezug-fibre-synthetique-vert-clair-tonal-67089","35":"pa_bezug-laine-anthracite-fiord-171","36":"pa_bezug-laine-beige-hallingdal-65-220","37":"pa_bezug-laine-beige-vidar-4-0323","38":"pa_bezug-laine-bleu-divina-melange-757","39":"pa_bezug-laine-bleu-divina-3-756","40":"pa_bezug-laine-bleu-hallingdal-65-750","41":"pa_bezug-laine-bleu-vidar-4-0743","42":"pa_bezug-laine-bordeaux-divina-melange-677","43":"pa_bezug-laine-bordeaux-fiord-591","44":"pa_bezug-laine-brun-re-wool-568","45":"pa_bezug-laine-gris-divina-melange-120","46":"pa_bezug-laine-gris-fiord-121","47":"pa_bezug-laine-gris-vidar-4-0913","48":"pa_bezug-laine-jaune-vidar-4-0443","49":"pa_bezug-laine-noir-divina-melange-180","50":"pa_bezug-laine-noir-hallingdal-65-180","51":"pa_bezug-laine-noir-re-wool-198","52":"pa_bezug-laine-orange-divina-3-526","53":"pa_bezug-laine-orange-melange-nap-321","54":"pa_bezug-laine-rose-vif-vidar-4-0622","55":"pa_bezug-laine-rouge-hallingdal-65-680","56":"pa_bezug-laine-rouge-vidar-4-0693","57":"pa_bezug-laine-vert-divina-melange-821","58":"pa_bezug-laine-vert-divina-3-922","59":"pa_bezug-laine-vert-re-wool-868","60":"pa_bezug-laine-vert-vidar-4-0932","61":"pa_bezug-laine-vieux-rose-re-wool-648","62":"tm-has-options","64":"first","65":"outofstock","66":"featured","67":"taxable","68":"shipping-taxable","69":"purchasable","70":"product-type-variable"},"acf":[],"brands":[{"id":82,"name":"Varier","slug":"varier"}],"_links":{"self":[{"href":"https:\/\/sitz.ch\/fr\/wp-json\/wp\/v2\/product\/152814","targetHints":{"allow":["GET"]}}],"collection":[{"href":"https:\/\/sitz.ch\/fr\/wp-json\/wp\/v2\/product"}],"about":[{"href":"https:\/\/sitz.ch\/fr\/wp-json\/wp\/v2\/types\/product"}],"replies":[{"embeddable":true,"href":"https:\/\/sitz.ch\/fr\/wp-json\/wp\/v2\/comments?post=152814"}],"version-history":[{"count":0,"href":"https:\/\/sitz.ch\/fr\/wp-json\/wp\/v2\/product\/152814\/revisions"}],"wp:featuredmedia":[{"embeddable":true,"href":"https:\/\/sitz.ch\/fr\/wp-json\/wp\/v2\/media\/141332"}],"wp:attachment":[{"href":"https:\/\/sitz.ch\/fr\/wp-json\/wp\/v2\/media?parent=152814"}],"wp:term":[{"taxonomy":"pwb-brand","embeddable":true,"href":"https:\/\/sitz.ch\/fr\/wp-json\/wp\/v2\/pwb-brand?post=152814"},{"taxonomy":"product_brand","embeddable":true,"href":"https:\/\/sitz.ch\/fr\/wp-json\/wp\/v2\/product_brand?post=152814"},{"taxonomy":"product_cat","embeddable":true,"href":"https:\/\/sitz.ch\/fr\/wp-json\/wp\/v2\/product_cat?post=152814"},{"taxonomy":"product_tag","embeddable":true,"href":"https:\/\/sitz.ch\/fr\/wp-json\/wp\/v2\/product_tag?post=152814"}],"curies":[{"name":"wp","href":"https:\/\/api.w.org\/{rel}","templated":true}]}}