{"id":152857,"date":"2022-02-02T10:18:54","date_gmt":"2022-02-02T09:18:54","guid":{"rendered":"https:\/\/sitz.ch\/produkt\/varier-variable-plus-balans\/"},"modified":"2026-02-01T00:39:43","modified_gmt":"2026-01-31T23:39:43","slug":"varier-variable-plus-balans","status":"publish","type":"product","link":"https:\/\/sitz.ch\/fr\/produit\/varier-variable-plus-balans\/","title":{"rendered":"Varier Variable Plus Balans"},"content":{"rendered":"<p><strong>Variable Plus <\/strong>balans\u00ae<br \/>\nLe succ\u00e8s mondial Variable, chaise \u00e0 bascule avec dossier. Le Variable Plus, un merveilleux tabouret \u00e0 genoux, convient aux adolescents et aux adultes.<\/p>\n<p>Design : Peter Opsvik<\/p>\n<p><strong>Dimensions :<\/strong><br \/>\n47cm x 79cm x 92-100cm \/ Hauteur de si\u00e8ge : 51cm<\/p>\n<p>&nbsp;<\/p>\n","protected":false},"excerpt":{"rendered":"<p>Variable Plus balans\u00ae Le succ\u00e8s mondial Variable, chaise \u00e0 bascule avec dossier. Le Variable Plus, un merveilleux tabouret \u00e0 genoux, convient aux adolescents et aux adultes. Design : Peter Opsvik Dimensions : 47cm x 79cm x 92-100cm \/ Hauteur de si\u00e8ge : 51cm &nbsp;<\/p>\n","protected":false},"featured_media":159159,"comment_status":"open","ping_status":"closed","template":"","meta":{"_acf_changed":false},"pwb-brand":[82],"product_brand":[],"product_cat":[263,275,198],"product_tag":[],"class_list":{"0":"post-152857","1":"product","2":"type-product","3":"status-publish","4":"has-post-thumbnail","6":"pwb-brand-varier","7":"product_cat-chaise-ergonomique-a-genoux","8":"product_cat-chaises-pour-salle-a-manger-et-de-conference","9":"product_cat-tabourets","10":"pa_bezug-cuir-veritable-bleu-noir-31326","11":"pa_bezug-cuir-veritable-cognac-noir-31322","12":"pa_bezug-cuir-veritable-noir-noir-31330","13":"pa_bezug-cuir-veritable-rouge-noir-31324","14":"pa_bezug-cuir-veritable-tabac-noir-31328","15":"pa_bezug-cuir-veritable-vert-noir-31327","16":"pa_bezug-fibre-synthetique-beige-tonal-61180","17":"pa_bezug-fibre-synthetique-bleu-tonal-66286","18":"pa_bezug-fibre-synthetique-brun-tonal-64211","19":"pa_bezug-fibre-synthetique-gris-tonal-60123","20":"pa_bezug-fibre-synthetique-jaune-tonal-62156","21":"pa_bezug-fibre-synthetique-noir-tonal-60999","22":"pa_bezug-fibre-synthetique-rose-vif-tonal-63153","23":"pa_bezug-fibre-synthetique-rouge-tonal-64208","24":"pa_bezug-fibre-synthetique-vert-tonal-68206","25":"pa_bezug-fibre-synthetique-vert-clair-tonal-67089","26":"pa_bezug-laine-bleu-re-wool-787","27":"pa_bezug-laine-brun-re-wool-568","28":"pa_bezug-laine-noir-re-wool-198","29":"pa_bezug-laine-vieux-rose-re-wool-648","30":"tm-has-options","32":"first","33":"onbackorder","34":"taxable","35":"shipping-taxable","36":"purchasable","37":"product-type-variable"},"acf":[],"brands":[{"id":82,"name":"Varier","slug":"varier"}],"_links":{"self":[{"href":"https:\/\/sitz.ch\/fr\/wp-json\/wp\/v2\/product\/152857","targetHints":{"allow":["GET"]}}],"collection":[{"href":"https:\/\/sitz.ch\/fr\/wp-json\/wp\/v2\/product"}],"about":[{"href":"https:\/\/sitz.ch\/fr\/wp-json\/wp\/v2\/types\/product"}],"replies":[{"embeddable":true,"href":"https:\/\/sitz.ch\/fr\/wp-json\/wp\/v2\/comments?post=152857"}],"version-history":[{"count":0,"href":"https:\/\/sitz.ch\/fr\/wp-json\/wp\/v2\/product\/152857\/revisions"}],"wp:featuredmedia":[{"embeddable":true,"href":"https:\/\/sitz.ch\/fr\/wp-json\/wp\/v2\/media\/159159"}],"wp:attachment":[{"href":"https:\/\/sitz.ch\/fr\/wp-json\/wp\/v2\/media?parent=152857"}],"wp:term":[{"taxonomy":"pwb-brand","embeddable":true,"href":"https:\/\/sitz.ch\/fr\/wp-json\/wp\/v2\/pwb-brand?post=152857"},{"taxonomy":"product_brand","embeddable":true,"href":"https:\/\/sitz.ch\/fr\/wp-json\/wp\/v2\/product_brand?post=152857"},{"taxonomy":"product_cat","embeddable":true,"href":"https:\/\/sitz.ch\/fr\/wp-json\/wp\/v2\/product_cat?post=152857"},{"taxonomy":"product_tag","embeddable":true,"href":"https:\/\/sitz.ch\/fr\/wp-json\/wp\/v2\/product_tag?post=152857"}],"curies":[{"name":"wp","href":"https:\/\/api.w.org\/{rel}","templated":true}]}}