{"id":152914,"date":"2018-11-23T14:03:05","date_gmt":"2018-11-23T13:03:05","guid":{"rendered":"https:\/\/sitz.ch\/produkt\/varier-wing-balans\/"},"modified":"2018-11-23T14:03:05","modified_gmt":"2018-11-23T13:03:05","slug":"varier-wing-balans","status":"publish","type":"product","link":"https:\/\/sitz.ch\/fr\/produit\/varier-wing-balans\/","title":{"rendered":"Varier Wing Balans"},"content":{"rendered":"<p><b>sur commande<\/b><\/p>\n<p>Une chaise ergonomique qui soulage votre dos<br \/>\nCon\u00e7ue pour favoriser le mouvement et la vari\u00e9t\u00e9 en position assise. Une chaise parfaite pour travailler \u00e0 une table, particuli\u00e8rement adapt\u00e9e \u00e0 des niveaux de travail plus \u00e9lev\u00e9s comme les tables \u00e0 dessin.<br \/>\nL&rsquo;assise inclin\u00e9e, mont\u00e9e sur amortisseurs en caoutchouc, et le coussin pour tibias permettent une posture avec un angle d&rsquo;assise ouvert.<br \/>\nCroix de base en plastique noir, roulettes universelles adapt\u00e9es \u00e0 tous les sols<\/p>\n<p>Design : Peter Opsvik<\/p>\n<p>Dimensions :<br \/>\nHauteur 52-67 cm<br \/>\nLargeur 73 cm<\/p>\n<p>D\u00e9lai de livraison environ 4-6 semaines ouvrables<\/p>\n","protected":false},"excerpt":{"rendered":"<p>sur commande Une chaise ergonomique qui soulage votre dos Con\u00e7ue pour favoriser le mouvement et la vari\u00e9t\u00e9 en position assise. Une chaise parfaite pour travailler \u00e0 une table, particuli\u00e8rement adapt\u00e9e \u00e0 des niveaux de travail plus \u00e9lev\u00e9s comme les tables \u00e0 dessin. L&rsquo;assise inclin\u00e9e, mont\u00e9e sur amortisseurs en caoutchouc, et le coussin pour tibias permettent [&hellip;]<\/p>\n","protected":false},"featured_media":159999,"comment_status":"open","ping_status":"closed","template":"","meta":{"_acf_changed":false},"pwb-brand":[82],"product_brand":[],"product_cat":[263,207,198],"product_tag":[],"class_list":{"0":"post-152914","1":"product","2":"type-product","3":"status-publish","4":"has-post-thumbnail","6":"pwb-brand-varier","7":"product_cat-chaise-ergonomique-a-genoux","8":"product_cat-sieges-ergonomiques-specifiques","9":"product_cat-tabourets","10":"pa_bezug-cuir-veritable-bleu-noir-31326","11":"pa_bezug-cuir-veritable-cognac-noir-31322","12":"pa_bezug-cuir-veritable-naturel-noir-31323","13":"pa_bezug-cuir-veritable-noir-noir-31330","14":"pa_bezug-cuir-veritable-rouge-noir-31324","15":"pa_bezug-cuir-veritable-tabac-noir-31328","16":"pa_bezug-cuir-veritable-vert-noir-31327","17":"pa_bezug-fibre-synthetique-beige-tonal-61180","18":"pa_bezug-fibre-synthetique-bleu-tonal-66286","19":"pa_bezug-fibre-synthetique-brun-tonal-64211","20":"pa_bezug-fibre-synthetique-gris-tonal-60123","21":"pa_bezug-fibre-synthetique-jaune-tonal-62156","22":"pa_bezug-fibre-synthetique-noir-tonal-60999","23":"pa_bezug-fibre-synthetique-rose-vif-tonal-63153","24":"pa_bezug-fibre-synthetique-rouge-tonal-64208","25":"pa_bezug-fibre-synthetique-vert-tonal-68206","26":"pa_bezug-fibre-synthetique-vert-clair-tonal-67089","27":"pa_bezug-laine-bleu-re-wool-787","28":"pa_bezug-laine-brun-re-wool-568","29":"pa_bezug-laine-noir-re-wool-198","30":"pa_bezug-laine-vieux-rose-re-wool-648","31":"tm-has-options","33":"first","34":"onbackorder","35":"featured","36":"taxable","37":"shipping-taxable","38":"purchasable","39":"product-type-variable","40":"has-default-attributes"},"acf":[],"brands":[{"id":82,"name":"Varier","slug":"varier"}],"_links":{"self":[{"href":"https:\/\/sitz.ch\/fr\/wp-json\/wp\/v2\/product\/152914","targetHints":{"allow":["GET"]}}],"collection":[{"href":"https:\/\/sitz.ch\/fr\/wp-json\/wp\/v2\/product"}],"about":[{"href":"https:\/\/sitz.ch\/fr\/wp-json\/wp\/v2\/types\/product"}],"replies":[{"embeddable":true,"href":"https:\/\/sitz.ch\/fr\/wp-json\/wp\/v2\/comments?post=152914"}],"version-history":[{"count":0,"href":"https:\/\/sitz.ch\/fr\/wp-json\/wp\/v2\/product\/152914\/revisions"}],"wp:featuredmedia":[{"embeddable":true,"href":"https:\/\/sitz.ch\/fr\/wp-json\/wp\/v2\/media\/159999"}],"wp:attachment":[{"href":"https:\/\/sitz.ch\/fr\/wp-json\/wp\/v2\/media?parent=152914"}],"wp:term":[{"taxonomy":"pwb-brand","embeddable":true,"href":"https:\/\/sitz.ch\/fr\/wp-json\/wp\/v2\/pwb-brand?post=152914"},{"taxonomy":"product_brand","embeddable":true,"href":"https:\/\/sitz.ch\/fr\/wp-json\/wp\/v2\/product_brand?post=152914"},{"taxonomy":"product_cat","embeddable":true,"href":"https:\/\/sitz.ch\/fr\/wp-json\/wp\/v2\/product_cat?post=152914"},{"taxonomy":"product_tag","embeddable":true,"href":"https:\/\/sitz.ch\/fr\/wp-json\/wp\/v2\/product_tag?post=152914"}],"curies":[{"name":"wp","href":"https:\/\/api.w.org\/{rel}","templated":true}]}}