{"id":153521,"date":"2025-03-13T10:37:27","date_gmt":"2025-03-13T09:37:27","guid":{"rendered":"https:\/\/sitz.ch\/?post_type=product&#038;p=153521"},"modified":"2025-11-23T01:14:57","modified_gmt":"2025-11-23T00:14:57","slug":"ongo-classic-regular-stoff-hellblau-einzelstueck","status":"publish","type":"product","link":"https:\/\/sitz.ch\/fr\/produit\/ongo-classic-regular-stoff-hellblau-einzelstueck\/","title":{"rendered":"Ongo Classic regular Stoff hellblau Einzelst\u00fcck"},"content":{"rendered":"<p>Wir aktualisieren unsere Ausstellung und verkaufen einen Teil unserer Ausstellungsst\u00fccke. Nutzen Sie die Gelegenheit und profitieren Sie vom unschlagbaren Preis dieser Einzelst\u00fccke.<\/p>\n<p>&nbsp;<\/p>\n<p>Produkt: Ongo classic<\/p>\n<p>Hersteller: Ongo<br \/>\nBezug: Gestrick (Wollgemisch)<br \/>\nFarbe Bezug: hellblau<br \/>\nH\u00f6he: regular (46 \u2013 66 cm)<br \/>\nUntergestell: Kunststoff weiss<br \/>\nKugelbahn: schwarz<\/p>\n","protected":false},"excerpt":{"rendered":"<p>Wir aktualisieren unsere Ausstellung und verkaufen einen Teil unserer Ausstellungsst\u00fccke. Nutzen Sie die Gelegenheit und profitieren Sie vom unschlagbaren Preis dieser Einzelst\u00fccke. &nbsp; Produkt: Ongo classic Hersteller: Ongo Bezug: Gestrick (Wollgemisch) Farbe Bezug: hellblau H\u00f6he: regular (46 \u2013 66 cm) Untergestell: Kunststoff weiss Kugelbahn: schwarz<\/p>\n","protected":false},"featured_media":153234,"comment_status":"open","ping_status":"closed","template":"","meta":{"_acf_changed":false},"pwb-brand":[88],"product_brand":[],"product_cat":[75],"product_tag":[],"class_list":{"0":"post-153521","1":"product","2":"type-product","3":"status-publish","4":"has-post-thumbnail","6":"pwb-brand-ongo","7":"product_cat-einzelstuecke","8":"tm-has-options","10":"first","11":"outofstock","12":"sale","13":"featured","14":"taxable","15":"shipping-taxable","16":"purchasable","17":"product-type-simple"},"acf":[],"brands":[{"id":88,"name":"Ongo","slug":"ongo"}],"_links":{"self":[{"href":"https:\/\/sitz.ch\/fr\/wp-json\/wp\/v2\/product\/153521","targetHints":{"allow":["GET"]}}],"collection":[{"href":"https:\/\/sitz.ch\/fr\/wp-json\/wp\/v2\/product"}],"about":[{"href":"https:\/\/sitz.ch\/fr\/wp-json\/wp\/v2\/types\/product"}],"replies":[{"embeddable":true,"href":"https:\/\/sitz.ch\/fr\/wp-json\/wp\/v2\/comments?post=153521"}],"version-history":[{"count":2,"href":"https:\/\/sitz.ch\/fr\/wp-json\/wp\/v2\/product\/153521\/revisions"}],"predecessor-version":[{"id":153523,"href":"https:\/\/sitz.ch\/fr\/wp-json\/wp\/v2\/product\/153521\/revisions\/153523"}],"wp:featuredmedia":[{"embeddable":true,"href":"https:\/\/sitz.ch\/fr\/wp-json\/wp\/v2\/media\/153234"}],"wp:attachment":[{"href":"https:\/\/sitz.ch\/fr\/wp-json\/wp\/v2\/media?parent=153521"}],"wp:term":[{"taxonomy":"pwb-brand","embeddable":true,"href":"https:\/\/sitz.ch\/fr\/wp-json\/wp\/v2\/pwb-brand?post=153521"},{"taxonomy":"product_brand","embeddable":true,"href":"https:\/\/sitz.ch\/fr\/wp-json\/wp\/v2\/product_brand?post=153521"},{"taxonomy":"product_cat","embeddable":true,"href":"https:\/\/sitz.ch\/fr\/wp-json\/wp\/v2\/product_cat?post=153521"},{"taxonomy":"product_tag","embeddable":true,"href":"https:\/\/sitz.ch\/fr\/wp-json\/wp\/v2\/product_tag?post=153521"}],"curies":[{"name":"wp","href":"https:\/\/api.w.org\/{rel}","templated":true}]}}