{"id":155354,"date":"2025-03-18T18:23:17","date_gmt":"2025-03-18T17:23:17","guid":{"rendered":"https:\/\/sitz.ch\/produkt\/loeffler-fg-19-chaise-de-bureau\/"},"modified":"2025-03-18T18:23:17","modified_gmt":"2025-03-18T17:23:17","slug":"loeffler-fg-19-chaise-de-bureau","status":"publish","type":"product","link":"https:\/\/sitz.ch\/fr\/produit\/loeffler-fg-19-chaise-de-bureau\/","title":{"rendered":"L\u00f6ffler FG 19 Chaise de bureau"},"content":{"rendered":"<p>\u00c0 partir de 5 pi\u00e8ces, d&rsquo;autres couleurs que le tissu noir peuvent \u00e9galement \u00eatre command\u00e9es.<\/p>\n","protected":false},"excerpt":{"rendered":"<p>\u00c0 partir de 5 pi\u00e8ces, d&rsquo;autres couleurs que le tissu noir peuvent \u00e9galement \u00eatre command\u00e9es.<\/p>\n","protected":false},"featured_media":153747,"comment_status":"open","ping_status":"closed","template":"","meta":{"_acf_changed":false},"pwb-brand":[162],"product_brand":[],"product_cat":[190,613,193],"product_tag":[593],"class_list":{"0":"post-155354","1":"product","2":"type-product","3":"status-publish","4":"has-post-thumbnail","6":"pwb-brand-loeffler","7":"product_cat-chaises-de-bureau","8":"product_cat-30-ans-de-garantie","9":"product_cat-chaise-de-bureau-classique","10":"product_tag-bulkdiscount_20-30-40-fr","11":"pa_bezug-tissu-noir-essential-a30","12":"tm-has-options","14":"first","15":"outofstock","16":"featured","17":"taxable","18":"shipping-taxable","19":"purchasable","20":"product-type-variable","21":"has-default-attributes"},"acf":[],"brands":[{"id":162,"name":"L\u00f6ffler","slug":"loeffler"}],"_links":{"self":[{"href":"https:\/\/sitz.ch\/fr\/wp-json\/wp\/v2\/product\/155354","targetHints":{"allow":["GET"]}}],"collection":[{"href":"https:\/\/sitz.ch\/fr\/wp-json\/wp\/v2\/product"}],"about":[{"href":"https:\/\/sitz.ch\/fr\/wp-json\/wp\/v2\/types\/product"}],"replies":[{"embeddable":true,"href":"https:\/\/sitz.ch\/fr\/wp-json\/wp\/v2\/comments?post=155354"}],"version-history":[{"count":0,"href":"https:\/\/sitz.ch\/fr\/wp-json\/wp\/v2\/product\/155354\/revisions"}],"wp:featuredmedia":[{"embeddable":true,"href":"https:\/\/sitz.ch\/fr\/wp-json\/wp\/v2\/media\/153747"}],"wp:attachment":[{"href":"https:\/\/sitz.ch\/fr\/wp-json\/wp\/v2\/media?parent=155354"}],"wp:term":[{"taxonomy":"pwb-brand","embeddable":true,"href":"https:\/\/sitz.ch\/fr\/wp-json\/wp\/v2\/pwb-brand?post=155354"},{"taxonomy":"product_brand","embeddable":true,"href":"https:\/\/sitz.ch\/fr\/wp-json\/wp\/v2\/product_brand?post=155354"},{"taxonomy":"product_cat","embeddable":true,"href":"https:\/\/sitz.ch\/fr\/wp-json\/wp\/v2\/product_cat?post=155354"},{"taxonomy":"product_tag","embeddable":true,"href":"https:\/\/sitz.ch\/fr\/wp-json\/wp\/v2\/product_tag?post=155354"}],"curies":[{"name":"wp","href":"https:\/\/api.w.org\/{rel}","templated":true}]}}