{"id":197951,"date":"2016-11-11T23:32:15","date_gmt":"2016-11-11T22:32:15","guid":{"rendered":"https:\/\/sitz.ch\/produkt\/contour-rollermouse-red\/"},"modified":"2016-11-11T23:32:15","modified_gmt":"2016-11-11T22:32:15","slug":"contour-rollermouse-red","status":"publish","type":"product","link":"https:\/\/sitz.ch\/fr\/produit\/contour-rollermouse-red\/","title":{"rendered":"Contour RollerMouse Red"},"content":{"rendered":"<p>L\u2019\u00e9volution de la RollerMouse est arriv\u00e9e : la&nbsp;<strong>RollerMouse Red.<\/strong><br \/>\nLa barre roulante de navigation a un&nbsp;<strong>diam\u00e8tre plus grand&nbsp;<\/strong>et n\u00e9cessite&nbsp;<strong>moins de pression<\/strong> pour cliquer. La Red est&nbsp;<strong>pr\u00e9cise, rapide et confortable.<\/strong><\/p>\n<p>La RollerMouse est une solution innovante pour la commande de la souris. La souris se place sous le centre du clavier et peut \u00eatre utilis\u00e9e par les deux mains. <strong>La navigation s\u2019effectue via la barre roulante<\/strong>, qui permet des mouvements sur l\u2019\u00e9cran dans toutes les directions. La barre roulante de 18 cm de large offre un espace confortable pour tous les doigts des deux mains, \u00e9vitant ainsi une sollicitation unilat\u00e9rale de la \u00ab main de la souris \u00bb.<\/p>\n<p>La RollerMouse Red dispose de&nbsp;<strong>cinq touches suppl\u00e9mentaires<\/strong>&nbsp;pour le clic gauche, le clic droit et le double-clic, ainsi que pour \u00ab copier \u00bb et \u00ab coller \u00bb. Une sixi\u00e8me touche permet de r\u00e9gler la vitesse du pointeur et le niveau sonore du clic. La molette de d\u00e9filement centrale est extra large.<\/p>\n<p>La RollerMouse Red est fabriqu\u00e9e en aluminium de haute qualit\u00e9 et est dot\u00e9e d\u2019un&nbsp;<strong>repose-poignet amovible<\/strong>&nbsp;en similicuir.<\/p>\n<p><strong>Dimensions<\/strong> : 41 x 2.3 x 10 cm (l x h x p). Poids : 840 g.<\/p>\n<p>Avantages<\/p>\n<ul>\n<li>Raccordement simple via c\u00e2ble USB.<\/li>\n<li>Pas de pilotes, simplement plug-and-play.<\/li>\n<li>Compatible avec OSX et Windows.<\/li>\n<li>Fabriqu\u00e9e en aluminium de haute qualit\u00e9.<\/li>\n<li>Barre roulante large pour une utilisation pr\u00e9cise avec peu de mouvements.<\/li>\n<li>Vitesse du curseur r\u00e9glable sur 5 niveaux de 800 \u00e0 2400 dpi.<\/li>\n<li>Repose-paumes rembourr\u00e9s en similicuir, amovibles.<\/li>\n<li>Utilisation avec des claviers \u00e0 bord inf\u00e9rieur droit<\/li>\n<\/ul>\n","protected":false},"excerpt":{"rendered":"<p>L\u2019\u00e9volution de la RollerMouse est arriv\u00e9e : la&nbsp;RollerMouse Red. La barre roulante de navigation a un&nbsp;diam\u00e8tre plus grand&nbsp;et n\u00e9cessite&nbsp;moins de pression pour cliquer. La Red est&nbsp;pr\u00e9cise, rapide et confortable. La RollerMouse est une solution innovante pour la commande de la souris. La souris se place sous le centre du clavier et peut \u00eatre utilis\u00e9e par [&hellip;]<\/p>\n","protected":false},"featured_media":137957,"comment_status":"open","ping_status":"closed","template":"","meta":{"_acf_changed":false},"pwb-brand":[],"product_brand":[],"product_cat":[268,272],"product_tag":[],"class_list":{"0":"post-197951","1":"product","2":"type-product","3":"status-publish","4":"has-post-thumbnail","6":"product_cat-accessoires-ergonomiques","7":"product_cat-souris-ergonomiques","8":"tm-has-styled-variations","9":"tm-has-options","11":"first","12":"instock","13":"featured","14":"taxable","15":"shipping-taxable","16":"purchasable","17":"product-type-variable","18":"has-default-attributes"},"acf":[],"brands":[],"_links":{"self":[{"href":"https:\/\/sitz.ch\/fr\/wp-json\/wp\/v2\/product\/197951","targetHints":{"allow":["GET"]}}],"collection":[{"href":"https:\/\/sitz.ch\/fr\/wp-json\/wp\/v2\/product"}],"about":[{"href":"https:\/\/sitz.ch\/fr\/wp-json\/wp\/v2\/types\/product"}],"replies":[{"embeddable":true,"href":"https:\/\/sitz.ch\/fr\/wp-json\/wp\/v2\/comments?post=197951"}],"version-history":[{"count":0,"href":"https:\/\/sitz.ch\/fr\/wp-json\/wp\/v2\/product\/197951\/revisions"}],"wp:featuredmedia":[{"embeddable":true,"href":"https:\/\/sitz.ch\/fr\/wp-json\/wp\/v2\/media\/137957"}],"wp:attachment":[{"href":"https:\/\/sitz.ch\/fr\/wp-json\/wp\/v2\/media?parent=197951"}],"wp:term":[{"taxonomy":"pwb-brand","embeddable":true,"href":"https:\/\/sitz.ch\/fr\/wp-json\/wp\/v2\/pwb-brand?post=197951"},{"taxonomy":"product_brand","embeddable":true,"href":"https:\/\/sitz.ch\/fr\/wp-json\/wp\/v2\/product_brand?post=197951"},{"taxonomy":"product_cat","embeddable":true,"href":"https:\/\/sitz.ch\/fr\/wp-json\/wp\/v2\/product_cat?post=197951"},{"taxonomy":"product_tag","embeddable":true,"href":"https:\/\/sitz.ch\/fr\/wp-json\/wp\/v2\/product_tag?post=197951"}],"curies":[{"name":"wp","href":"https:\/\/api.w.org\/{rel}","templated":true}]}}