{"id":144913,"date":"2019-10-07T17:35:32","date_gmt":"2019-10-07T15:35:32","guid":{"rendered":"https:\/\/sitz.ch\/contatto\/domande-risposte\/"},"modified":"2025-01-15T16:38:27","modified_gmt":"2025-01-15T15:38:27","slug":"domande-risposte","status":"publish","type":"page","link":"https:\/\/sitz.ch\/it\/contatto\/domande-risposte\/","title":{"rendered":"Domande &#038; Risposte"},"content":{"rendered":"\t\t<div data-elementor-type=\"wp-page\" data-elementor-id=\"144913\" class=\"elementor elementor-144913 elementor-105\" data-elementor-post-type=\"page\">\n\t\t\t\t<section class=\"elementor-element elementor-element-968cfe5 e-flex e-con-boxed e-con e-parent\" data-id=\"968cfe5\" data-element_type=\"container\" data-e-type=\"container\">\n\t\t\t\t\t<div class=\"e-con-inner\">\n\t\t\t\t<div class=\"elementor-element elementor-element-4acf123 elementor-widget elementor-widget-text-editor\" data-id=\"4acf123\" data-element_type=\"widget\" data-e-type=\"widget\" data-widget_type=\"text-editor.default\">\n\t\t\t\t<div class=\"elementor-widget-container\">\n\t\t\t\t\t\t\t\t\t<p><b>Quanto dura la garanzia del mio prodotto?<\/b><br \/>Offriamo almeno 2 anni di garanzia su tutti i prodotti. La durata della garanzia varia a seconda del prodotto. La garanzia originale con tutte le informazioni necessarie \u00e8 inclusa con il prodotto. La bolla di consegna funziona anche come certificato di garanzia &#8211; il periodo di garanzia inizia quindi dal momento della consegna.<\/p>\n<p><b>Posso accelerare il processo di pagamento con pagamento anticipato se invio subito una prova di pagamento?<\/b><br \/>Un ordine con pagamento anticipato viene avviato una volta che il pagamento \u00e8 stato registrato. Non \u00e8 possibile accelerare questo processo.<\/p>\n<p><b>Ho fatto un ordine con pagamento anticipato, non l&#8217;ho ancora pagato e voglio sostituire l&#8217;articolo.<\/b><br \/>Purtroppo non possiamo modificare gli ordini o scambiare articoli successivamente. Tuttavia, se non hai ancora effettuato il pagamento, possiamo naturalmente annullare l&#8217;ordine in modo che tu possa ordinare nuovamente l&#8217;articolo desiderato.<\/p>\n<p><b>Perch\u00e9 non ricevo e-mail da sitz.ch?<\/b><br \/>Controlla nella tua casella email cartelle come &#8220;Promozioni&#8221;, Spam o Posta indesiderata. Con molti fornitori di posta elettronica, puoi assicurarti che le email future arrivino nella cartella giusta spostando una volta il messaggio nella Posta in arrivo o aggiungendo l&#8217;indirizzo email del mittente a una &#8220;lista sicura&#8221;.<\/p>\n<p><b>Non ho ancora ricevuto la consegna, cosa posso fare?<br \/><\/b>Nel tuo account cliente \u00e8 indicato lo stato dell&#8217;ordine. Lo stato &#8220;Pagamento in sospeso&#8221; significa che il pagamento non \u00e8 stato ancora registrato. Per favore verifica che il pagamento sia stato effettuato correttamente. Lo stato &#8220;In lavorazione&#8221; significa che l&#8217;ordine \u00e8 stato trasmesso al fornitore. Saremo lieti di verificare la data di consegna con il servizio clienti presso il fornitore per te.<\/p>\n<p><b>Quanto tempo ci vuole per la consegna?<br \/><\/b>I prodotti disponibili a magazzino vengono solitamente consegnati entro 1-2 giorni lavorativi dall&#8217;avvenuto pagamento.<\/p>\n<p><b>Ho ordinato pi\u00f9 articoli. Perch\u00e9 non \u00e8 arrivato tutto in un pacco?<br \/><\/b>A seconda della disponibilit\u00e0 degli articoli, potrebbero esserci consegne parziali.<\/p>\n<p><b>Posso acquistare direttamente in uno showroom?<br \/><\/b>S\u00ec, puoi venire nel nostro showroom a Zurigo-Oerlikon e acquistare i prodotti disponibili a magazzino. Il nostro team in loco \u00e8 a tua disposizione per gli ordini.<\/p>\n<p><b>Cosa succede se non sono a casa? La consegna verr\u00e0 portata all&#8217;interno del mio appartamento?<br \/><\/b>Non lasceremo la consegna davanti alla tua porta. Consegniamo al bordo della strada e per i grandi elettrodomestici la consegna \u00e8 generalmente annunciata.<\/p>\n<p><b>\u00c8 possibile scegliere autonomamente la data di consegna per i grandi elettrodomestici?<br \/><\/b>Di solito, per i grandi elettrodomestici viene fissato un appuntamento telefonico. Le date desiderate vengono prese in considerazione ove possibile.<\/p>\n<p><b>Non riesco pi\u00f9 ad accedere al mio account cliente. Cosa posso fare?<br \/><\/b>Per ricevere una nuova password, clicca su &#8220;Password dimenticata&#8221; nell&#8217;area di login sotto &#8220;Il mio account&#8221;. Inserisci l&#8217;indirizzo email associato al tuo account cliente. Riceverai immediatamente un&#8217;email con un link per modificare la password.<\/p>\n<p><b>Posso modificare da solo il mio indirizzo e i miei dati utente?<br \/><\/b>Gli indirizzi possono essere modificati in &#8220;Il mio account&#8221;. Importante: una volta che l&#8217;ordine \u00e8 stato effettuato e desideri modificare un indirizzo successivamente, contatta il servizio clienti.<\/p>\n<p><b>Posso annullare il mio ordine online?<br \/><\/b>L&#8217;annullamento dell&#8217;ordine pu\u00f2 essere effettuato solo attraverso il nostro servizio clienti.<\/p>\n\t\t\t\t\t\t\t\t<\/div>\n\t\t\t\t<\/div>\n\t\t\t\t\t<\/div>\n\t\t\t\t<\/section>\n\t\t\t\t<\/div>\n\t\t","protected":false},"excerpt":{"rendered":"<p>Quanto dura la garanzia del mio prodotto?Offriamo almeno 2 anni di garanzia su tutti i prodotti. La durata della garanzia varia a seconda del prodotto. La garanzia originale con tutte le informazioni necessarie \u00e8 inclusa con il prodotto. La bolla di consegna funziona anche come certificato di garanzia &#8211; il periodo di garanzia inizia quindi [&hellip;]<\/p>\n","protected":false},"author":1,"featured_media":0,"parent":144911,"menu_order":0,"comment_status":"closed","ping_status":"closed","template":"","meta":{"_acf_changed":false,"footnotes":""},"class_list":["post-144913","page","type-page","status-publish","hentry"],"acf":[],"_links":{"self":[{"href":"https:\/\/sitz.ch\/it\/wp-json\/wp\/v2\/pages\/144913","targetHints":{"allow":["GET"]}}],"collection":[{"href":"https:\/\/sitz.ch\/it\/wp-json\/wp\/v2\/pages"}],"about":[{"href":"https:\/\/sitz.ch\/it\/wp-json\/wp\/v2\/types\/page"}],"author":[{"embeddable":true,"href":"https:\/\/sitz.ch\/it\/wp-json\/wp\/v2\/users\/1"}],"replies":[{"embeddable":true,"href":"https:\/\/sitz.ch\/it\/wp-json\/wp\/v2\/comments?post=144913"}],"version-history":[{"count":1,"href":"https:\/\/sitz.ch\/it\/wp-json\/wp\/v2\/pages\/144913\/revisions"}],"predecessor-version":[{"id":144914,"href":"https:\/\/sitz.ch\/it\/wp-json\/wp\/v2\/pages\/144913\/revisions\/144914"}],"up":[{"embeddable":true,"href":"https:\/\/sitz.ch\/it\/wp-json\/wp\/v2\/pages\/144911"}],"wp:attachment":[{"href":"https:\/\/sitz.ch\/it\/wp-json\/wp\/v2\/media?parent=144913"}],"curies":[{"name":"wp","href":"https:\/\/api.w.org\/{rel}","templated":true}]}}