{"id":144931,"date":"2019-10-07T17:35:00","date_gmt":"2019-10-07T15:35:00","guid":{"rendered":"https:\/\/sitz.ch\/servizio\/spedizione-consegna\/"},"modified":"2025-01-15T16:56:50","modified_gmt":"2025-01-15T15:56:50","slug":"spedizione-consegna","status":"publish","type":"page","link":"https:\/\/sitz.ch\/it\/servizio\/spedizione-consegna\/","title":{"rendered":"Spedizione &#038; Consegna"},"content":{"rendered":"\t\t<div data-elementor-type=\"wp-page\" data-elementor-id=\"144931\" class=\"elementor elementor-144931 elementor-101\" data-elementor-post-type=\"page\">\n\t\t\t\t<section class=\"elementor-element elementor-element-158d643 e-flex e-con-boxed e-con e-parent\" data-id=\"158d643\" data-element_type=\"container\" data-e-type=\"container\">\n\t\t\t\t\t<div class=\"e-con-inner\">\n\t\t\t\t<div class=\"elementor-element elementor-element-cb41636 elementor-widget elementor-widget-heading\" data-id=\"cb41636\" data-element_type=\"widget\" data-e-type=\"widget\" data-widget_type=\"heading.default\">\n\t\t\t\t<div class=\"elementor-widget-container\">\n\t\t\t\t\t<h2 class=\"elementor-heading-title elementor-size-default\">Tempo di consegna<\/h2>\t\t\t\t<\/div>\n\t\t\t\t<\/div>\n\t\t\t\t<div class=\"elementor-element elementor-element-e1e3cc7 elementor-widget elementor-widget-text-editor\" data-id=\"e1e3cc7\" data-element_type=\"widget\" data-e-type=\"widget\" data-widget_type=\"text-editor.default\">\n\t\t\t\t<div class=\"elementor-widget-container\">\n\t\t\t\t\t\t\t\t\t<p>Tutti gli ordini ricevuti entro le 16:00 (dal luned\u00ec al venerd\u00ec) vengono spediti lo stesso giorno e di solito arrivano al mattino del giorno lavorativo successivo all&#8217;indirizzo di consegna. Per i clienti aziendali, consegniamo solo dal luned\u00ec al venerd\u00ec. Per i clienti privati, la consegna pu\u00f2 avvenire anche di sabato a seconda della regione.<\/p>\n\t\t\t\t\t\t\t\t<\/div>\n\t\t\t\t<\/div>\n\t\t\t\t<div class=\"elementor-element elementor-element-6d89908 elementor-widget elementor-widget-heading\" data-id=\"6d89908\" data-element_type=\"widget\" data-e-type=\"widget\" data-widget_type=\"heading.default\">\n\t\t\t\t<div class=\"elementor-widget-container\">\n\t\t\t\t\t<h2 class=\"elementor-heading-title elementor-size-default\">Costi di spedizione<\/h2>\t\t\t\t<\/div>\n\t\t\t\t<\/div>\n\t\t\t\t<div class=\"elementor-element elementor-element-67df11d elementor-widget elementor-widget-text-editor\" data-id=\"67df11d\" data-element_type=\"widget\" data-e-type=\"widget\" data-widget_type=\"text-editor.default\">\n\t\t\t\t<div class=\"elementor-widget-container\">\n\t\t\t\t\t\t\t\t\t<div class=\"vc_row wpb_row row top-row\">\n<div class=\"vc_column_container col-md-12\">\n<div class=\"wpb_wrapper vc_column-inner\">\n<div class=\"wpb_text_column wpb_content_element  vc_custom_1579552055799\">\n<div class=\"wpb_wrapper\">\n<p>La spedizione di un ordine a casa tua o a un indirizzo di consegna specificato \u00e8 gratuita per ordini a partire da CHF 350.\u2013. Per ordini inferiori a CHF 350.\u2013 ci sono costi di spedizione di CHF 12.-. Ritirando direttamente non ci sono costi di consegna. <a href=\"https:\/\/sitz.ch\/it\/servizio\/configurazione-installazione\/\">Montaggi<\/a>, <a href=\"https:\/\/sitz.ch\/it\/consulenza\/\">consulenza<\/a> o <a href=\"https:\/\/sitz.ch\/it\/servizio\/reso\/\">ritiro<\/a> di vecchi prodotti o materiali di imballaggio non sono inclusi.<\/p>\n<\/div>\n<\/div>\n<\/div>\n<\/div>\n<\/div>\n\t\t\t\t\t\t\t\t<\/div>\n\t\t\t\t<\/div>\n\t\t\t\t<div class=\"elementor-element elementor-element-ac9c5d4 elementor-widget elementor-widget-heading\" data-id=\"ac9c5d4\" data-element_type=\"widget\" data-e-type=\"widget\" data-widget_type=\"heading.default\">\n\t\t\t\t<div class=\"elementor-widget-container\">\n\t\t\t\t\t<h2 class=\"elementor-heading-title elementor-size-default\">Consegna all'estero<\/h2>\t\t\t\t<\/div>\n\t\t\t\t<\/div>\n\t\t\t\t<div class=\"elementor-element elementor-element-89b3348 elementor-widget elementor-widget-text-editor\" data-id=\"89b3348\" data-element_type=\"widget\" data-e-type=\"widget\" data-widget_type=\"text-editor.default\">\n\t\t\t\t<div class=\"elementor-widget-container\">\n\t\t\t\t\t\t\t\t\t<p>Consegniamo solo in Svizzera e Liechtenstein.<\/p>\n\t\t\t\t\t\t\t\t<\/div>\n\t\t\t\t<\/div>\n\t\t\t\t<div class=\"elementor-element elementor-element-3ee4463 elementor-widget elementor-widget-heading\" data-id=\"3ee4463\" data-element_type=\"widget\" data-e-type=\"widget\" data-widget_type=\"heading.default\">\n\t\t\t\t<div class=\"elementor-widget-container\">\n\t\t\t\t\t<h2 class=\"elementor-heading-title elementor-size-default\">Consegna di prodotti pesanti<\/h2>\t\t\t\t<\/div>\n\t\t\t\t<\/div>\n\t\t\t\t<div class=\"elementor-element elementor-element-fbb7849 elementor-widget elementor-widget-text-editor\" data-id=\"fbb7849\" data-element_type=\"widget\" data-e-type=\"widget\" data-widget_type=\"text-editor.default\">\n\t\t\t\t<div class=\"elementor-widget-container\">\n\t\t\t\t\t\t\t\t\t<p>Per i prodotti pesanti, ti contatteremo dopo l&#8217;ordine per poterli trasportare fino alla posizione desiderata.<\/p>\n\t\t\t\t\t\t\t\t<\/div>\n\t\t\t\t<\/div>\n\t\t\t\t<div class=\"elementor-element elementor-element-dff54e3 elementor-widget elementor-widget-heading\" data-id=\"dff54e3\" data-element_type=\"widget\" data-e-type=\"widget\" data-widget_type=\"heading.default\">\n\t\t\t\t<div class=\"elementor-widget-container\">\n\t\t\t\t\t<h2 class=\"elementor-heading-title elementor-size-default\">Danni da trasporto<\/h2>\t\t\t\t<\/div>\n\t\t\t\t<\/div>\n\t\t\t\t<div class=\"elementor-element elementor-element-18771c7 elementor-widget elementor-widget-text-editor\" data-id=\"18771c7\" data-element_type=\"widget\" data-e-type=\"widget\" data-widget_type=\"text-editor.default\">\n\t\t\t\t<div class=\"elementor-widget-container\">\n\t\t\t\t\t\t\t\t\t<p>Per favore, controlla attentamente il pacco al ricevimento e segnalaci immediatamente eventuali danni.<\/p>\n\t\t\t\t\t\t\t\t<\/div>\n\t\t\t\t<\/div>\n\t\t\t\t<div class=\"elementor-element elementor-element-e6575a4 elementor-widget elementor-widget-heading\" data-id=\"e6575a4\" data-element_type=\"widget\" data-e-type=\"widget\" data-widget_type=\"heading.default\">\n\t\t\t\t<div class=\"elementor-widget-container\">\n\t\t\t\t\t<h2 class=\"elementor-heading-title elementor-size-default\">Ritiro<\/h2>\t\t\t\t<\/div>\n\t\t\t\t<\/div>\n\t\t\t\t<div class=\"elementor-element elementor-element-1fc179c elementor-widget elementor-widget-text-editor\" data-id=\"1fc179c\" data-element_type=\"widget\" data-e-type=\"widget\" data-widget_type=\"text-editor.default\">\n\t\t\t\t<div class=\"elementor-widget-container\">\n\t\t\t\t\t\t\t\t\t<p>Tutti i prodotti ordinati possono essere ritirati da noi a Zurigo-Oerlikon, indipendentemente dalle dimensioni e dal peso. Per gli ordini gi\u00e0 pagati, per motivi di sicurezza, chiediamo un documento d&#8217;identit\u00e0 valido. Assicurati che il tuo veicolo sia abbastanza grande da poter trasportare i prodotti. Trovi la posizione del nostro negozio e gli orari di apertura <a href=\"https:\/\/sitz.ch\/it\/contatto\/\">qui<\/a>.<\/p>\n\t\t\t\t\t\t\t\t<\/div>\n\t\t\t\t<\/div>\n\t\t\t\t<div class=\"elementor-element elementor-element-d905c84 elementor-widget elementor-widget-heading\" data-id=\"d905c84\" data-element_type=\"widget\" data-e-type=\"widget\" data-widget_type=\"heading.default\">\n\t\t\t\t<div class=\"elementor-widget-container\">\n\t\t\t\t\t<h2 class=\"elementor-heading-title elementor-size-default\">Installazione\/Montaggio<\/h2>\t\t\t\t<\/div>\n\t\t\t\t<\/div>\n\t\t\t\t<div class=\"elementor-element elementor-element-1e0b89b elementor-widget elementor-widget-text-editor\" data-id=\"1e0b89b\" data-element_type=\"widget\" data-e-type=\"widget\" data-widget_type=\"text-editor.default\">\n\t\t\t\t<div class=\"elementor-widget-container\">\n\t\t\t\t\t\t\t\t\t<div class=\"vc_row wpb_row row top-row\">\n<div class=\"vc_column_container col-md-12\">\n<div class=\"wpb_wrapper vc_column-inner\">\n<div class=\"wpb_text_column wpb_content_element vc_custom_1579552066566\">\n<div class=\"wpb_wrapper\">\n<p>Hai bisogno di aiuto per l&#8217;installazione? <a href=\"https:\/\/sitz.ch\/it\/servizio\/configurazione-installazione\/\">Guarda qui<\/a>.<\/p>\n<\/div>\n<\/div>\n<\/div>\n<\/div>\n<\/div>\n\t\t\t\t\t\t\t\t<\/div>\n\t\t\t\t<\/div>\n\t\t\t\t<div class=\"elementor-element elementor-element-542b432 elementor-widget elementor-widget-heading\" data-id=\"542b432\" data-element_type=\"widget\" data-e-type=\"widget\" data-widget_type=\"heading.default\">\n\t\t\t\t<div class=\"elementor-widget-container\">\n\t\t\t\t\t<h2 class=\"elementor-heading-title elementor-size-default\">Deposito dei pacchi<\/h2>\t\t\t\t<\/div>\n\t\t\t\t<\/div>\n\t\t\t\t<div class=\"elementor-element elementor-element-fca4996 elementor-widget elementor-widget-text-editor\" data-id=\"fca4996\" data-element_type=\"widget\" data-e-type=\"widget\" data-widget_type=\"text-editor.default\">\n\t\t\t\t<div class=\"elementor-widget-container\">\n\t\t\t\t\t\t\t\t\t<p>Se sei assente, i pacchi vengono ritirati da DHL e consegnati il giorno successivo. Riceverai un avviso di ritiro nella tua cassetta postale. Per qualsiasi domanda, puoi contattare direttamente la posta per telefono o via e-mail (Tel. 0848 888 888, Mail kundendienst@post.ch).<\/p>\n\t\t\t\t\t\t\t\t<\/div>\n\t\t\t\t<\/div>\n\t\t\t\t\t<\/div>\n\t\t\t\t<\/section>\n\t\t\t\t<\/div>\n\t\t","protected":false},"excerpt":{"rendered":"<p>Tempo di consegna Tutti gli ordini ricevuti entro le 16:00 (dal luned\u00ec al venerd\u00ec) vengono spediti lo stesso giorno e di solito arrivano al mattino del giorno lavorativo successivo all&#8217;indirizzo di consegna. Per i clienti aziendali, consegniamo solo dal luned\u00ec al venerd\u00ec. Per i clienti privati, la consegna pu\u00f2 avvenire anche di sabato a seconda [&hellip;]<\/p>\n","protected":false},"author":1,"featured_media":0,"parent":144917,"menu_order":0,"comment_status":"closed","ping_status":"closed","template":"","meta":{"_acf_changed":false,"footnotes":""},"class_list":["post-144931","page","type-page","status-publish","hentry"],"acf":[],"_links":{"self":[{"href":"https:\/\/sitz.ch\/it\/wp-json\/wp\/v2\/pages\/144931","targetHints":{"allow":["GET"]}}],"collection":[{"href":"https:\/\/sitz.ch\/it\/wp-json\/wp\/v2\/pages"}],"about":[{"href":"https:\/\/sitz.ch\/it\/wp-json\/wp\/v2\/types\/page"}],"author":[{"embeddable":true,"href":"https:\/\/sitz.ch\/it\/wp-json\/wp\/v2\/users\/1"}],"replies":[{"embeddable":true,"href":"https:\/\/sitz.ch\/it\/wp-json\/wp\/v2\/comments?post=144931"}],"version-history":[{"count":1,"href":"https:\/\/sitz.ch\/it\/wp-json\/wp\/v2\/pages\/144931\/revisions"}],"predecessor-version":[{"id":144932,"href":"https:\/\/sitz.ch\/it\/wp-json\/wp\/v2\/pages\/144931\/revisions\/144932"}],"up":[{"embeddable":true,"href":"https:\/\/sitz.ch\/it\/wp-json\/wp\/v2\/pages\/144917"}],"wp:attachment":[{"href":"https:\/\/sitz.ch\/it\/wp-json\/wp\/v2\/media?parent=144931"}],"curies":[{"name":"wp","href":"https:\/\/api.w.org\/{rel}","templated":true}]}}