{"id":144943,"date":"2019-10-13T23:03:22","date_gmt":"2019-10-13T21:03:22","guid":{"rendered":"https:\/\/sitz.ch\/impresa\/termini-condizioni\/"},"modified":"2025-01-15T17:09:10","modified_gmt":"2025-01-15T16:09:10","slug":"cgc","status":"publish","type":"page","link":"https:\/\/sitz.ch\/it\/impresa\/cgc\/","title":{"rendered":"Condizioni generali di contratto (CGC)"},"content":{"rendered":"\t\t<div data-elementor-type=\"wp-page\" data-elementor-id=\"144943\" class=\"elementor elementor-144943 elementor-169\" data-elementor-post-type=\"page\">\n\t\t\t\t<section class=\"elementor-element elementor-element-280ac4a e-flex e-con-boxed e-con e-parent\" data-id=\"280ac4a\" data-element_type=\"container\" data-e-type=\"container\">\n\t\t\t\t\t<div class=\"e-con-inner\">\n\t\t\t\t<div class=\"elementor-element elementor-element-d658d6d elementor-widget elementor-widget-text-editor\" data-id=\"d658d6d\" data-element_type=\"widget\" data-e-type=\"widget\" data-widget_type=\"text-editor.default\">\n\t\t\t\t<div class=\"elementor-widget-container\">\n\t\t\t\t\t\t\t\t\t<p><strong>\u00a7 1 AMBITO DI APPLICAZIONE<\/strong><br>Per il rapporto commerciale tra il cliente e ErgoPoint GmbH si applicano esclusivamente le seguenti condizioni generali di contratto nella versione valida al momento dell&#8217;ordine. ErgoPoint GmbH non riconosce condizioni differenti del cliente, salvo espressamente accettate per iscritto da ErgoPoint GmbH.<br>ErgoPoint GmbH si riserva il diritto di apportare modifiche e miglioramenti ai propri prodotti in conformit\u00e0 con lo stato della tecnica, in qualsiasi momento e senza preavviso. Errori evidenti come errori di scrittura, calcolo o sommatoria non sono vincolanti. Le variazioni di prezzo sono riservate.<\/p>\r\n<p><strong>\u00a7 2 OFFERTE E PREZZI<\/strong><br>Tutti i prezzi sono espressi in franchi svizzeri (CHF) dalla sede di Zurigo. I prezzi indicati nella nostra conferma d&#8217;ordine possono variare. Aumenti del costo del materiale, nuove o aumentate imposte doganali, costi di trasporto, aumenti salariali, fluttuazioni dei tassi e simili, che sopraggiungono dopo aver fatto un&#8217;offerta o una conferma d&#8217;ordine e che aumentano il costo della merce offerta o venduta, autorizzano una modifica corrispondente del prezzo di acquisto per il cliente. Salvo accordi diversi, tutti i prezzi sono netti, senza alcuna detrazione e non vincolanti per ordini successivi. Se tra la conclusione del contratto e la data di consegna trascorrono pi\u00f9 di tre mesi, si applicano i prezzi validi al momento della consegna.<\/p>\r\n<p>Tutti i prezzi indicati nel totale dell&#8217;ordine sono prezzi di vendita comprensivi dell&#8217;IVA legale. I prezzi possono essere adeguati giornalmente. Viene addebitato il prezzo valido al momento dell&#8217;ordine.<\/p>\r\n<p><strong>\u00a7 3 ORDINE E CONCLUSIONE DEL CONTRATTO<\/strong><br>Effettuando un ordine, il cliente conferma di aver letto e accettato incondizionatamente queste condizioni generali di contratto. Un ordine verbale o scritto si considera accettato se confermato da noi per iscritto. Con l&#8217;ordine scritto o verbale, il cliente accetta le condizioni indicate. Un annullamento dell&#8217;offerta e un ritiro dal contratto da parte del cliente sono esclusi. Dopo la nostra conferma d&#8217;ordine, annullamenti e modifiche dell&#8217;ordine sono possibili solo con il nostro consenso scritto e solo con un costo a carico. La merce ordinata a richiesta deve essere ritirata entro il termine fissato. Alla scadenza di questo periodo, ci riserviamo il diritto di fatturare la merce e addebitare spese di stoccaggio.<br>ErgoPoint GmbH pu\u00f2, in caso di restituzione volontaria di un prodotto (per cortesia) addebitare al cliente fino a CHF 80.00 per costi di gestione, la riduzione di valore del prodotto gi\u00e0 usato, nonch\u00e9 i costi di spedizione. I prodotti non possono essere restituiti senza previo accordo con ErgoPoint GmbH.<br>ErgoPoint GmbH si riserva il diritto di rifiutare un&#8217;offerta a propria discrezione, in particolare se un articolo \u00e8 esaurito o se ErgoPoint non viene pi\u00f9 fornita da un produttore. Accettando un&#8217;offerta, ErgoPoint GmbH si impegna ad accettare l&#8217;ordine del cliente alle condizioni del sito web fino ad esaurimento scorte. In caso di errori di scrittura, stampa e calcolo sul sito web o in forma scritta, ErgoPoint GmbH \u00e8 autorizzata a recedere.<\/p>\r\n<p><strong>\u00a7 4 CONSEGNA<\/strong><br>A meno che non sia diversamente concordato, la consegna avviene dal magazzino e fino ad esaurimento scorte, all&#8217;indirizzo di consegna fornito dal cliente. Tutte le consegne sono a carico del cliente. Ritardi nella consegna non autorizzano il cliente a recedere dal contratto o a richiedere indennizzo per eventuali danni derivanti; le consegne parziali sono consentite.<br>Date fisse richiedono la nostra conferma scritta. Se la merce non viene ritirata, siamo autorizzati, al termine di un termine supplementare scritto di 10 giorni, senza pregiudizio dei nostri diritti legali, a fatturare il prezzo di acquisto, recedere dal contratto o richiedere risarcimento per inadempienza.<\/p>\r\n<p><strong>\u00a7 5 SCADENZA, PAGAMENTO E MORA<\/strong><br>I prezzi si intendono netti, pagabili entro 10 giorni dalla data di fatturazione, salvo diversi accordi. In caso di mora, ci riserviamo il diritto di addebitare senza preavviso l&#8217;interesse di mora del 5%. I termini di pagamento devono essere rispettati anche se il trasporto, la consegna, il montaggio, l&#8217;installazione o l&#8217;accettazione della consegna sono ritardati o impossibilitati per motivi non imputabili a ErgoPoint. Deductions non autorizzate verranno riaddebitate. Siamo generalmente autorizzati a subordinare qualsiasi consegna al pagamento anticipato del prezzo di acquisto e dei costi di spedizione. Ci riserviamo il diritto di recedere dal contratto in caso di comportamento contrario al contratto da parte del cliente, in particolare in caso di mora nei pagamenti, e di richiedere la restituzione della merce. Lo stesso vale se ci vengono a conoscenza circostanze successive che mettono in dubbio la solvibilit\u00e0 del cliente. In questo caso siamo autorizzati a subordinare le consegne ancora in sospeso a ragionevoli garanzie. I costi di sollecito verranno addebitati con CHF 30.-.<\/p>\r\n<p><strong>\u00a7 6 RISERVA DI PROPRIET\u00c0<\/strong><br>Fino al completo pagamento di tutte le fatture, la merce consegnata rimane di nostra propriet\u00e0. Se la merce consegnata viene venduta, lavorata o trasformata, il cliente cede gi\u00e0 ora i crediti derivanti nei confronti del compratore con tutti i diritti accessori a ErgoPoint GmbH.<\/p>\r\n<p><strong>\u00a7 7 OFFERTA, PIANI E DOCUMENTI TECNICI<\/strong><br>Brochure e cataloghi non sono vincolanti in assenza di accordi diversi. Piani, progetti, disegni, guide all&#8217;ergonomia di ErgoPoint, checklist e altri documenti d&#8217;offerta sono propriet\u00e0 di ErgoPoint GmbH. Non possono essere copiati, trasmessi a terzi o utilizzati per scopi diversi da quelli per cui sono stati consegnati senza il nostro consenso. Tutti i documenti devono essere restituiti su richiesta.<\/p>\r\n<p><strong>\u00a7 8 OBBLIGO DI ISPEZIONE E DENUNCIA DEI DIFETTI<\/strong><br>Il cliente della merce deve controllarla immediatamente dopo il ricevimento e segnalare eventuali difetti senza indugio per iscritto. Se entro otto giorni lavorativi dal ricevimento della merce non riceviamo alcuna notifica motivata, la spedizione si considera approvata per quanto riguarda i difetti palesi. Senza il nostro consenso scritto, non possono essere effettuate riparazioni e modifiche a nostre spese sulla merce consegnata.<\/p>\r\n<p><strong>\u00a7 9 PORTATA DELLA RESPONSABILIT\u00c0<\/strong><br>I difetti coperti da garanzia vengono da noi eliminati gratuitamente. Se la riparazione \u00e8 possibile, il diritto di annullamento e riduzione \u00e8 escluso. Ci riserviamo il diritto di adottare un&#8217;altra regolamentazione che prenda in considerazione adeguatamente gli interessi di entrambe le parti. Qualsiasi ulteriore pretesa del cliente per consegne difettose, in particolare risarcimento per costi e danni consequenziali, \u00e8 esclusa. Nei primi 2 anni (dalla data di produzione) offriamo la possibilit\u00e0 di riparare completamente gratuitamente la tua seduta presso ErgoPoint GmbH a Zurigo. L&#8217;unico requisito \u00e8 che tu copra le spese di spedizione. Ci\u00f2 elimina le normali tariffe orarie e la tariffa chilometrica di eventuali servizi di assistenza. Per lavori di riparazione e garanzia che devono essere eseguiti su richiesta del cliente al di fuori dei nostri locali, verranno addebitati i costi di trasporto o una tariffa chilometrica.<\/p>\r\n<p><strong>\u00a7 10 ESCLUSIONE DELLA RESPONSABILIT\u00c0<\/strong><br>Non possiamo garantire i materiali di rivestimento forniti. La garanzia non copre l&#8217;usura naturale, il trattamento improprio, l&#8217;uso eccessivo o la mancata manutenzione. I materiali di copertura dei cuscini sono esclusi dalla garanzia. Leggere variazioni della merce nelle dimensioni, colore o design rispetto a immagini, campioni o documentazione di vendita non possono essere contestate. Danni dovuti a violenza, modifiche, riparazioni o manutenzione impropria da parte di terzi sono esclusi dalla garanzia. V\t\t\t\t\t\t\t\t<\/div>\n\t\t\t\t<\/div>\n\t\t\t\t\t<\/div>\n\t\t\t\t<\/section>\n\t\t\t\t<\/div>\n\t\t","protected":false},"excerpt":{"rendered":"<p>\u00a7 1 AMBITO DI APPLICAZIONEPer il rapporto commerciale tra il cliente e ErgoPoint GmbH si applicano esclusivamente le seguenti condizioni generali di contratto nella versione valida al momento dell&#8217;ordine. ErgoPoint GmbH non riconosce condizioni differenti del cliente, salvo espressamente accettate per iscritto da ErgoPoint GmbH.ErgoPoint GmbH si riserva il diritto di apportare modifiche e miglioramenti [&hellip;]<\/p>\n","protected":false},"author":1,"featured_media":0,"parent":144941,"menu_order":0,"comment_status":"closed","ping_status":"closed","template":"","meta":{"_acf_changed":false,"footnotes":""},"class_list":["post-144943","page","type-page","status-publish","hentry"],"acf":[],"_links":{"self":[{"href":"https:\/\/sitz.ch\/it\/wp-json\/wp\/v2\/pages\/144943","targetHints":{"allow":["GET"]}}],"collection":[{"href":"https:\/\/sitz.ch\/it\/wp-json\/wp\/v2\/pages"}],"about":[{"href":"https:\/\/sitz.ch\/it\/wp-json\/wp\/v2\/types\/page"}],"author":[{"embeddable":true,"href":"https:\/\/sitz.ch\/it\/wp-json\/wp\/v2\/users\/1"}],"replies":[{"embeddable":true,"href":"https:\/\/sitz.ch\/it\/wp-json\/wp\/v2\/comments?post=144943"}],"version-history":[{"count":3,"href":"https:\/\/sitz.ch\/it\/wp-json\/wp\/v2\/pages\/144943\/revisions"}],"predecessor-version":[{"id":144952,"href":"https:\/\/sitz.ch\/it\/wp-json\/wp\/v2\/pages\/144943\/revisions\/144952"}],"up":[{"embeddable":true,"href":"https:\/\/sitz.ch\/it\/wp-json\/wp\/v2\/pages\/144941"}],"wp:attachment":[{"href":"https:\/\/sitz.ch\/it\/wp-json\/wp\/v2\/media?parent=144943"}],"curies":[{"name":"wp","href":"https:\/\/api.w.org\/{rel}","templated":true}]}}