{"id":144945,"date":"2020-05-25T15:53:16","date_gmt":"2020-05-25T13:53:16","guid":{"rendered":"https:\/\/sitz.ch\/impresa\/termini-condizioni\/concorso\/"},"modified":"2025-01-15T17:04:53","modified_gmt":"2025-01-15T16:04:53","slug":"concorso","status":"publish","type":"page","link":"https:\/\/sitz.ch\/it\/impresa\/cgc\/concorso\/","title":{"rendered":"Concorso"},"content":{"rendered":"\t\t<div data-elementor-type=\"wp-page\" data-elementor-id=\"144945\" class=\"elementor elementor-144945 elementor-125949\" data-elementor-post-type=\"page\">\n\t\t\t\t<section class=\"elementor-element elementor-element-b8ae1c9 e-flex e-con-boxed e-con e-parent\" data-id=\"b8ae1c9\" data-element_type=\"container\" data-e-type=\"container\">\n\t\t\t\t\t<div class=\"e-con-inner\">\n\t\t\t\t<div class=\"elementor-element elementor-element-9dd4d6e elementor-widget elementor-widget-text-editor\" data-id=\"9dd4d6e\" data-element_type=\"widget\" data-e-type=\"widget\" data-widget_type=\"text-editor.default\">\n\t\t\t\t<div class=\"elementor-widget-container\">\n\t\t\t\t\t\t\t\t\t<div id=\"ultimate-heading-5256651b4e0775365\" class=\"uvc-heading ult-adjust-bottom-margin ultimate-heading-5256651b4e0775365 uvc-1640 \" data-hspacer=\"line_only\" data-halign=\"left\">\n<div class=\"uvc-main-heading ult-responsive\" data-ultimate-target=\".uvc-heading.ultimate-heading-5256651b4e0775365 h2\" data-responsive-json-new=\"{&quot;font-size&quot;:&quot;&quot;,&quot;line-height&quot;:&quot;&quot;}\">\n<h2>Nota per i Concorsi<\/h2>\n<\/div>\n<\/div>\n<div class=\"wpb_text_column wpb_content_element vc_custom_1590472193928\">\n<div class=\"wpb_wrapper\">\n<p>Questa iniziativa non \u00e8 collegata alla piattaforma di social media utilizzata (Facebook\/Instagram\/YouTube\/etc.) e non \u00e8 in alcun modo sponsorizzata, supportata o organizzata dalla piattaforma. Il destinatario delle informazioni fornite da te non \u00e8 la piattaforma, ma ErgoPoint GmbH. Ti preghiamo di indirizzare le tue domande, commenti o reclami direttamente a noi all&#8217;indirizzo info@sitz.ch e non alla piattaforma.<\/p>\n<\/div>\n<\/div>\n<div id=\"ultimate-heading-4913651b4e0775c88\" class=\"uvc-heading ult-adjust-bottom-margin ultimate-heading-4913651b4e0775c88 uvc-582 \" data-hspacer=\"line_only\" data-halign=\"left\">\n<div class=\"uvc-main-heading ult-responsive\" data-ultimate-target=\".uvc-heading.ultimate-heading-4913651b4e0775c88 h2\" data-responsive-json-new=\"{&quot;font-size&quot;:&quot;&quot;,&quot;line-height&quot;:&quot;&quot;}\">\n<h2>Condizioni Generali di Partecipazione ai Concorsi<\/h2>\n<\/div>\n<\/div>\n<div class=\"wpb_text_column wpb_content_element vc_custom_1591683742487\">\n<div class=\"wpb_wrapper\">\n<ol start=\"1\">\n<li>Organizzatore del concorso \u00e8 ErgoPoint GmbH (sitz.ch)<\/li>\n<li>La partecipazione \u00e8 gratuita<\/li>\n<li>Possono partecipare tutti i fan di Facebook di sitz.ch, i follower di Instagram cos\u00ec come i non fan e i non follower, che abbiano pi\u00f9 di 18 anni e un indirizzo di residenza in Svizzera.<\/li>\n<li>\u00c8 escluso il ricorso legale. I dipendenti di sitz.ch e i loro parenti non sono ammessi alla partecipazione.<\/li>\n<li>A meno che non sia indicato qui, i premi e il periodo di partecipazione cos\u00ec come i compiti per partecipare sono comunicati nel post del concorso.<\/li>\n<li>Ogni persona pu\u00f2 partecipare una sola volta. Pi\u00f9 commenti non portano a ulteriori partecipazioni. Ci riserviamo il diritto di eliminare contributi che violano le linee guida di Facebook, la legislazione svizzera, il copyright o i nostri termini e condizioni e di escludere l&#8217;autore dalla partecipazione. sitz.ch non \u00e8 responsabile per i contributi pubblicati dai partecipanti nel contesto del concorso.<\/li>\n<li>Eventuali tasse, costi di spedizione, tasse o imposte derivanti dalla vincita sono a carico dei vincitori. La vincitrice o il vincitore di un premio deve inoltre fornire una copia valida della conferma di residenza.<\/li>\n<li>I vincitori saranno contattati direttamente da noi. La vincitrice o il vincitore sar\u00e0 avvisato a breve, al massimo una settimana dopo la data di fine comunicata nel post del concorso. Dopo la notifica, il vincitore ha tre giorni per contattarci via email all&#8217;indirizzo info@sitz.ch. Un ulteriore messaggio deve essere inviato con l&#8217;account social media usato per partecipare a ErgoPoint per la verifica. Se un vincitore non si fa vivo nel periodo indicato, il diritto al premio scade senza compensazione e il premio sar\u00e0 assegnato a un altro partecipante. I premi vengono selezionati in base al sorteggio casuale. Il premio non pu\u00f2 essere pagato in contanti n\u00e9 scambiato.<\/li>\n<li>La spedizione del premio avviene generalmente tramite posta entro un massimo di 28 giorni dalla notifica dei vincitori.<\/li>\n<li>Si riserva espressamente il diritto di modificare, adattare, sospendere o terminare anticipatamente il concorso per circostanze particolari.<\/li>\n<li>Il premio non \u00e8 rivendibile e sar\u00e0 segnalato in caso di vendita.<\/li>\n<li>Saranno sorteggiati i premi indicati nel testo del concorso. \u00c8 escluso il pagamento in contanti.<\/li>\n<\/ol>\n<\/div>\n<\/div>\n<div id=\"ultimate-heading-3562651b4e0775efc\" class=\"uvc-heading ult-adjust-bottom-margin ultimate-heading-3562651b4e0775efc uvc-1955 \" data-hspacer=\"line_only\" data-halign=\"left\">\n<div class=\"uvc-main-heading ult-responsive\" data-ultimate-target=\".uvc-heading.ultimate-heading-3562651b4e0775efc h2\" data-responsive-json-new=\"{&quot;font-size&quot;:&quot;&quot;,&quot;line-height&quot;:&quot;&quot;}\">\n<h2>Responsabilit\u00e0<\/h2>\n<\/div>\n<\/div>\n<div class=\"wpb_text_column wpb_content_element vc_custom_1590472133488\">\n<div class=\"wpb_wrapper\">\n<p>Tutti i partecipanti si impegnano a non postare contenuti illegali. I contributi non devono contenere insulti, fatti falsi, violazioni della concorrenza, di marchi o di diritti d&#8217;autore. Se terzi avanzano pretese per violazione dei loro diritti, il partecipante libera ErgoPoint GmbH da tutte le pretese. Partecipando al concorso, ogni partecipante si impegna a rispondere personalmente per eventuali violazioni legali.<\/p>\n<\/div>\n<\/div>\n<div id=\"ultimate-heading-7207651b4e07760b9\" class=\"uvc-heading ult-adjust-bottom-margin ultimate-heading-7207651b4e07760b9 uvc-7873 \" data-hspacer=\"line_only\" data-halign=\"left\">\n<div class=\"uvc-main-heading ult-responsive\" data-ultimate-target=\".uvc-heading.ultimate-heading-7207651b4e07760b9 h2\" data-responsive-json-new=\"{&quot;font-size&quot;:&quot;&quot;,&quot;line-height&quot;:&quot;&quot;}\">\n<h2>Protezione dei dati<\/h2>\n<\/div>\n<\/div>\n<div class=\"wpb_text_column wpb_content_element vc_custom_1590414781440\">\n<div class=\"wpb_wrapper\">\n<p>Sitz.ch utilizza i dati personali del vincitore (nome e indirizzo) esclusivamente per la consegna del premio. Non ci sar\u00e0 alcuna trasmissione dei dati a terzi n\u00e9 un loro uso pubblicitario. Dopo l&#8217;invio con successo, tutti i dati utente saranno completamente cancellati per quanto consentito dalla legge.<\/p>\n<\/div>\n<\/div>\n<div id=\"ultimate-heading-9081651b4e0776264\" class=\"uvc-heading ult-adjust-bottom-margin ultimate-heading-9081651b4e0776264 uvc-138 \" data-hspacer=\"line_only\" data-halign=\"left\">\n<div class=\"uvc-main-heading ult-responsive\" data-ultimate-target=\".uvc-heading.ultimate-heading-9081651b4e0776264 h2\" data-responsive-json-new=\"{&quot;font-size&quot;:&quot;&quot;,&quot;line-height&quot;:&quot;&quot;}\">\n<h2>Cessione dei diritti d&#8217;uso<\/h2>\n<\/div>\n<\/div>\n<div class=\"wpb_text_column wpb_content_element vc_custom_1590477434452\">\n<div class=\"wpb_wrapper\">\n<p>Il\/la partecipante garantisce di possedere tutti i diritti sull&#8217;immagine presentata, i diritti di sfruttamento illimitati di tutte le parti dell&#8217;immagine, che l&#8217;immagine \u00e8 libera da diritti di terzi e che non vengono violati i diritti personali delle persone ritratte. Nel caso in cui una o pi\u00f9 persone siano chiaramente riconoscibili nella foto, devono accettare la pubblicazione dell&#8217;immagine. Il\/la partecipante concede a ErgoPoint GmbH il diritto di utilizzare le foto in modo illimitato nel tempo, nello spazio e nel contenuto, gratuitamente ma non esclusivamente, compreso il diritto di modifica. Questo vale indipendentemente dal supporto su cui avviene la pubblicazione. ErgoPoint GmbH \u00e8 autorizzata a utilizzare le foto in qualsiasi momento per i propri scopi. \u00c8 escluso un compenso per la pubblicazione e l&#8217;utilizzo delle immagini.<\/p>\n<\/div>\n<\/div>\n<div id=\"ultimate-heading-5862651b4e0776414\" class=\"uvc-heading ult-adjust-bottom-margin ultimate-heading-5862651b4e0776414 uvc-2103 \" data-hspacer=\"line_only\" data-halign=\"left\">\n<div class=\"uvc-main-heading ult-responsive\" data-ultimate-target=\".uvc-heading.ultimate-heading-5862651b4e0776414 h2\" data-responsive-json-new=\"{&quot;font-size&quot;:&quot;&quot;,&quot;line-height&quot;:&quot;&quot;}\">\n<h2>Responsabile<\/p>\n\t\t\t\t\t\t\t\t<\/div>\n\t\t\t\t<\/div>\n\t\t\t\t\t<\/div>\n\t\t\t\t<\/section>\n\t\t\t\t<\/div>\n\t\t","protected":false},"excerpt":{"rendered":"<p>Nota per i Concorsi Questa iniziativa non \u00e8 collegata alla piattaforma di social media utilizzata (Facebook\/Instagram\/YouTube\/etc.) e non \u00e8 in alcun modo sponsorizzata, supportata o organizzata dalla piattaforma. Il destinatario delle informazioni fornite da te non \u00e8 la piattaforma, ma ErgoPoint GmbH. Ti preghiamo di indirizzare le tue domande, commenti o reclami direttamente a noi [&hellip;]<\/p>\n","protected":false},"author":1,"featured_media":0,"parent":144943,"menu_order":0,"comment_status":"closed","ping_status":"closed","template":"","meta":{"_acf_changed":false,"footnotes":""},"class_list":["post-144945","page","type-page","status-publish","hentry"],"acf":[],"_links":{"self":[{"href":"https:\/\/sitz.ch\/it\/wp-json\/wp\/v2\/pages\/144945","targetHints":{"allow":["GET"]}}],"collection":[{"href":"https:\/\/sitz.ch\/it\/wp-json\/wp\/v2\/pages"}],"about":[{"href":"https:\/\/sitz.ch\/it\/wp-json\/wp\/v2\/types\/page"}],"author":[{"embeddable":true,"href":"https:\/\/sitz.ch\/it\/wp-json\/wp\/v2\/users\/1"}],"replies":[{"embeddable":true,"href":"https:\/\/sitz.ch\/it\/wp-json\/wp\/v2\/comments?post=144945"}],"version-history":[{"count":1,"href":"https:\/\/sitz.ch\/it\/wp-json\/wp\/v2\/pages\/144945\/revisions"}],"predecessor-version":[{"id":144946,"href":"https:\/\/sitz.ch\/it\/wp-json\/wp\/v2\/pages\/144945\/revisions\/144946"}],"up":[{"embeddable":true,"href":"https:\/\/sitz.ch\/it\/wp-json\/wp\/v2\/pages\/144943"}],"wp:attachment":[{"href":"https:\/\/sitz.ch\/it\/wp-json\/wp\/v2\/media?parent=144945"}],"curies":[{"name":"wp","href":"https:\/\/api.w.org\/{rel}","templated":true}]}}