{"id":144955,"date":"2019-10-13T23:15:00","date_gmt":"2019-10-13T21:15:00","guid":{"rendered":"https:\/\/sitz.ch\/impresa\/impressum\/"},"modified":"2025-01-15T17:10:27","modified_gmt":"2025-01-15T16:10:27","slug":"impressum","status":"publish","type":"page","link":"https:\/\/sitz.ch\/it\/impresa\/impressum\/","title":{"rendered":"Impressum"},"content":{"rendered":"\t\t<div data-elementor-type=\"wp-page\" data-elementor-id=\"144955\" class=\"elementor elementor-144955 elementor-180\" data-elementor-post-type=\"page\">\n\t\t\t\t<section class=\"elementor-element elementor-element-edc09a7 e-flex e-con-boxed e-con e-parent\" data-id=\"edc09a7\" data-element_type=\"container\" data-e-type=\"container\">\n\t\t\t\t\t<div class=\"e-con-inner\">\n\t\t\t\t<div class=\"elementor-element elementor-element-a39d227 elementor-widget elementor-widget-heading\" data-id=\"a39d227\" data-element_type=\"widget\" data-e-type=\"widget\" data-widget_type=\"heading.default\">\n\t\t\t\t<div class=\"elementor-widget-container\">\n\t\t\t\t\t<h3 class=\"elementor-heading-title elementor-size-default\">Contatto<\/h3>\t\t\t\t<\/div>\n\t\t\t\t<\/div>\n\t\t\t\t<div class=\"elementor-element elementor-element-a3f785d elementor-widget elementor-widget-text-editor\" data-id=\"a3f785d\" data-element_type=\"widget\" data-e-type=\"widget\" data-widget_type=\"text-editor.default\">\n\t\t\t\t<div class=\"elementor-widget-container\">\n\t\t\t\t\t\t\t\t\t<p>ErgoPoint GmbH<br \/>Wallisellenstrasse 453<br \/>8050 Z\u00fcrich-Oerlikon<br \/>+41 44 305 30 80<br \/>info@sitz.ch<br \/>https:\/\/sitz.ch<\/p>\n\t\t\t\t\t\t\t\t<\/div>\n\t\t\t\t<\/div>\n\t\t\t\t<div class=\"elementor-element elementor-element-cb88619 elementor-widget elementor-widget-heading\" data-id=\"cb88619\" data-element_type=\"widget\" data-e-type=\"widget\" data-widget_type=\"heading.default\">\n\t\t\t\t<div class=\"elementor-widget-container\">\n\t\t\t\t\t<h3 class=\"elementor-heading-title elementor-size-default\">Persona(e) autorizzata(e)<\/h3>\t\t\t\t<\/div>\n\t\t\t\t<\/div>\n\t\t\t\t<div class=\"elementor-element elementor-element-197c90e elementor-widget elementor-widget-text-editor\" data-id=\"197c90e\" data-element_type=\"widget\" data-e-type=\"widget\" data-widget_type=\"text-editor.default\">\n\t\t\t\t<div class=\"elementor-widget-container\">\n\t\t\t\t\t\t\t\t\t<p>Michel Borloz, Proprietario<\/p>\n\t\t\t\t\t\t\t\t<\/div>\n\t\t\t\t<\/div>\n\t\t\t\t<div class=\"elementor-element elementor-element-a50fcee elementor-widget elementor-widget-heading\" data-id=\"a50fcee\" data-element_type=\"widget\" data-e-type=\"widget\" data-widget_type=\"heading.default\">\n\t\t\t\t<div class=\"elementor-widget-container\">\n\t\t\t\t\t<h3 class=\"elementor-heading-title elementor-size-default\">Registro delle imprese<\/h3>\t\t\t\t<\/div>\n\t\t\t\t<\/div>\n\t\t\t\t<div class=\"elementor-element elementor-element-d8b268c elementor-widget elementor-widget-text-editor\" data-id=\"d8b268c\" data-element_type=\"widget\" data-e-type=\"widget\" data-widget_type=\"text-editor.default\">\n\t\t\t\t<div class=\"elementor-widget-container\">\n\t\t\t\t\t\t\t\t\t<p>MwSt.No.: CHE-104.275.571<\/p>\n\t\t\t\t\t\t\t\t<\/div>\n\t\t\t\t<\/div>\n\t\t\t\t<div class=\"elementor-element elementor-element-5db4184 elementor-widget elementor-widget-heading\" data-id=\"5db4184\" data-element_type=\"widget\" data-e-type=\"widget\" data-widget_type=\"heading.default\">\n\t\t\t\t<div class=\"elementor-widget-container\">\n\t\t\t\t\t<h3 class=\"elementor-heading-title elementor-size-default\">Disclaimer<\/h3>\t\t\t\t<\/div>\n\t\t\t\t<\/div>\n\t\t\t\t<div class=\"elementor-element elementor-element-9e559e3 elementor-widget elementor-widget-text-editor\" data-id=\"9e559e3\" data-element_type=\"widget\" data-e-type=\"widget\" data-widget_type=\"text-editor.default\">\n\t\t\t\t<div class=\"elementor-widget-container\">\n\t\t\t\t\t\t\t\t\tL&#8217;autore non si assume alcuna responsabilit\u00e0 riguardo alla correttezza, precisione, attualit\u00e0, affidabilit\u00e0 e completezza delle informazioni fornite. Eventuali richieste di risarcimento nei confronti dell&#8217;autore per danni materiali o immateriali derivanti dall&#8217;accesso o dall&#8217;uso delle informazioni pubblicate, dall&#8217;abuso della connessione o da disfunzioni tecniche sono escluse. Tutte le offerte sono senza impegno. L&#8217;autore si riserva espressamente il diritto di modificare, aggiungere, cancellare parti delle pagine o l&#8217;intera offerta senza preavviso, o di sospendere temporaneamente o definitivamente la pubblicazione.\t\t\t\t\t\t\t\t<\/div>\n\t\t\t\t<\/div>\n\t\t\t\t<div class=\"elementor-element elementor-element-98dd90b elementor-widget elementor-widget-heading\" data-id=\"98dd90b\" data-element_type=\"widget\" data-e-type=\"widget\" data-widget_type=\"heading.default\">\n\t\t\t\t<div class=\"elementor-widget-container\">\n\t\t\t\t\t<h3 class=\"elementor-heading-title elementor-size-default\">Copyright<\/h3>\t\t\t\t<\/div>\n\t\t\t\t<\/div>\n\t\t\t\t<div class=\"elementor-element elementor-element-3f289c7 elementor-widget elementor-widget-text-editor\" data-id=\"3f289c7\" data-element_type=\"widget\" data-e-type=\"widget\" data-widget_type=\"text-editor.default\">\n\t\t\t\t<div class=\"elementor-widget-container\">\n\t\t\t\t\t\t\t\t\t<p>L&#8217;intero sito web \u00e8 soggetto alla legislazione svizzera. Tutti i diritti, in particolare quelli di propriet\u00e0 intellettuale, appartengono a ErgoPoint GmbH. La riproduzione dell&#8217;intera pagina o di una sua parte (ad esempio, immagini, cataloghi, nomi di prodotti, testi o loghi) su qualsiasi supporto elettronico o su carta \u00e8 vietata, eccetto con l&#8217;esplicita autorizzazione scritta di ErgoPoint GmbH.<\/p>\n\t\t\t\t\t\t\t\t<\/div>\n\t\t\t\t<\/div>\n\t\t\t\t<div class=\"elementor-element elementor-element-b063a62 elementor-widget elementor-widget-heading\" data-id=\"b063a62\" data-element_type=\"widget\" data-e-type=\"widget\" data-widget_type=\"heading.default\">\n\t\t\t\t<div class=\"elementor-widget-container\">\n\t\t\t\t\t<h3 class=\"elementor-heading-title elementor-size-default\">Implementazione tecnica e web design<\/h3>\t\t\t\t<\/div>\n\t\t\t\t<\/div>\n\t\t\t\t<div class=\"elementor-element elementor-element-f969d4e elementor-widget elementor-widget-text-editor\" data-id=\"f969d4e\" data-element_type=\"widget\" data-e-type=\"widget\" data-widget_type=\"text-editor.default\">\n\t\t\t\t<div class=\"elementor-widget-container\">\n\t\t\t\t\t\t\t\t\t<p>La realizzazione tecnica e il design di questo sito sono stati curati con attenzione da Smartala\u00ae. Il responsabile dei contenuti \u00e8 il proprietario di questo sito. In caso di difficolt\u00e0 tecniche, ti preghiamo di contattare il webmaster: <a href=\"https:\/\/smartala.ch\" target=\"_blank\" rel=\"noopener\">https:\/\/smartala.ch<\/a><\/p>\n\t\t\t\t\t\t\t\t<\/div>\n\t\t\t\t<\/div>\n\t\t\t\t\t<\/div>\n\t\t\t\t<\/section>\n\t\t\t\t<\/div>\n\t\t","protected":false},"excerpt":{"rendered":"<p>Contatto ErgoPoint GmbHWallisellenstrasse 4538050 Z\u00fcrich-Oerlikon+41 44 305 30 80info@sitz.chhttps:\/\/sitz.ch Persona(e) autorizzata(e) Michel Borloz, Proprietario Registro delle imprese MwSt.No.: CHE-104.275.571 Disclaimer L&#8217;autore non si assume alcuna responsabilit\u00e0 riguardo alla correttezza, precisione, attualit\u00e0, affidabilit\u00e0 e completezza delle informazioni fornite. Eventuali richieste di risarcimento nei confronti dell&#8217;autore per danni materiali o immateriali derivanti dall&#8217;accesso o dall&#8217;uso delle informazioni [&hellip;]<\/p>\n","protected":false},"author":1,"featured_media":0,"parent":144941,"menu_order":0,"comment_status":"closed","ping_status":"closed","template":"","meta":{"_acf_changed":false,"footnotes":""},"class_list":["post-144955","page","type-page","status-publish","hentry"],"acf":[],"_links":{"self":[{"href":"https:\/\/sitz.ch\/it\/wp-json\/wp\/v2\/pages\/144955","targetHints":{"allow":["GET"]}}],"collection":[{"href":"https:\/\/sitz.ch\/it\/wp-json\/wp\/v2\/pages"}],"about":[{"href":"https:\/\/sitz.ch\/it\/wp-json\/wp\/v2\/types\/page"}],"author":[{"embeddable":true,"href":"https:\/\/sitz.ch\/it\/wp-json\/wp\/v2\/users\/1"}],"replies":[{"embeddable":true,"href":"https:\/\/sitz.ch\/it\/wp-json\/wp\/v2\/comments?post=144955"}],"version-history":[{"count":1,"href":"https:\/\/sitz.ch\/it\/wp-json\/wp\/v2\/pages\/144955\/revisions"}],"predecessor-version":[{"id":144956,"href":"https:\/\/sitz.ch\/it\/wp-json\/wp\/v2\/pages\/144955\/revisions\/144956"}],"up":[{"embeddable":true,"href":"https:\/\/sitz.ch\/it\/wp-json\/wp\/v2\/pages\/144941"}],"wp:attachment":[{"href":"https:\/\/sitz.ch\/it\/wp-json\/wp\/v2\/media?parent=144955"}],"curies":[{"name":"wp","href":"https:\/\/api.w.org\/{rel}","templated":true}]}}