{"id":147337,"date":"2024-10-18T17:07:32","date_gmt":"2024-10-18T15:07:32","guid":{"rendered":"https:\/\/sitz.ch\/produkt\/haider-bioswing-modulo-di-riabilitazione-per-posturomed-202\/"},"modified":"2024-10-18T17:07:32","modified_gmt":"2024-10-18T15:07:32","slug":"haider-bioswing-modulo-di-riabilitazione-per-posturomed-202","status":"publish","type":"product","link":"https:\/\/sitz.ch\/it\/prodotto\/haider-bioswing-modulo-di-riabilitazione-per-posturomed-202\/","title":{"rendered":"Haider Bioswing Modulo di Riabilitazione per Posturomed 202"},"content":{"rendered":"","protected":false},"excerpt":{"rendered":"<p>Il modulo terapeutico Haider Bioswing, esclusivo per il Posturomed 202, permette di eseguire esercizi mirati di stabilizzazione per ginocchio, anca e bacino. Questi esercizi possono essere eseguiti sia in modo isometrico che dinamico, per attivare i muscoli in una catena cinetica chiusa.<\/p>\n<p>Grazie all&#8217;alleggerimento parziale degli arti inferiori, il paziente si allena su una superficie sicura e controllata. Una gamba rimane stabile su un punto fisso, mentre l&#8217;altra si allena in modo instabile sull&#8217;elemento mobile, che \u00e8 fissato in sicurezza sulla superficie oscillante.<\/p>\n<p>Soprattutto nella fase di riabilitazione dopo infortuni o operazioni su queste articolazioni, questo modulo \u00e8 di inestimabile valore. Consente un allenamento delicato ma comunque efficace, che pu\u00f2 essere personalizzato. Questo modulo \u00e8 composto da una traversa, un elemento di spinta e un dispositivo di fissaggio, e pu\u00f2 essere combinato in modo ottimale con apparecchi di trazione o resistenze simili collegabili al Posturomed.<\/p>\n<ul>\n<li>Modulo aggiuntivo per Posturomed 202<\/li>\n<li>Contenuto: traversa, elemento di spinta e dispositivo di fissaggio<\/li>\n<li>Rivestito in plastica<\/li>\n<li>Colore argento\/nero<\/li>\n<\/ul>\n","protected":false},"featured_media":143406,"comment_status":"open","ping_status":"closed","template":"","meta":{"_acf_changed":false},"pwb-brand":[80],"product_brand":[],"product_cat":[324,320,319],"product_tag":[],"class_list":{"0":"post-147337","1":"product","2":"type-product","3":"status-publish","4":"has-post-thumbnail","6":"pwb-brand-haider-bioswing","7":"product_cat-accessori-singole-parti","8":"product_cat-accessori-fitness","9":"product_cat-attrezzature-per-lallenamento","10":"tm-has-options","12":"first","13":"onbackorder","14":"taxable","15":"shipping-taxable","16":"purchasable","17":"product-type-variable","18":"has-default-attributes"},"acf":[],"brands":[{"id":80,"name":"Haider Bioswing","slug":"haider-bioswing"}],"_links":{"self":[{"href":"https:\/\/sitz.ch\/it\/wp-json\/wp\/v2\/product\/147337","targetHints":{"allow":["GET"]}}],"collection":[{"href":"https:\/\/sitz.ch\/it\/wp-json\/wp\/v2\/product"}],"about":[{"href":"https:\/\/sitz.ch\/it\/wp-json\/wp\/v2\/types\/product"}],"replies":[{"embeddable":true,"href":"https:\/\/sitz.ch\/it\/wp-json\/wp\/v2\/comments?post=147337"}],"version-history":[{"count":0,"href":"https:\/\/sitz.ch\/it\/wp-json\/wp\/v2\/product\/147337\/revisions"}],"wp:featuredmedia":[{"embeddable":true,"href":"https:\/\/sitz.ch\/it\/wp-json\/wp\/v2\/media\/143406"}],"wp:attachment":[{"href":"https:\/\/sitz.ch\/it\/wp-json\/wp\/v2\/media?parent=147337"}],"wp:term":[{"taxonomy":"pwb-brand","embeddable":true,"href":"https:\/\/sitz.ch\/it\/wp-json\/wp\/v2\/pwb-brand?post=147337"},{"taxonomy":"product_brand","embeddable":true,"href":"https:\/\/sitz.ch\/it\/wp-json\/wp\/v2\/product_brand?post=147337"},{"taxonomy":"product_cat","embeddable":true,"href":"https:\/\/sitz.ch\/it\/wp-json\/wp\/v2\/product_cat?post=147337"},{"taxonomy":"product_tag","embeddable":true,"href":"https:\/\/sitz.ch\/it\/wp-json\/wp\/v2\/product_tag?post=147337"}],"curies":[{"name":"wp","href":"https:\/\/api.w.org\/{rel}","templated":true}]}}