{"id":147706,"date":"2024-06-24T10:15:14","date_gmt":"2024-06-24T08:15:14","guid":{"rendered":"https:\/\/sitz.ch\/produkt\/anatom-mesa-telaio-del-tavolo-versione-standard\/"},"modified":"2025-06-02T18:08:59","modified_gmt":"2025-06-02T16:08:59","slug":"anatom-mesa-telaio-del-tavolo-versione-standard","status":"publish","type":"product","link":"https:\/\/sitz.ch\/it\/prodotto\/anatom-mesa-telaio-del-tavolo-versione-standard\/","title":{"rendered":"Anatom Mesa Telaio del Tavolo Versione Standard"},"content":{"rendered":"<h2>MESA &#8211; la struttura del tavolo che non lascia nulla a desiderare<\/h2>\n<p><b>Stabile, veloce, silenzioso e personalizzabile<br \/>\n<\/b>Il tavolo regolabile in altezza MESA appartiene all&#8217;ultima generazione di tavoli elettrici e stabilisce nuovi standard nel mondo dei tavoli sit-stand.<b><\/b><\/p>\n<p><strong>Nuovo dispositivo di controllo con molte opzioni di programmazione<br \/>\n<\/strong>Memoria, limitazione delle altezze, sistema anti-collisione attivabile o disattivabile con livelli di sensibilit\u00e0 regolabili, calibrazione del display e auto-regolazione dopo un&#8217;interruzione di corrente.<\/p>\n<p><strong>Nuova installazione o adattamento<br \/>\n<\/strong>Desideri usufruire dei vantaggi del lavoro moderno con un tavolo regolabile in altezza, ma non vuoi o non puoi separarti dal tuo tavolo attuale?<br \/>\nIndipendentemente dalla forma o dalle dimensioni del tuo tavolo esistente, la struttura MESA si adatta sempre. In pochi minuti, puoi trasformare il tuo tavolo fisso esistente in un tavolo regolabile in altezza.<\/p>\n<p>&nbsp;<\/p>\n<h3><strong>Dati tecnici:<\/strong><\/h3>\n<p><strong>Capacit\u00e0 di carico <\/strong>125kg<br \/>\n<strong>Velocit\u00e0 max. <\/strong>38mm\/secondo<br \/>\n<strong>Livello di rumore <\/strong>37dB (giunzioni con supporti in gomma)<br \/>\n<strong>Tensione di rete <\/strong>100-240 Volt<br \/>\n<strong>Sicurezza <\/strong>Sistema anti-collisione su e gi\u00f9 e protezione da sovraccarico<br \/>\n<strong>Dimensioni <\/strong>Min. 600mm \u00d7 700mm | Max. 2500mm \u00d7 1000mm (L\u00d7P)<br \/>\n<strong>Intervallo di regolazione in altezza <\/strong>620mm\u20131270mm<br \/>\n<strong>Colori della struttura <\/strong>Argento RAL 7045 | Nero RAL 9005 | Bianco RAL 9016<br \/>\n<strong>Piedini <\/strong>Scivoli di livellamento o ruote con freno a blocco<\/p>\n<p><strong>Garanzia <\/strong>3 anni<\/p>\n","protected":false},"excerpt":{"rendered":"<p>MESA &#8211; la struttura del tavolo che non lascia nulla a desiderare Stabile, veloce, silenzioso e personalizzabile Il tavolo regolabile in altezza MESA appartiene all&#8217;ultima generazione di tavoli elettrici e stabilisce nuovi standard nel mondo dei tavoli sit-stand. Nuovo dispositivo di controllo con molte opzioni di programmazione Memoria, limitazione delle altezze, sistema anti-collisione attivabile o [&hellip;]<\/p>\n","protected":false},"featured_media":142992,"comment_status":"open","ping_status":"closed","template":"","meta":{"_acf_changed":false},"pwb-brand":[97],"product_brand":[],"product_cat":[314,315,282],"product_tag":[],"class_list":{"0":"post-147706","1":"product","2":"type-product","3":"status-publish","4":"has-post-thumbnail","6":"pwb-brand-anatom","7":"product_cat-scrivanie-angolari","8":"product_cat-scrivanie-regolabili-elettriche","9":"product_cat-scrivanie-regolabili-in-altezza","10":"tm-has-options","12":"first","13":"instock","14":"sale","15":"featured","16":"taxable","17":"shipping-taxable","18":"purchasable","19":"product-type-variable","20":"has-default-attributes"},"acf":[],"brands":[{"id":97,"name":"Anatom","slug":"anatom"}],"_links":{"self":[{"href":"https:\/\/sitz.ch\/it\/wp-json\/wp\/v2\/product\/147706","targetHints":{"allow":["GET"]}}],"collection":[{"href":"https:\/\/sitz.ch\/it\/wp-json\/wp\/v2\/product"}],"about":[{"href":"https:\/\/sitz.ch\/it\/wp-json\/wp\/v2\/types\/product"}],"replies":[{"embeddable":true,"href":"https:\/\/sitz.ch\/it\/wp-json\/wp\/v2\/comments?post=147706"}],"version-history":[{"count":1,"href":"https:\/\/sitz.ch\/it\/wp-json\/wp\/v2\/product\/147706\/revisions"}],"predecessor-version":[{"id":155420,"href":"https:\/\/sitz.ch\/it\/wp-json\/wp\/v2\/product\/147706\/revisions\/155420"}],"wp:featuredmedia":[{"embeddable":true,"href":"https:\/\/sitz.ch\/it\/wp-json\/wp\/v2\/media\/142992"}],"wp:attachment":[{"href":"https:\/\/sitz.ch\/it\/wp-json\/wp\/v2\/media?parent=147706"}],"wp:term":[{"taxonomy":"pwb-brand","embeddable":true,"href":"https:\/\/sitz.ch\/it\/wp-json\/wp\/v2\/pwb-brand?post=147706"},{"taxonomy":"product_brand","embeddable":true,"href":"https:\/\/sitz.ch\/it\/wp-json\/wp\/v2\/product_brand?post=147706"},{"taxonomy":"product_cat","embeddable":true,"href":"https:\/\/sitz.ch\/it\/wp-json\/wp\/v2\/product_cat?post=147706"},{"taxonomy":"product_tag","embeddable":true,"href":"https:\/\/sitz.ch\/it\/wp-json\/wp\/v2\/product_tag?post=147706"}],"curies":[{"name":"wp","href":"https:\/\/api.w.org\/{rel}","templated":true}]}}