{"id":147851,"date":"2023-01-16T09:10:51","date_gmt":"2023-01-16T08:10:51","guid":{"rendered":"https:\/\/sitz.ch\/produkt\/actiforce-steelforce-pro-470-sls-bench\/"},"modified":"2026-05-06T00:56:40","modified_gmt":"2026-05-05T22:56:40","slug":"actiforce-steelforce-pro-470-sls-bench","status":"publish","type":"product","link":"https:\/\/sitz.ch\/it\/prodotto\/actiforce-steelforce-pro-470-sls-bench\/","title":{"rendered":"ErgoPoint Tavolo Bench per doppia postazione di lavoro"},"content":{"rendered":"<h2>Postazione Doppia EP &#8211; Tavolo Bench<\/h2>\n<p>La postazione doppia offre una stabilit\u00e0 massima grazie ai due telai dei tavoli collegati. Tuttavia, il posizionamento dei tavoli \u00e8 estremamente semplice, poich\u00e9 la distanza tra i piani, l&#8217;angolo e l&#8217;orientamento sono gi\u00e0 definiti.<br \/>\nIl telaio \u00e8 regolabile sia in altezza che in larghezza ed \u00e8 quindi adatto a piani di tavolo da 110cm a 180cm.<br \/>\nGrazie all&#8217;eccellente regolazione in altezza da 60,5cm a 126cm, il tavolo \u00e8 adatto sia per bambini e persone di bassa statura che per persone molto alte.<\/p>\n<p><strong>Dati tecnici:<br \/>\n<\/strong>Colore del telaio: nero<br \/>\nregolabile in altezza elettricamente da 60,5 a 126 cm<br \/>\nregolabile in larghezza da 110cm a 180cm<br \/>\nDisplay digitale con funzione memoria a 4 posizioni<\/p>\n<p>&nbsp;<\/p>\n","protected":false},"excerpt":{"rendered":"<p>Postazione Doppia EP &#8211; Tavolo Bench La postazione doppia offre una stabilit\u00e0 massima grazie ai due telai dei tavoli collegati. Tuttavia, il posizionamento dei tavoli \u00e8 estremamente semplice, poich\u00e9 la distanza tra i piani, l&#8217;angolo e l&#8217;orientamento sono gi\u00e0 definiti. Il telaio \u00e8 regolabile sia in altezza che in larghezza ed \u00e8 quindi adatto a [&hellip;]<\/p>\n","protected":false},"featured_media":142230,"comment_status":"open","ping_status":"closed","template":"","meta":{"_acf_changed":false},"pwb-brand":[],"product_brand":[],"product_cat":[315,282],"product_tag":[],"class_list":{"0":"post-147851","1":"product","2":"type-product","3":"status-publish","4":"has-post-thumbnail","6":"product_cat-scrivanie-regolabili-elettriche","7":"product_cat-scrivanie-regolabili-in-altezza","8":"tm-has-options","10":"first","11":"outofstock","12":"sale","13":"featured","14":"taxable","15":"shipping-taxable","16":"purchasable","17":"product-type-variable","18":"has-default-attributes"},"acf":[],"brands":[],"_links":{"self":[{"href":"https:\/\/sitz.ch\/it\/wp-json\/wp\/v2\/product\/147851","targetHints":{"allow":["GET"]}}],"collection":[{"href":"https:\/\/sitz.ch\/it\/wp-json\/wp\/v2\/product"}],"about":[{"href":"https:\/\/sitz.ch\/it\/wp-json\/wp\/v2\/types\/product"}],"replies":[{"embeddable":true,"href":"https:\/\/sitz.ch\/it\/wp-json\/wp\/v2\/comments?post=147851"}],"version-history":[{"count":1,"href":"https:\/\/sitz.ch\/it\/wp-json\/wp\/v2\/product\/147851\/revisions"}],"predecessor-version":[{"id":198041,"href":"https:\/\/sitz.ch\/it\/wp-json\/wp\/v2\/product\/147851\/revisions\/198041"}],"wp:featuredmedia":[{"embeddable":true,"href":"https:\/\/sitz.ch\/it\/wp-json\/wp\/v2\/media\/142230"}],"wp:attachment":[{"href":"https:\/\/sitz.ch\/it\/wp-json\/wp\/v2\/media?parent=147851"}],"wp:term":[{"taxonomy":"pwb-brand","embeddable":true,"href":"https:\/\/sitz.ch\/it\/wp-json\/wp\/v2\/pwb-brand?post=147851"},{"taxonomy":"product_brand","embeddable":true,"href":"https:\/\/sitz.ch\/it\/wp-json\/wp\/v2\/product_brand?post=147851"},{"taxonomy":"product_cat","embeddable":true,"href":"https:\/\/sitz.ch\/it\/wp-json\/wp\/v2\/product_cat?post=147851"},{"taxonomy":"product_tag","embeddable":true,"href":"https:\/\/sitz.ch\/it\/wp-json\/wp\/v2\/product_tag?post=147851"}],"curies":[{"name":"wp","href":"https:\/\/api.w.org\/{rel}","templated":true}]}}