{"id":147870,"date":"2023-02-27T10:01:35","date_gmt":"2023-02-27T09:01:35","guid":{"rendered":"https:\/\/sitz.ch\/produkt\/actiforce-steelforce-pro-671-sls-90\/"},"modified":"2025-06-02T18:10:26","modified_gmt":"2025-06-02T16:10:26","slug":"actiforce-steelforce-pro-671-sls-90","status":"publish","type":"product","link":"https:\/\/sitz.ch\/it\/prodotto\/actiforce-steelforce-pro-671-sls-90\/","title":{"rendered":"Actiforce Steelforce Pro 671 SLS 90\u00b0"},"content":{"rendered":"<h2>ErgoPoint Tavolo Angolare Pro 671<\/h2>\n<p>Scrivania regolabile in altezza con variante angolare. Cos\u00ec puoi ottimizzare perfettamente la postazione e l&#8217;area di lavoro, operando nel cuore dell&#8217;azione e avendo tutto a portata di mano.<\/p>\n<p>La struttura di base \u00e8 regolabile in larghezza e pu\u00f2 essere adattata praticamente a tutte le dimensioni desiderate. Seleziona la misura e la forma del piano tavolo che preferisci. Siamo certi di poterlo configurare in modo adatto alle tue esigenze.<br \/>\nIl braccio pu\u00f2 essere montato su richiesta sia a sinistra che a destra. Questo offre massima flessibilit\u00e0 alle possibilit\u00e0 spaziali.<\/p>\n<p>&nbsp;<\/p>\n<h3>Dati tecnici:<\/h3>\n<p>Larghezza struttura (regolabile senza scatti): 120cm &#8211; 180cm<br \/>\nregolazione elettrica in altezza: 63\u2013128 cm (senza piano tavolo)<br \/>\ncapacit\u00e0 di carico: 130 kg<\/p>\n<p>Piedini regolabili in altezza<br \/>\nincluso interruttore manuale up and down (display digitale dell&#8217;altezza con memoria quadrupla disponibile opzionalmente)<\/p>\n<p>La struttura \u00e8 disponibile nei seguenti colori:<br \/>\nnero<br \/>\nargento<br \/>\nbianco<\/p>\n","protected":false},"excerpt":{"rendered":"<p>ErgoPoint Tavolo Angolare Pro 671 Scrivania regolabile in altezza con variante angolare. Cos\u00ec puoi ottimizzare perfettamente la postazione e l&#8217;area di lavoro, operando nel cuore dell&#8217;azione e avendo tutto a portata di mano. La struttura di base \u00e8 regolabile in larghezza e pu\u00f2 essere adattata praticamente a tutte le dimensioni desiderate. Seleziona la misura e [&hellip;]<\/p>\n","protected":false},"featured_media":142341,"comment_status":"open","ping_status":"closed","template":"","meta":{"_acf_changed":false},"pwb-brand":[167],"product_brand":[],"product_cat":[314,315,282],"product_tag":[],"class_list":{"0":"post-147870","1":"product","2":"type-product","3":"status-publish","4":"has-post-thumbnail","6":"pwb-brand-actiforce","7":"product_cat-scrivanie-angolari","8":"product_cat-scrivanie-regolabili-elettriche","9":"product_cat-scrivanie-regolabili-in-altezza","10":"tm-has-options","12":"first","13":"outofstock","14":"taxable","15":"shipping-taxable","16":"purchasable","17":"product-type-variable","18":"has-default-attributes"},"acf":[],"brands":[{"id":167,"name":"Actiforce","slug":"actiforce"}],"_links":{"self":[{"href":"https:\/\/sitz.ch\/it\/wp-json\/wp\/v2\/product\/147870","targetHints":{"allow":["GET"]}}],"collection":[{"href":"https:\/\/sitz.ch\/it\/wp-json\/wp\/v2\/product"}],"about":[{"href":"https:\/\/sitz.ch\/it\/wp-json\/wp\/v2\/types\/product"}],"replies":[{"embeddable":true,"href":"https:\/\/sitz.ch\/it\/wp-json\/wp\/v2\/comments?post=147870"}],"version-history":[{"count":1,"href":"https:\/\/sitz.ch\/it\/wp-json\/wp\/v2\/product\/147870\/revisions"}],"predecessor-version":[{"id":155425,"href":"https:\/\/sitz.ch\/it\/wp-json\/wp\/v2\/product\/147870\/revisions\/155425"}],"wp:featuredmedia":[{"embeddable":true,"href":"https:\/\/sitz.ch\/it\/wp-json\/wp\/v2\/media\/142341"}],"wp:attachment":[{"href":"https:\/\/sitz.ch\/it\/wp-json\/wp\/v2\/media?parent=147870"}],"wp:term":[{"taxonomy":"pwb-brand","embeddable":true,"href":"https:\/\/sitz.ch\/it\/wp-json\/wp\/v2\/pwb-brand?post=147870"},{"taxonomy":"product_brand","embeddable":true,"href":"https:\/\/sitz.ch\/it\/wp-json\/wp\/v2\/product_brand?post=147870"},{"taxonomy":"product_cat","embeddable":true,"href":"https:\/\/sitz.ch\/it\/wp-json\/wp\/v2\/product_cat?post=147870"},{"taxonomy":"product_tag","embeddable":true,"href":"https:\/\/sitz.ch\/it\/wp-json\/wp\/v2\/product_tag?post=147870"}],"curies":[{"name":"wp","href":"https:\/\/api.w.org\/{rel}","templated":true}]}}