{"id":147930,"date":"2016-11-12T00:17:49","date_gmt":"2016-11-11T23:17:49","guid":{"rendered":"https:\/\/sitz.ch\/produkt\/adatto-cuscino\/"},"modified":"2016-11-12T00:17:49","modified_gmt":"2016-11-11T23:17:49","slug":"adatto-cuscino","status":"publish","type":"product","link":"https:\/\/sitz.ch\/it\/prodotto\/adatto-cuscino\/","title":{"rendered":"Adatto Cuscino"},"content":{"rendered":"<p><span style=\"color: #3366ff;\"><strong><span style=\"font-size: 14px;\">adatto &#8211; Cuscino di supporto per il collo<\/span><\/strong><\/span><\/p>\n<p><span style=\"font-size: small;\"><span style=\"font-family: Verdana;\">adatto \u00e8 composto da un nucleo in lattice naturale elastico e flessibile. Si distingue per l&#8217;elevata capacit\u00e0 di supporto, propriet\u00e0 antibatteriche e la regolazione dell&#8217;aria e dell&#8217;umidit\u00e0. Controlli di qualit\u00e0 costanti e una serie di certificati garantiscono che adatto soddisfi i pi\u00f9 alti standard in termini di materiale e durata.<\/span><\/span><\/p>\n<p><span style=\"font-size: small;\"><span style=\"font-family: Verdana;\">Il nucleo adatto dispone di tre camere vuote, che possono essere lasciate vuote o riempite a piacimento con inserti in schiuma intercambiabili per regolare diverse altezze e durezze.<\/span><\/span><\/p>\n<p>&nbsp;<\/p>\n<p>&nbsp;<\/p>\n<p><span style=\"font-family: Verdana;\">adatto \u00e8 disponibile in 3 dimensioni:<\/span><\/p>\n<p><span style=\"font-size: 12px;\"><span style=\"font-family: Verdana;\"><strong>adatto grande<\/strong> (135\/580\/355 mm) &#8211; L&#8217;altezza e la durezza del sistema intelligente di cuscini possono essere adattate individualmente alle tue esigenze. \u00c8 adatto per adulti.<\/span><\/span><\/p>\n<p><span style=\"font-size: 12px;\"><span style=\"font-family: Verdana;\"><strong>adatto medio <\/strong>(100\/580\/355 mm) &#8211; L&#8217;altezza e la durezza del sistema intelligente di cuscini possono essere adattate individualmente alle tue esigenze. Adatto per adulti di piccola statura e adolescenti alti.<br \/>\n<\/span><\/span><\/p>\n<p><span style=\"font-size: 12px;\"><span style=\"font-family: Verdana;\"><strong>adatto piccolo<\/strong> (100\/430\/320 mm) &#8211; Il fratello minore di adatto grande, ha due inserti ed \u00e8 utilizzabile su entrambi i lati. Adatto per bambini fino circa 12 anni.<\/span><\/span><\/p>\n<p><span style=\"font-size: small;\"><span style=\"font-family: Verdana;\"><br \/>\nProcedura per adattare adatto:<\/span><\/span><\/p>\n<ul>\n<li><span style=\"font-size: small;\"><span style=\"font-family: Verdana;\">Aprire la fodera in cotone grezzo <\/span><\/span><\/li>\n<li><span style=\"font-size: small;\"><span style=\"font-family: Verdana;\">Rimuovere il nucleo in lattice <\/span><\/span><\/li>\n<li><span style=\"font-size: small;\"><span style=\"font-family: Verdana;\">Gli inserti sono ora visibili, l&#8217;inserto singolo non posizionato nel supporto per il collo serve solo come riserva e non influenza l&#8217;altezza e la durezza del cuscino <\/span><\/span><\/li>\n<li><span style=\"font-size: small;\"><span style=\"font-family: Verdana;\">Rimuovere i tubi sollevandoli dalla fessura e tirandoli fuori. Eventualmente, inserire nuovi inserti nello stesso modo. Provare finch\u00e9 non si trova la combinazione ottimale di tubi <\/span><\/span><\/li>\n<li><span style=\"font-size: small;\"><span style=\"font-family: Verdana;\">Prima di chiudere la fodera, verificare attraverso una prova di giacitura che adatto corrisponda alla durezza e all&#8217;altezza desiderate<\/span><\/span><\/li>\n<\/ul>\n","protected":false},"excerpt":{"rendered":"<p>adatto &#8211; Cuscino di supporto per il collo adatto \u00e8 composto da un nucleo in lattice naturale elastico e flessibile. Si distingue per l&#8217;elevata capacit\u00e0 di supporto, propriet\u00e0 antibatteriche e la regolazione dell&#8217;aria e dell&#8217;umidit\u00e0. Controlli di qualit\u00e0 costanti e una serie di certificati garantiscono che adatto soddisfi i pi\u00f9 alti standard in termini di [&hellip;]<\/p>\n","protected":false},"featured_media":142182,"comment_status":"open","ping_status":"closed","template":"","meta":{"_acf_changed":false},"pwb-brand":[108],"product_brand":[],"product_cat":[300,303,354,353],"product_tag":[],"class_list":{"0":"post-147930","1":"product","2":"type-product","3":"status-publish","4":"has-post-thumbnail","6":"pwb-brand-adatto","7":"product_cat-accessori-ergonomici","8":"product_cat-cuscini","9":"product_cat-warenkorb-popup-mit-warnung-it","10":"product_cat-zahlung-auf-rechnung-nicht-verfuegbar-it","11":"tm-has-options","13":"first","14":"onbackorder","15":"taxable","16":"shipping-taxable","17":"purchasable","18":"product-type-variable","19":"has-default-attributes"},"acf":[],"brands":[{"id":108,"name":"Adatto","slug":"adatto"}],"_links":{"self":[{"href":"https:\/\/sitz.ch\/it\/wp-json\/wp\/v2\/product\/147930","targetHints":{"allow":["GET"]}}],"collection":[{"href":"https:\/\/sitz.ch\/it\/wp-json\/wp\/v2\/product"}],"about":[{"href":"https:\/\/sitz.ch\/it\/wp-json\/wp\/v2\/types\/product"}],"replies":[{"embeddable":true,"href":"https:\/\/sitz.ch\/it\/wp-json\/wp\/v2\/comments?post=147930"}],"version-history":[{"count":0,"href":"https:\/\/sitz.ch\/it\/wp-json\/wp\/v2\/product\/147930\/revisions"}],"wp:featuredmedia":[{"embeddable":true,"href":"https:\/\/sitz.ch\/it\/wp-json\/wp\/v2\/media\/142182"}],"wp:attachment":[{"href":"https:\/\/sitz.ch\/it\/wp-json\/wp\/v2\/media?parent=147930"}],"wp:term":[{"taxonomy":"pwb-brand","embeddable":true,"href":"https:\/\/sitz.ch\/it\/wp-json\/wp\/v2\/pwb-brand?post=147930"},{"taxonomy":"product_brand","embeddable":true,"href":"https:\/\/sitz.ch\/it\/wp-json\/wp\/v2\/product_brand?post=147930"},{"taxonomy":"product_cat","embeddable":true,"href":"https:\/\/sitz.ch\/it\/wp-json\/wp\/v2\/product_cat?post=147930"},{"taxonomy":"product_tag","embeddable":true,"href":"https:\/\/sitz.ch\/it\/wp-json\/wp\/v2\/product_tag?post=147930"}],"curies":[{"name":"wp","href":"https:\/\/api.w.org\/{rel}","templated":true}]}}