{"id":148041,"date":"2020-06-03T13:33:23","date_gmt":"2020-06-03T11:33:23","guid":{"rendered":"https:\/\/sitz.ch\/produkt\/aeris-muvmat\/"},"modified":"2025-10-31T11:45:57","modified_gmt":"2025-10-31T10:45:57","slug":"aeris-muvmat","status":"publish","type":"product","link":"https:\/\/sitz.ch\/it\/prodotto\/aeris-muvmat\/","title":{"rendered":"Aeris Muvmat"},"content":{"rendered":"\t\t<div data-elementor-type=\"product-post\" data-elementor-id=\"148041\" class=\"elementor elementor-148041 elementor-126176\" data-elementor-post-type=\"product\">\n\t\t\t\t<section class=\"elementor-element elementor-element-4369adc ergo-f-list e-flex e-con-boxed e-con e-parent\" data-id=\"4369adc\" data-element_type=\"container\" data-e-type=\"container\">\n\t\t\t\t\t<div class=\"e-con-inner\">\n\t\t<div class=\"elementor-element elementor-element-1d220f1 e-con-full e-flex e-con e-child\" data-id=\"1d220f1\" data-element_type=\"container\" data-e-type=\"container\">\n\t\t\t\t<div class=\"elementor-element elementor-element-86a347b elementor-widget elementor-widget-heading\" data-id=\"86a347b\" data-element_type=\"widget\" data-e-type=\"widget\" data-widget_type=\"heading.default\">\n\t\t\t\t<div class=\"elementor-widget-container\">\n\t\t\t\t\t<h3 class=\"elementor-heading-title elementor-size-default\">Superficie 3D particolare<\/h3>\t\t\t\t<\/div>\n\t\t\t\t<\/div>\n\t\t\t\t<div class=\"elementor-element elementor-element-c0cbe4b elementor-widget elementor-widget-text-editor\" data-id=\"c0cbe4b\" data-element_type=\"widget\" data-e-type=\"widget\" data-widget_type=\"text-editor.default\">\n\t\t\t\t<div class=\"elementor-widget-container\">\n\t\t\t\t\t\t\t\t\t<p>L&#8217;Aeris Muvmat si distingue dalle tradizionali tappetini in gomma grazie alla sua avanzata tecnologia a 2 zone. Il tappetino combina una schiuma integrale elastica con una struttura topografica 3D. La schiuma elastica offre un&#8217;ammortizzazione piacevole e riduce lo stress sulle articolazioni, mentre la struttura 3D stimola i vostri punti di riflessologia plantare.<\/p>\n<p>Questo innovativo tappetino anti-affaticamento si distingue per la sua esclusiva struttura topografica 3D, che d\u00e0 la sensazione ai vostri piedi di stare su un suolo naturale del bosco.<\/p>\n\t\t\t\t\t\t\t\t<\/div>\n\t\t\t\t<\/div>\n\t\t\t\t<\/div>\n\t\t<div class=\"elementor-element elementor-element-b598d7e e-con-full e-flex e-con e-child\" data-id=\"b598d7e\" data-element_type=\"container\" data-e-type=\"container\">\n\t\t\t\t<div class=\"elementor-element elementor-element-59fc505 elementor-widget elementor-widget-image\" data-id=\"59fc505\" data-element_type=\"widget\" data-e-type=\"widget\" data-widget_type=\"image.default\">\n\t\t\t\t<div class=\"elementor-widget-container\">\n\t\t\t\t\t\t\t\t\t\t\t\t\t\t\t<img decoding=\"async\" width=\"600\" height=\"428\" src=\"https:\/\/sitz.ch\/wp-content\/uploads\/aeris-muvmat-3d-struktur-600x428.webp\" class=\"attachment-medium size-medium wp-image-143010\" alt=\"\" srcset=\"https:\/\/sitz.ch\/wp-content\/uploads\/aeris-muvmat-3d-struktur-600x428.webp 600w, https:\/\/sitz.ch\/wp-content\/uploads\/aeris-muvmat-3d-struktur-1024x730.webp 1024w, https:\/\/sitz.ch\/wp-content\/uploads\/aeris-muvmat-3d-struktur-768x547.webp 768w, https:\/\/sitz.ch\/wp-content\/uploads\/aeris-muvmat-3d-struktur-64x46.webp 64w, https:\/\/sitz.ch\/wp-content\/uploads\/aeris-muvmat-3d-struktur.webp 1500w\" sizes=\"(max-width: 600px) 100vw, 600px\" title=\"\">\t\t\t\t\t\t\t\t\t\t\t\t\t\t\t<\/div>\n\t\t\t\t<\/div>\n\t\t\t\t<\/div>\n\t\t\t\t\t<\/div>\n\t\t\t\t<\/section>\n\t\t<section class=\"elementor-element elementor-element-1d94a60 ergo-f-list e-flex e-con-boxed e-con e-parent\" data-id=\"1d94a60\" data-element_type=\"container\" data-e-type=\"container\">\n\t\t\t\t\t<div class=\"e-con-inner\">\n\t\t<div class=\"elementor-element elementor-element-6b2b506 e-con-full e-flex e-con e-child\" data-id=\"6b2b506\" data-element_type=\"container\" data-e-type=\"container\">\n\t\t\t\t<div class=\"elementor-element elementor-element-fc64cd1 elementor-widget elementor-widget-heading\" data-id=\"fc64cd1\" data-element_type=\"widget\" data-e-type=\"widget\" data-widget_type=\"heading.default\">\n\t\t\t\t<div class=\"elementor-widget-container\">\n\t\t\t\t\t<h3 class=\"elementor-heading-title elementor-size-default\">Comodit\u00e0 e qualit\u00e0<\/h3>\t\t\t\t<\/div>\n\t\t\t\t<\/div>\n\t\t\t\t<div class=\"elementor-element elementor-element-d3cebc8 elementor-widget elementor-widget-text-editor\" data-id=\"d3cebc8\" data-element_type=\"widget\" data-e-type=\"widget\" data-widget_type=\"text-editor.default\">\n\t\t\t\t<div class=\"elementor-widget-container\">\n\t\t\t\t\t\t\t\t\t<p>La schiuma rimbalzante e rilassante assicura una posizione in piedi confortevole proteggendo le articolazioni. L&#8217;Aeris Muvmat \u00e8 molto versatile: da usare con scarpe, calze o a piedi nudi.<\/p>\n<p>Per proteggere il tappetino antiaffaticamento dalla sporcizia, si consiglia l&#8217;uso di una copertura aggiuntiva. Queste sono altamente resistenti allo sporco e possono essere lavate in modo ecologico a 30 gradi. Grazie all&#8217;elastico integrato, il rivestimento si adatta facilmente al tappetino.<\/p>\n\t\t\t\t\t\t\t\t<\/div>\n\t\t\t\t<\/div>\n\t\t\t\t<\/div>\n\t\t<div class=\"elementor-element elementor-element-5e9484e e-con-full e-flex e-con e-child\" data-id=\"5e9484e\" data-element_type=\"container\" data-e-type=\"container\">\n\t\t\t\t<div class=\"elementor-element elementor-element-eba692c elementor-widget elementor-widget-image\" data-id=\"eba692c\" data-element_type=\"widget\" data-e-type=\"widget\" data-widget_type=\"image.default\">\n\t\t\t\t<div class=\"elementor-widget-container\">\n\t\t\t\t\t\t\t\t\t\t\t\t\t\t\t<img decoding=\"async\" width=\"600\" height=\"428\" src=\"https:\/\/sitz.ch\/wp-content\/uploads\/aeris-muvmat-fussreflexzonen-600x428.webp\" class=\"attachment-medium size-medium wp-image-143013\" alt=\"\" srcset=\"https:\/\/sitz.ch\/wp-content\/uploads\/aeris-muvmat-fussreflexzonen-600x428.webp 600w, https:\/\/sitz.ch\/wp-content\/uploads\/aeris-muvmat-fussreflexzonen-1024x730.webp 1024w, https:\/\/sitz.ch\/wp-content\/uploads\/aeris-muvmat-fussreflexzonen-768x547.webp 768w, https:\/\/sitz.ch\/wp-content\/uploads\/aeris-muvmat-fussreflexzonen-1536x1094.webp 1536w, https:\/\/sitz.ch\/wp-content\/uploads\/aeris-muvmat-fussreflexzonen-2048x1459.webp 2048w, https:\/\/sitz.ch\/wp-content\/uploads\/aeris-muvmat-fussreflexzonen-64x46.webp 64w\" sizes=\"(max-width: 600px) 100vw, 600px\" title=\"\">\t\t\t\t\t\t\t\t\t\t\t\t\t\t\t<\/div>\n\t\t\t\t<\/div>\n\t\t\t\t<\/div>\n\t\t\t\t\t<\/div>\n\t\t\t\t<\/section>\n\t\t<section class=\"elementor-element elementor-element-36690d1 ergo-f-list e-flex e-con-boxed e-con e-parent\" data-id=\"36690d1\" data-element_type=\"container\" data-e-type=\"container\">\n\t\t\t\t\t<div class=\"e-con-inner\">\n\t\t<div class=\"elementor-element elementor-element-95c3ed8 e-con-full e-flex e-con e-child\" data-id=\"95c3ed8\" data-element_type=\"container\" data-e-type=\"container\">\n\t\t\t\t<div class=\"elementor-element elementor-element-9a7dfe7 elementor-widget elementor-widget-heading\" data-id=\"9a7dfe7\" data-element_type=\"widget\" data-e-type=\"widget\" data-widget_type=\"heading.default\">\n\t\t\t\t<div class=\"elementor-widget-container\">\n\t\t\t\t\t<h3 class=\"elementor-heading-title elementor-size-default\">Migliorata concentrazione<\/h3>\t\t\t\t<\/div>\n\t\t\t\t<\/div>\n\t\t\t\t<div class=\"elementor-element elementor-element-b927436 elementor-widget elementor-widget-text-editor\" data-id=\"b927436\" data-element_type=\"widget\" data-e-type=\"widget\" data-widget_type=\"text-editor.default\">\n\t\t\t\t<div class=\"elementor-widget-container\">\n\t\t\t\t\t\t\t\t\t<p>La superficie dinamica di Aeris Muvmat favorisce continui e piccoli movimenti durante lo stare in piedi. Queste attivit\u00e0 sottili non solo mantengono i muscoli in esercizio, ma attivano anche la mente. Studi dimostrano che tali stimoli indotti da micromovimenti possono aumentare notevolmente la capacit\u00e0 di apprendimento e di concentrazione.<\/p>\n<p>Oltre a migliorare la concentrazione, la Aeris Muvmat aiuta anche a prevenire le tensioni fisiche. Questo supporto costante assicura di rimanere freschi ed energici anche dopo lunghi periodi di lavoro.<\/p>\n<p>Il tappeto da lavoro assicura benessere e produttivit\u00e0 sia in ufficio che nell&#8217;home office, anche durante lunghi periodi in piedi. Promuovendo il movimento nella vita quotidiana, Aeris Muvmat offre i vantaggi di una posizione eretta attiva. Chi muove i piedi, rimane attivo anche mentalmente.<\/p>\n\t\t\t\t\t\t\t\t<\/div>\n\t\t\t\t<\/div>\n\t\t\t\t<\/div>\n\t\t<div class=\"elementor-element elementor-element-d5a0fbe e-con-full e-flex e-con e-child\" data-id=\"d5a0fbe\" data-element_type=\"container\" data-e-type=\"container\">\n\t\t\t\t<div class=\"elementor-element elementor-element-6ee4ac0 elementor-widget elementor-widget-image\" data-id=\"6ee4ac0\" data-element_type=\"widget\" data-e-type=\"widget\" data-widget_type=\"image.default\">\n\t\t\t\t<div class=\"elementor-widget-container\">\n\t\t\t\t\t\t\t\t\t\t\t\t\t\t\t<img decoding=\"async\" width=\"400\" height=\"600\" src=\"https:\/\/sitz.ch\/wp-content\/uploads\/aeris-muvmat-stehmatte-stehtisch-400x600.webp\" class=\"attachment-medium size-medium wp-image-143022\" alt=\"\" srcset=\"https:\/\/sitz.ch\/wp-content\/uploads\/aeris-muvmat-stehmatte-stehtisch-400x600.webp 400w, https:\/\/sitz.ch\/wp-content\/uploads\/aeris-muvmat-stehmatte-stehtisch-683x1024.webp 683w, https:\/\/sitz.ch\/wp-content\/uploads\/aeris-muvmat-stehmatte-stehtisch-768x1152.webp 768w, https:\/\/sitz.ch\/wp-content\/uploads\/aeris-muvmat-stehmatte-stehtisch-1024x1536.webp 1024w, https:\/\/sitz.ch\/wp-content\/uploads\/aeris-muvmat-stehmatte-stehtisch-1365x2048.webp 1365w, https:\/\/sitz.ch\/wp-content\/uploads\/aeris-muvmat-stehmatte-stehtisch-600x900.webp 600w, https:\/\/sitz.ch\/wp-content\/uploads\/aeris-muvmat-stehmatte-stehtisch-64x96.webp 64w, https:\/\/sitz.ch\/wp-content\/uploads\/aeris-muvmat-stehmatte-stehtisch.webp 1650w\" sizes=\"(max-width: 400px) 100vw, 400px\" title=\"\">\t\t\t\t\t\t\t\t\t\t\t\t\t\t\t<\/div>\n\t\t\t\t<\/div>\n\t\t\t\t<\/div>\n\t\t\t\t\t<\/div>\n\t\t\t\t<\/section>\n\t\t<section class=\"elementor-element elementor-element-8dd0c07 ergo-f-list e-flex e-con-boxed e-con e-parent\" data-id=\"8dd0c07\" data-element_type=\"container\" data-e-type=\"container\">\n\t\t\t\t\t<div class=\"e-con-inner\">\n\t\t<div class=\"elementor-element elementor-element-d5510d5 e-con-full e-flex e-con e-child\" data-id=\"d5510d5\" data-element_type=\"container\" data-e-type=\"container\">\n\t\t\t\t<div class=\"elementor-element elementor-element-861613b elementor-widget elementor-widget-heading\" data-id=\"861613b\" data-element_type=\"widget\" data-e-type=\"widget\" data-widget_type=\"heading.default\">\n\t\t\t\t<div class=\"elementor-widget-container\">\n\t\t\t\t\t<h3 class=\"elementor-heading-title elementor-size-default\">Antiscivolo e sicuro<\/h3>\t\t\t\t<\/div>\n\t\t\t\t<\/div>\n\t\t\t\t<div class=\"elementor-element elementor-element-d91c651 elementor-widget elementor-widget-text-editor\" data-id=\"d91c651\" data-element_type=\"widget\" data-e-type=\"widget\" data-widget_type=\"text-editor.default\">\n\t\t\t\t<div class=\"elementor-widget-container\">\n\t\t\t\t\t\t\t\t\t<p>Il retro del tappetino da lavoro in piedi \u00e8 dotato di pad antiscivolo di alta qualit\u00e0, che garantiscono un&#8217;eccezionale stabilit\u00e0 e sicurezza. Questi pad sono progettati appositamente per fornire una presa salda quando il tappetino \u00e8 sottoposto a pressione, anche su pavimenti scivolosi e lisci.<\/p>\n<p>Nonostante l&#8217;aderenza e la stabilit\u00e0 sicure, il tappetino anti-affaticamento \u00e8 straordinariamente flessibile nella gestione. Il tappetino pu\u00f2 essere spostato e riposizionato facilmente quando non \u00e8 necessario. Questa caratteristica lo rende particolarmente pratico per l&#8217;uso in diversi ambienti di lavoro e scenari. Che si tratti di un ufficio, di un&#8217;officina o di un home office, il tappetino pu\u00f2 essere spostato facilmente nel luogo desiderato e utilizzato in sicurezza.<\/p>\n\t\t\t\t\t\t\t\t<\/div>\n\t\t\t\t<\/div>\n\t\t\t\t<\/div>\n\t\t<div class=\"elementor-element elementor-element-950c739 e-con-full e-flex e-con e-child\" data-id=\"950c739\" data-element_type=\"container\" data-e-type=\"container\">\n\t\t\t\t<div class=\"elementor-element elementor-element-e4ce2d5 elementor-widget elementor-widget-image\" data-id=\"e4ce2d5\" data-element_type=\"widget\" data-e-type=\"widget\" data-widget_type=\"image.default\">\n\t\t\t\t<div class=\"elementor-widget-container\">\n\t\t\t\t\t\t\t\t\t\t\t\t\t\t\t<img decoding=\"async\" width=\"600\" height=\"448\" src=\"https:\/\/sitz.ch\/wp-content\/uploads\/aeris-muvmat-stehmatte-rutschfest-600x448.webp\" class=\"attachment-medium size-medium wp-image-143019\" alt=\"\" srcset=\"https:\/\/sitz.ch\/wp-content\/uploads\/aeris-muvmat-stehmatte-rutschfest-600x448.webp 600w, https:\/\/sitz.ch\/wp-content\/uploads\/aeris-muvmat-stehmatte-rutschfest-1024x765.webp 1024w, https:\/\/sitz.ch\/wp-content\/uploads\/aeris-muvmat-stehmatte-rutschfest-768x574.webp 768w, https:\/\/sitz.ch\/wp-content\/uploads\/aeris-muvmat-stehmatte-rutschfest-64x48.webp 64w, https:\/\/sitz.ch\/wp-content\/uploads\/aeris-muvmat-stehmatte-rutschfest.webp 1336w\" sizes=\"(max-width: 600px) 100vw, 600px\" title=\"\">\t\t\t\t\t\t\t\t\t\t\t\t\t\t\t<\/div>\n\t\t\t\t<\/div>\n\t\t\t\t<\/div>\n\t\t\t\t\t<\/div>\n\t\t\t\t<\/section>\n\t\t<section class=\"elementor-element elementor-element-09811db ergo-f-list e-flex e-con-boxed e-con e-parent\" data-id=\"09811db\" data-element_type=\"container\" data-e-type=\"container\">\n\t\t\t\t\t<div class=\"e-con-inner\">\n\t\t<div class=\"elementor-element elementor-element-3ed188c e-con-full e-flex e-con e-child\" data-id=\"3ed188c\" data-element_type=\"container\" data-e-type=\"container\">\n\t\t\t\t<div class=\"elementor-element elementor-element-1ae3205 elementor-widget elementor-widget-heading\" data-id=\"1ae3205\" data-element_type=\"widget\" data-e-type=\"widget\" data-widget_type=\"heading.default\">\n\t\t\t\t<div class=\"elementor-widget-container\">\n\t\t\t\t\t<h3 class=\"elementor-heading-title elementor-size-default\">Bordi smussati<\/h3>\t\t\t\t<\/div>\n\t\t\t\t<\/div>\n\t\t\t\t<div class=\"elementor-element elementor-element-22ffee0 elementor-widget elementor-widget-text-editor\" data-id=\"22ffee0\" data-element_type=\"widget\" data-e-type=\"widget\" data-widget_type=\"text-editor.default\">\n\t\t\t\t<div class=\"elementor-widget-container\">\n\t\t\t\t\t\t\t\t\t<p>Il tappetino anti-fatica si distingue per le superfici laterali smussate che garantiscono la massima sicurezza sul posto di lavoro. Queste superfici specifiche prevengono il rischio di inciampare e assicurano una posizione sicura e stabile, anche in caso di frequenti cambi di posizione o periodi prolungati in piedi.<\/p>\n<p>I bordi smussati del tappetino non sono solo esteticamente gradevoli, ma anche funzionali. Consentono una transizione senza soluzione di continuit\u00e0 tra il pavimento e il tappetino. Questa caratteristica \u00e8 particolarmente importante negli ambienti di lavoro in cui sono richiesti movimenti costanti e reazioni rapide.<\/p>\n\t\t\t\t\t\t\t\t<\/div>\n\t\t\t\t<\/div>\n\t\t\t\t<\/div>\n\t\t<div class=\"elementor-element elementor-element-f44a819 e-con-full e-flex e-con e-child\" data-id=\"f44a819\" data-element_type=\"container\" data-e-type=\"container\">\n\t\t\t\t<div class=\"elementor-element elementor-element-455c6f2 elementor-widget elementor-widget-image\" data-id=\"455c6f2\" data-element_type=\"widget\" data-e-type=\"widget\" data-widget_type=\"image.default\">\n\t\t\t\t<div class=\"elementor-widget-container\">\n\t\t\t\t\t\t\t\t\t\t\t\t\t\t\t<img decoding=\"async\" width=\"600\" height=\"375\" src=\"https:\/\/sitz.ch\/wp-content\/uploads\/aeris-muvmat-trittsicherheit-abgeschraegte-kanten-600x375.webp\" class=\"attachment-medium size-medium wp-image-143025\" alt=\"\" srcset=\"https:\/\/sitz.ch\/wp-content\/uploads\/aeris-muvmat-trittsicherheit-abgeschraegte-kanten-600x375.webp 600w, https:\/\/sitz.ch\/wp-content\/uploads\/aeris-muvmat-trittsicherheit-abgeschraegte-kanten-1024x640.webp 1024w, https:\/\/sitz.ch\/wp-content\/uploads\/aeris-muvmat-trittsicherheit-abgeschraegte-kanten-768x480.webp 768w, https:\/\/sitz.ch\/wp-content\/uploads\/aeris-muvmat-trittsicherheit-abgeschraegte-kanten-64x40.webp 64w, https:\/\/sitz.ch\/wp-content\/uploads\/aeris-muvmat-trittsicherheit-abgeschraegte-kanten.webp 1500w\" sizes=\"(max-width: 600px) 100vw, 600px\" title=\"\">\t\t\t\t\t\t\t\t\t\t\t\t\t\t\t<\/div>\n\t\t\t\t<\/div>\n\t\t\t\t<\/div>\n\t\t\t\t\t<\/div>\n\t\t\t\t<\/section>\n\t\t<section class=\"elementor-element elementor-element-b92f93e e-flex e-con-boxed e-con e-parent\" data-id=\"b92f93e\" data-element_type=\"container\" data-e-type=\"container\" data-settings=\"{&quot;background_background&quot;:&quot;classic&quot;}\">\n\t\t\t\t\t<div class=\"e-con-inner\">\n\t\t\t\t<div class=\"elementor-element elementor-element-c9a39fe elementor-widget elementor-widget-heading\" data-id=\"c9a39fe\" data-element_type=\"widget\" data-e-type=\"widget\" data-widget_type=\"heading.default\">\n\t\t\t\t<div class=\"elementor-widget-container\">\n\t\t\t\t\t<div class=\"elementor-heading-title elementor-size-default\">Lavorando su Aeris Muvmat, i tempi di reazione sono dimostrabilmente fino al 50% pi\u00f9 veloci rispetto a stare in piedi su un pavimento piano.<\/div>\t\t\t\t<\/div>\n\t\t\t\t<\/div>\n\t\t\t\t<div class=\"elementor-element elementor-element-a08f334 elementor-widget elementor-widget-heading\" data-id=\"a08f334\" data-element_type=\"widget\" data-e-type=\"widget\" data-widget_type=\"heading.default\">\n\t\t\t\t<div class=\"elementor-widget-container\">\n\t\t\t\t\t<div class=\"elementor-heading-title elementor-size-default\">Dr. Diana Henz, Istituto di Scienze dello Sport dell'Universit\u00e0 Johannes Gutenberg di Magonza<\/div>\t\t\t\t<\/div>\n\t\t\t\t<\/div>\n\t\t\t\t\t<\/div>\n\t\t\t\t<\/section>\n\t\t\t\t<\/div>\n\t\t","protected":false},"excerpt":{"rendered":"<p>Muvmat Aeris Tappetino Antifatica:<\/p>\n<p>Stare in piedi su superfici dure rappresenta un lavoro impegnativo per il nostro corpo. Per questo \u00e8 stato sviluppato il Muvmat Aeris. Il tappetino per postazioni in piedi attiva e rilassa al contempo, mantenendo il corpo in movimento: come camminare su un terreno boschivo.<\/p>\n<p>Grazie alla sua robusta superficie, il Muvmat Aeris \u00e8 adatto all&#8217;uso con scarpe \u2013 ma \u00e8 perfetto anche per chi ama stare a piedi nudi. Oltre all&#8217;ufficio, pu\u00f2 essere utilizzato in produzione, in laboratorio, in terapia e anche a casa, ovunque ci si trovi a lavorare in piedi per lungo tempo.<\/p>\n<p>CARATTERISTICHE DEL PRODOTTO<\/p>\n<p>Dimensioni<br \/>\n(L) 91,5 cm x (P) 48 cm x (A) 3,5 cm<\/p>\n<p>Peso del prodotto<br \/>\n2,7 kg<\/p>\n<p>Materiale<br \/>\nStruttura interna: EPP<br \/>\nSuperficie d&#8217;appoggio: Schiuma integrale morbida PU<br \/>\nRivestimento (opzionale): 100% Poliestere<\/p>\n","protected":false},"featured_media":141990,"comment_status":"open","ping_status":"closed","template":"","meta":{"_acf_changed":false},"pwb-brand":[84],"product_brand":[],"product_cat":[300,319,301,282,321],"product_tag":[],"class_list":{"0":"post-148041","1":"product","2":"type-product","3":"status-publish","4":"has-post-thumbnail","6":"pwb-brand-aeris","7":"product_cat-accessori-ergonomici","8":"product_cat-attrezzature-per-lallenamento","9":"product_cat-poggiapiedi","10":"product_cat-scrivanie-regolabili-in-altezza","11":"product_cat-tappetini-antifatica","12":"tm-has-options","14":"first","15":"instock","16":"featured","17":"taxable","18":"shipping-taxable","19":"purchasable","20":"product-type-variable","21":"has-default-attributes"},"acf":[],"brands":[{"id":84,"name":"Aeris","slug":"aeris"}],"_links":{"self":[{"href":"https:\/\/sitz.ch\/it\/wp-json\/wp\/v2\/product\/148041","targetHints":{"allow":["GET"]}}],"collection":[{"href":"https:\/\/sitz.ch\/it\/wp-json\/wp\/v2\/product"}],"about":[{"href":"https:\/\/sitz.ch\/it\/wp-json\/wp\/v2\/types\/product"}],"replies":[{"embeddable":true,"href":"https:\/\/sitz.ch\/it\/wp-json\/wp\/v2\/comments?post=148041"}],"version-history":[{"count":2,"href":"https:\/\/sitz.ch\/it\/wp-json\/wp\/v2\/product\/148041\/revisions"}],"predecessor-version":[{"id":156944,"href":"https:\/\/sitz.ch\/it\/wp-json\/wp\/v2\/product\/148041\/revisions\/156944"}],"wp:featuredmedia":[{"embeddable":true,"href":"https:\/\/sitz.ch\/it\/wp-json\/wp\/v2\/media\/141990"}],"wp:attachment":[{"href":"https:\/\/sitz.ch\/it\/wp-json\/wp\/v2\/media?parent=148041"}],"wp:term":[{"taxonomy":"pwb-brand","embeddable":true,"href":"https:\/\/sitz.ch\/it\/wp-json\/wp\/v2\/pwb-brand?post=148041"},{"taxonomy":"product_brand","embeddable":true,"href":"https:\/\/sitz.ch\/it\/wp-json\/wp\/v2\/product_brand?post=148041"},{"taxonomy":"product_cat","embeddable":true,"href":"https:\/\/sitz.ch\/it\/wp-json\/wp\/v2\/product_cat?post=148041"},{"taxonomy":"product_tag","embeddable":true,"href":"https:\/\/sitz.ch\/it\/wp-json\/wp\/v2\/product_tag?post=148041"}],"curies":[{"name":"wp","href":"https:\/\/api.w.org\/{rel}","templated":true}]}}