{"id":148254,"date":"2016-11-12T00:06:43","date_gmt":"2016-11-11T23:06:43","guid":{"rendered":"https:\/\/sitz.ch\/produkt\/anatom-comfort-leggio\/"},"modified":"2016-11-12T00:06:43","modified_gmt":"2016-11-11T23:06:43","slug":"anatom-comfort-leggio","status":"publish","type":"product","link":"https:\/\/sitz.ch\/it\/prodotto\/anatom-comfort-leggio\/","title":{"rendered":"Anatom Comfort Leggio"},"content":{"rendered":"<p>SUPPORTO COMFORT<\/p>\n<p>Indipendente &#8211; maggiore libert\u00e0.<\/p>\n<p>Che tu stia leggendo, scrivendo o mangiando &#8211; nel letto o in poltrona &#8211; il supporto Comfort \u00e8 il tuo fidato alleato. Pu\u00f2 essere adattato a quasi tutte le situazioni e offre la stabilit\u00e0 necessaria per ciascuna.<\/p>\n<p>H: 78 cm, L: 74 cm, P: 60 cm<\/p>\n<p>Disponibile con ruote (base rotonda o base a V) e con piedini (fissi) base a V<\/p>\n<p>&nbsp;<\/p>\n","protected":false},"excerpt":{"rendered":"<p>SUPPORTO COMFORT Indipendente &#8211; maggiore libert\u00e0. Che tu stia leggendo, scrivendo o mangiando &#8211; nel letto o in poltrona &#8211; il supporto Comfort \u00e8 il tuo fidato alleato. Pu\u00f2 essere adattato a quasi tutte le situazioni e offre la stabilit\u00e0 necessaria per ciascuna. H: 78 cm, L: 74 cm, P: 60 cm Disponibile con ruote [&hellip;]<\/p>\n","protected":false},"featured_media":138102,"comment_status":"open","ping_status":"closed","template":"","meta":{"_acf_changed":false},"pwb-brand":[97],"product_brand":[],"product_cat":[300,308,312,310,311,306],"product_tag":[],"class_list":{"0":"post-148254","1":"product","2":"type-product","3":"status-publish","4":"has-post-thumbnail","6":"pwb-brand-anatom","7":"product_cat-accessori-ergonomici","8":"product_cat-poltrone-relax","9":"product_cat-poltrone-relax-con-funzione-alzapersona","10":"product_cat-poltrone-relax-elettriche","11":"product_cat-poltrone-relax-manuali","12":"product_cat-porta-documenti-supporto-pc-portatile","13":"tm-has-options","15":"first","16":"instock","17":"featured","18":"taxable","19":"shipping-taxable","20":"purchasable","21":"product-type-variable","22":"has-default-attributes"},"acf":[],"brands":[{"id":97,"name":"Anatom","slug":"anatom"}],"_links":{"self":[{"href":"https:\/\/sitz.ch\/it\/wp-json\/wp\/v2\/product\/148254","targetHints":{"allow":["GET"]}}],"collection":[{"href":"https:\/\/sitz.ch\/it\/wp-json\/wp\/v2\/product"}],"about":[{"href":"https:\/\/sitz.ch\/it\/wp-json\/wp\/v2\/types\/product"}],"replies":[{"embeddable":true,"href":"https:\/\/sitz.ch\/it\/wp-json\/wp\/v2\/comments?post=148254"}],"version-history":[{"count":0,"href":"https:\/\/sitz.ch\/it\/wp-json\/wp\/v2\/product\/148254\/revisions"}],"wp:featuredmedia":[{"embeddable":true,"href":"https:\/\/sitz.ch\/it\/wp-json\/wp\/v2\/media\/138102"}],"wp:attachment":[{"href":"https:\/\/sitz.ch\/it\/wp-json\/wp\/v2\/media?parent=148254"}],"wp:term":[{"taxonomy":"pwb-brand","embeddable":true,"href":"https:\/\/sitz.ch\/it\/wp-json\/wp\/v2\/pwb-brand?post=148254"},{"taxonomy":"product_brand","embeddable":true,"href":"https:\/\/sitz.ch\/it\/wp-json\/wp\/v2\/product_brand?post=148254"},{"taxonomy":"product_cat","embeddable":true,"href":"https:\/\/sitz.ch\/it\/wp-json\/wp\/v2\/product_cat?post=148254"},{"taxonomy":"product_tag","embeddable":true,"href":"https:\/\/sitz.ch\/it\/wp-json\/wp\/v2\/product_tag?post=148254"}],"curies":[{"name":"wp","href":"https:\/\/api.w.org\/{rel}","templated":true}]}}