{"id":148349,"date":"2016-11-12T00:14:58","date_gmt":"2016-11-11T23:14:58","guid":{"rendered":"https:\/\/sitz.ch\/produkt\/elsa-cuscino-a-mezzarullo\/"},"modified":"2016-11-12T00:14:58","modified_gmt":"2016-11-11T23:14:58","slug":"elsa-cuscino-a-mezzarullo","status":"publish","type":"product","link":"https:\/\/sitz.ch\/it\/prodotto\/elsa-cuscino-a-mezzarullo\/","title":{"rendered":"Elsa Cuscino a Mezzarullo"},"content":{"rendered":"<p><strong><span style=\"font-size: 18px;\">elsa-Mezzarotolo (Cuscino per ginocchia)<\/span><\/strong><\/p>\n<p><span style=\"font-family: Arial;\"><span style=\"font-size: small;\">Dimensioni (Lunghezza x Altezza x Profondit\u00e0): 65 x 10 x 20 cm<br \/>\n<\/span><\/span><span style=\"font-size: small;\">mezzo nel formato, pieno nell&#8217;efficacia<\/span><\/p>\n<p>&nbsp;<\/p>\n<p>Questo prodotto \u00e8 disponibile solo con rivestimento plastificato.<\/p>\n<p>&nbsp;<\/p>\n<p>Attenzione: per motivi igienici, non \u00e8 possibile restituire questo prodotto.<\/p>\n<p style=\"text-align: center;\">\n","protected":false},"excerpt":{"rendered":"<p>elsa-Mezzarotolo (Cuscino per ginocchia) Dimensioni (Lunghezza x Altezza x Profondit\u00e0): 65 x 10 x 20 cm mezzo nel formato, pieno nell&#8217;efficacia &nbsp; Questo prodotto \u00e8 disponibile solo con rivestimento plastificato. &nbsp; Attenzione: per motivi igienici, non \u00e8 possibile restituire questo prodotto.<\/p>\n","protected":false},"featured_media":142176,"comment_status":"open","ping_status":"closed","template":"","meta":{"_acf_changed":false},"pwb-brand":[110],"product_brand":[],"product_cat":[354,300,303,353],"product_tag":[],"class_list":{"0":"post-148349","1":"product","2":"type-product","3":"status-publish","4":"has-post-thumbnail","6":"pwb-brand-elsa","7":"product_cat-warenkorb-popup-mit-warnung-it","8":"product_cat-accessori-ergonomici","9":"product_cat-cuscini","10":"product_cat-zahlung-auf-rechnung-nicht-verfuegbar-it","11":"tm-has-options","13":"first","14":"onbackorder","15":"taxable","16":"shipping-taxable","17":"purchasable","18":"product-type-variable","19":"has-default-attributes"},"acf":[],"brands":[{"id":110,"name":"Elsa","slug":"elsa"}],"_links":{"self":[{"href":"https:\/\/sitz.ch\/it\/wp-json\/wp\/v2\/product\/148349","targetHints":{"allow":["GET"]}}],"collection":[{"href":"https:\/\/sitz.ch\/it\/wp-json\/wp\/v2\/product"}],"about":[{"href":"https:\/\/sitz.ch\/it\/wp-json\/wp\/v2\/types\/product"}],"replies":[{"embeddable":true,"href":"https:\/\/sitz.ch\/it\/wp-json\/wp\/v2\/comments?post=148349"}],"version-history":[{"count":0,"href":"https:\/\/sitz.ch\/it\/wp-json\/wp\/v2\/product\/148349\/revisions"}],"wp:featuredmedia":[{"embeddable":true,"href":"https:\/\/sitz.ch\/it\/wp-json\/wp\/v2\/media\/142176"}],"wp:attachment":[{"href":"https:\/\/sitz.ch\/it\/wp-json\/wp\/v2\/media?parent=148349"}],"wp:term":[{"taxonomy":"pwb-brand","embeddable":true,"href":"https:\/\/sitz.ch\/it\/wp-json\/wp\/v2\/pwb-brand?post=148349"},{"taxonomy":"product_brand","embeddable":true,"href":"https:\/\/sitz.ch\/it\/wp-json\/wp\/v2\/product_brand?post=148349"},{"taxonomy":"product_cat","embeddable":true,"href":"https:\/\/sitz.ch\/it\/wp-json\/wp\/v2\/product_cat?post=148349"},{"taxonomy":"product_tag","embeddable":true,"href":"https:\/\/sitz.ch\/it\/wp-json\/wp\/v2\/product_tag?post=148349"}],"curies":[{"name":"wp","href":"https:\/\/api.w.org\/{rel}","templated":true}]}}