{"id":148444,"date":"2016-11-12T00:07:25","date_gmt":"2016-11-11T23:07:25","guid":{"rendered":"https:\/\/sitz.ch\/produkt\/ergopoint-e-slide-flexx-portadocumenti-acrilico\/"},"modified":"2016-11-12T00:07:25","modified_gmt":"2016-11-11T23:07:25","slug":"ergopoint-e-slide-flexx-portadocumenti-acrilico","status":"publish","type":"product","link":"https:\/\/sitz.ch\/it\/prodotto\/ergopoint-e-slide-flexx-portadocumenti-acrilico\/","title":{"rendered":"ErgoPoint E-Slide Flexx Portadocumenti Acrilico"},"content":{"rendered":"<p>L&#8217;E-Slide Flexx \u00e8 un supporto porta documenti \/ sopraelevatore e ausilio per la lettura in plexiglas e offre un ampio range di regolazione. La regolazione \u00e8 facile e pu\u00f2 essere effettuata senza problemi mentre lavori. Non devi mettere da parte i tuoi documenti. Si evita un&#8217;inutile inclinazione e rotazione del busto, preservando cos\u00ec la colonna vertebrale cervicale, i muscoli del collo e gli occhi. Grazie alla sua versatilit\u00e0 di regolazione, l&#8217;E-Slide Flexx diventa un mobile da scrivania di cui non vorrai pi\u00f9 fare a meno. Ideale per frequenti adattamenti e regolazioni.<br \/>\nPu\u00f2 ospitare piani di costruzione di grande formato o tabelle Excel in formato A3, senza che la tastiera intralci o occupi spazio.<br \/>\nAnche il design trasparente e la facilit\u00e0 di regolazione sono convincenti.<\/p>\n<p>Dimensioni:<\/p>\n<p>Altezza 6,5 cm \/ dietro fino a 14 cm,<\/p>\n<p>Larghezza 57 cm, Profondit\u00e0 30 cm<\/p>\n<p>Materiale: Plexiglas<\/p>\n<p>Uso:<\/p>\n<p>per postazione PC, supporto per libri o ausilio per la lettura<\/p>\n<p><strong>Molto facile da regolare in altezza, da completamente piatto a inclinato.<\/strong><\/p>\n","protected":false},"excerpt":{"rendered":"<p>L&#8217;E-Slide Flexx \u00e8 un supporto porta documenti \/ sopraelevatore e ausilio per la lettura in plexiglas e offre un ampio range di regolazione. La regolazione \u00e8 facile e pu\u00f2 essere effettuata senza problemi mentre lavori. Non devi mettere da parte i tuoi documenti. Si evita un&#8217;inutile inclinazione e rotazione del busto, preservando cos\u00ec la colonna [&hellip;]<\/p>\n","protected":false},"featured_media":138168,"comment_status":"open","ping_status":"closed","template":"","meta":{"_acf_changed":false},"pwb-brand":[94],"product_brand":[],"product_cat":[300,306],"product_tag":[],"class_list":{"0":"post-148444","1":"product","2":"type-product","3":"status-publish","4":"has-post-thumbnail","6":"pwb-brand-ergopoint","7":"product_cat-accessori-ergonomici","8":"product_cat-porta-documenti-supporto-pc-portatile","9":"tm-has-options","11":"first","12":"instock","13":"featured","14":"taxable","15":"shipping-taxable","16":"purchasable","17":"product-type-variable","18":"has-default-attributes"},"acf":[],"brands":[{"id":94,"name":"ErgoPoint","slug":"ergopoint"}],"_links":{"self":[{"href":"https:\/\/sitz.ch\/it\/wp-json\/wp\/v2\/product\/148444","targetHints":{"allow":["GET"]}}],"collection":[{"href":"https:\/\/sitz.ch\/it\/wp-json\/wp\/v2\/product"}],"about":[{"href":"https:\/\/sitz.ch\/it\/wp-json\/wp\/v2\/types\/product"}],"replies":[{"embeddable":true,"href":"https:\/\/sitz.ch\/it\/wp-json\/wp\/v2\/comments?post=148444"}],"version-history":[{"count":0,"href":"https:\/\/sitz.ch\/it\/wp-json\/wp\/v2\/product\/148444\/revisions"}],"wp:featuredmedia":[{"embeddable":true,"href":"https:\/\/sitz.ch\/it\/wp-json\/wp\/v2\/media\/138168"}],"wp:attachment":[{"href":"https:\/\/sitz.ch\/it\/wp-json\/wp\/v2\/media?parent=148444"}],"wp:term":[{"taxonomy":"pwb-brand","embeddable":true,"href":"https:\/\/sitz.ch\/it\/wp-json\/wp\/v2\/pwb-brand?post=148444"},{"taxonomy":"product_brand","embeddable":true,"href":"https:\/\/sitz.ch\/it\/wp-json\/wp\/v2\/product_brand?post=148444"},{"taxonomy":"product_cat","embeddable":true,"href":"https:\/\/sitz.ch\/it\/wp-json\/wp\/v2\/product_cat?post=148444"},{"taxonomy":"product_tag","embeddable":true,"href":"https:\/\/sitz.ch\/it\/wp-json\/wp\/v2\/product_tag?post=148444"}],"curies":[{"name":"wp","href":"https:\/\/api.w.org\/{rel}","templated":true}]}}