{"id":148446,"date":"2018-01-01T10:23:58","date_gmt":"2018-01-01T09:23:58","guid":{"rendered":"https:\/\/sitz.ch\/produkt\/ergopoint-e-slide-pluss-portadocumenti-in-acrilico\/"},"modified":"2018-01-01T10:23:58","modified_gmt":"2018-01-01T09:23:58","slug":"ergopoint-e-slide-pluss-portadocumenti-in-acrilico","status":"publish","type":"product","link":"https:\/\/sitz.ch\/it\/prodotto\/ergopoint-e-slide-pluss-portadocumenti-in-acrilico\/","title":{"rendered":"ErgoPoint E-Slide Pluss Portadocumenti in Acrilico"},"content":{"rendered":"<p>Volete lavorare al laptop o al computer e prendere appunti allo stesso tempo? Allora l&#8217;E-Slide Pluss \u00e8 l&#8217;ideale per voi, offrendo inoltre pi\u00f9 spazio di lavoro e un&#8217;area di lavoro ordinata. Vi supporta anche quando avete a che fare con documenti cartacei.<\/p>\n<p>L&#8217;E-Slide Pluss, un supporto per documenti in acrilico, segue il nuovo concetto ergonomico \u201cLavorare centrati sul corpo\u201d.<\/p>\n<p>Il supporto per documenti pu\u00f2 essere facilmente posizionato sopra la tastiera o la tastiera pu\u00f2 essere spostata sotto di esso, creando cos\u00ec uno spazio libero per fogli di lavoro e documenti. Semplice, pratico e indispensabile. Una volta utilizzato il supporto per documenti, non potrete pi\u00f9 farne a meno.<\/p>\n<p>Utilizzo:<\/p>\n<p>Postazione PC<\/p>\n<p>Dimensioni del supporto per la tastiera:<\/p>\n<p>Lunghezza: 46 cm x Larghezza: 7,5 cm x Altezza: 2 cm<\/p>\n<p>Materiale:<\/p>\n<p>Gel, Rivestimento in fibra sintetica<\/p>\n<p>Dimensioni e materiale:<\/p>\n<p>Altezza 6\/14cm, Larghezza 57cm, Profondit\u00e0 30.5cm<\/p>\n<p>Materiale: Acrilico<\/p>\n<p>Utilizzo:<\/p>\n<p>per postazione PC<\/p>\n<p>Questo supporto per documenti si adatta a qualsiasi tastiera<\/p>\n","protected":false},"excerpt":{"rendered":"<p>Volete lavorare al laptop o al computer e prendere appunti allo stesso tempo? Allora l&#8217;E-Slide Pluss \u00e8 l&#8217;ideale per voi, offrendo inoltre pi\u00f9 spazio di lavoro e un&#8217;area di lavoro ordinata. Vi supporta anche quando avete a che fare con documenti cartacei. L&#8217;E-Slide Pluss, un supporto per documenti in acrilico, segue il nuovo concetto ergonomico [&hellip;]<\/p>\n","protected":false},"featured_media":139491,"comment_status":"open","ping_status":"closed","template":"","meta":{"_acf_changed":false},"pwb-brand":[94],"product_brand":[],"product_cat":[300,306],"product_tag":[],"class_list":{"0":"post-148446","1":"product","2":"type-product","3":"status-publish","4":"has-post-thumbnail","6":"pwb-brand-ergopoint","7":"product_cat-accessori-ergonomici","8":"product_cat-porta-documenti-supporto-pc-portatile","9":"tm-has-options","11":"first","12":"instock","13":"sale","14":"featured","15":"taxable","16":"shipping-taxable","17":"purchasable","18":"product-type-variable","19":"has-default-attributes"},"acf":[],"brands":[{"id":94,"name":"ErgoPoint","slug":"ergopoint"}],"_links":{"self":[{"href":"https:\/\/sitz.ch\/it\/wp-json\/wp\/v2\/product\/148446","targetHints":{"allow":["GET"]}}],"collection":[{"href":"https:\/\/sitz.ch\/it\/wp-json\/wp\/v2\/product"}],"about":[{"href":"https:\/\/sitz.ch\/it\/wp-json\/wp\/v2\/types\/product"}],"replies":[{"embeddable":true,"href":"https:\/\/sitz.ch\/it\/wp-json\/wp\/v2\/comments?post=148446"}],"version-history":[{"count":0,"href":"https:\/\/sitz.ch\/it\/wp-json\/wp\/v2\/product\/148446\/revisions"}],"wp:featuredmedia":[{"embeddable":true,"href":"https:\/\/sitz.ch\/it\/wp-json\/wp\/v2\/media\/139491"}],"wp:attachment":[{"href":"https:\/\/sitz.ch\/it\/wp-json\/wp\/v2\/media?parent=148446"}],"wp:term":[{"taxonomy":"pwb-brand","embeddable":true,"href":"https:\/\/sitz.ch\/it\/wp-json\/wp\/v2\/pwb-brand?post=148446"},{"taxonomy":"product_brand","embeddable":true,"href":"https:\/\/sitz.ch\/it\/wp-json\/wp\/v2\/product_brand?post=148446"},{"taxonomy":"product_cat","embeddable":true,"href":"https:\/\/sitz.ch\/it\/wp-json\/wp\/v2\/product_cat?post=148446"},{"taxonomy":"product_tag","embeddable":true,"href":"https:\/\/sitz.ch\/it\/wp-json\/wp\/v2\/product_tag?post=148446"}],"curies":[{"name":"wp","href":"https:\/\/api.w.org\/{rel}","templated":true}]}}