{"id":148553,"date":"2019-02-11T13:44:50","date_gmt":"2019-02-11T12:44:50","guid":{"rendered":"https:\/\/sitz.ch\/produkt\/giroflex-adapt-33-reha-sedia-per-pazienti-con-coxartrosi-dellanca\/"},"modified":"2019-02-11T13:44:50","modified_gmt":"2019-02-11T12:44:50","slug":"giroflex-adapt-33-reha-sedia-per-pazienti-con-coxartrosi-dellanca","status":"publish","type":"product","link":"https:\/\/sitz.ch\/it\/prodotto\/giroflex-adapt-33-reha-sedia-per-pazienti-con-coxartrosi-dellanca\/","title":{"rendered":"Giroflex Adapt 33 Reha Sedia per pazienti con coxartrosi dell&#8217;anca"},"content":{"rendered":"<p>La sedia per pazienti con problemi all&#8217;anca \u00e8 stata sviluppata appositamente per le esigenze dei pazienti affetti da coxartrosi. La poltrona consente agli interessati di sedersi senza problemi grazie a una posizione di seduta rialzata e a un&#8217;angolazione del sedile appositamente inclinata in avanti. Anche l&#8217;altezza definitiva della seduta contribuisce a un comfort di seduta massimo in condizioni particolari. Essa aiuta ad alleviare il bacino appoggiandosi all&#8217;indietro. La sedia per pazienti con problemi all&#8217;anca \u00e8 adatta sia per l&#8217;uso in strutture terapeutiche sia in ambienti privati. Nella configurazione di base, questa sedia per la riabilitazione della coxartrosi \u00e8 gi\u00e0 dotata di una struttura cromata. Questo la rende pi\u00f9 facile da pulire, le conferisce un aspetto attraente e ne garantisce una lunga durata.<\/p>\n","protected":false},"excerpt":{"rendered":"<p>La sedia per pazienti con problemi all&#8217;anca \u00e8 stata sviluppata appositamente per le esigenze dei pazienti affetti da coxartrosi. La poltrona consente agli interessati di sedersi senza problemi grazie a una posizione di seduta rialzata e a un&#8217;angolazione del sedile appositamente inclinata in avanti. Anche l&#8217;altezza definitiva della seduta contribuisce a un comfort di seduta [&hellip;]<\/p>\n","protected":false},"featured_media":138948,"comment_status":"open","ping_status":"closed","template":"","meta":{"_acf_changed":false},"pwb-brand":[120],"product_brand":[],"product_cat":[296,307,318,206],"product_tag":[],"class_list":{"0":"post-148553","1":"product","2":"type-product","3":"status-publish","4":"has-post-thumbnail","6":"pwb-brand-giroflex","7":"product_cat-sedie-per-pazienti-con-bastone","8":"product_cat-sedie-per-sala-da-pranzo-conferenza","9":"product_cat-sgabello-da-lavoro-in-piedi","10":"product_cat-soluzioni-di-seduta-speciali","11":"product_shipping_class-spedizione-gratuita","12":"tm-has-options","14":"first","15":"outofstock","16":"sale","17":"featured","18":"taxable","19":"shipping-taxable","20":"purchasable","21":"product-type-variable","22":"has-default-attributes"},"acf":[],"brands":[{"id":120,"name":"Giroflex","slug":"giroflex"}],"_links":{"self":[{"href":"https:\/\/sitz.ch\/it\/wp-json\/wp\/v2\/product\/148553","targetHints":{"allow":["GET"]}}],"collection":[{"href":"https:\/\/sitz.ch\/it\/wp-json\/wp\/v2\/product"}],"about":[{"href":"https:\/\/sitz.ch\/it\/wp-json\/wp\/v2\/types\/product"}],"replies":[{"embeddable":true,"href":"https:\/\/sitz.ch\/it\/wp-json\/wp\/v2\/comments?post=148553"}],"version-history":[{"count":0,"href":"https:\/\/sitz.ch\/it\/wp-json\/wp\/v2\/product\/148553\/revisions"}],"wp:featuredmedia":[{"embeddable":true,"href":"https:\/\/sitz.ch\/it\/wp-json\/wp\/v2\/media\/138948"}],"wp:attachment":[{"href":"https:\/\/sitz.ch\/it\/wp-json\/wp\/v2\/media?parent=148553"}],"wp:term":[{"taxonomy":"pwb-brand","embeddable":true,"href":"https:\/\/sitz.ch\/it\/wp-json\/wp\/v2\/pwb-brand?post=148553"},{"taxonomy":"product_brand","embeddable":true,"href":"https:\/\/sitz.ch\/it\/wp-json\/wp\/v2\/product_brand?post=148553"},{"taxonomy":"product_cat","embeddable":true,"href":"https:\/\/sitz.ch\/it\/wp-json\/wp\/v2\/product_cat?post=148553"},{"taxonomy":"product_tag","embeddable":true,"href":"https:\/\/sitz.ch\/it\/wp-json\/wp\/v2\/product_tag?post=148553"}],"curies":[{"name":"wp","href":"https:\/\/api.w.org\/{rel}","templated":true}]}}