{"id":148568,"date":"2022-07-11T09:58:18","date_gmt":"2022-07-11T07:58:18","guid":{"rendered":"https:\/\/sitz.ch\/produkt\/fitform-poltrona-massaggiante-wellness-premium-614\/"},"modified":"2022-07-11T09:58:18","modified_gmt":"2022-07-11T07:58:18","slug":"fitform-poltrona-massaggiante-wellness-premium-614","status":"publish","type":"product","link":"https:\/\/sitz.ch\/it\/prodotto\/fitform-poltrona-massaggiante-wellness-premium-614\/","title":{"rendered":"Fitform Poltrona Massaggiante Wellness Premium 614"},"content":{"rendered":"<h1>Fitform Wellness Premium 614<\/h1>\n<p>&nbsp;<\/p>\n<h3>Comfort &amp; Design<\/h3>\n<p>Questa moderna poltrona <em>wellness<\/em> girevole con braccioli aperti offre un comfort di seduta in modo ottimale. La poltrona \u00e8 dotata di una imbottitura con materiali pi\u00f9 morbidi e un rivestimento leggermente pi\u00f9 rilassato. Questo crea un comfort extra abbinato a un aspetto casual.<\/p>\n<p>Unicamente, i braccioli seguono il corpo durante i movimenti di regolazione. Su richiesta, questa poltrona pu\u00f2 essere fornita con un rivestimento in tessuto oltre che in pelle.<\/p>\n<p>Il Fitform Wellness Premium 614 \u00e8 dotato di comandi a pulsante sotto il bracciolo o, su richiesta, con comandi a filo.<\/p>\n<p>I supporti dei braccioli nella parte anteriore sono offerti con lo stesso rivestimento della poltrona o nella variante in acciaio inox rotondo.<\/p>\n<p><strong>Versione standard Modello 2614:<\/strong><\/p>\n<p>\u2022\u00a0\u00a0\u00a0 Larghezza seduta standard 51 cm<\/p>\n<p>\u2022\u00a0\u00a0\u00a0 Schienale 76 cm<\/p>\n<p>\u2022\u00a0 \u00a0 Base girevole (con freno nella funzione alzata)<\/p>\n<p>\u2022\u00a0\u00a0\u00a0 Imbottitura extra comfort (fiocchi) nella seduta e schienale<\/p>\n<p>\u2022\u00a0\u00a0\u00a0 Area lombare con cuscino gonfiabile regolabile in profondit\u00e0 e altezza<\/p>\n<p>\u2022\u00a0\u00a0\u00a0 Supporto per collo regolabile in inclinazione<\/p>\n<p>\u2022\u00a0\u00a0\u00a0 Sollevamento elettrico incorporato<\/p>\n<p>\u2022\u00a0\u00a0\u00a0 Schienale, inclinazione seduta e poggiapiedi regolabili elettricamente singolarmente (3 motori)<\/p>\n<p>\u2022\u00a0\u00a0\u00a0 Pulsantiera laterale o comando a filo con attacco magnetico sotto il bracciolo<\/p>\n<p>\u2022\u00a0\u00a0\u00a0 Profondit\u00e0 del sedile regolabile su misura da 43-45-47-49-51-53 cm<\/p>\n<p>\u2022\u00a0\u00a0\u00a0 Altezza del sedile regolabile su misura da 41 a 53 cm<\/p>\n<p>\u2022\u00a0\u00a0\u00a0 Altezza dei braccioli regolabile su misura da 16 a 27 cm<\/p>\n<p>\u2022\u00a0\u00a0\u00a0 Portata per peso corporeo fino a 150kg<\/p>\n<p>\u2022\u00a0\u00a0\u00a0 Peso ca. 80 kg<\/p>\n<p>&nbsp;<\/p>\n<p>Tempi di consegna circa 8 &#8211; 10 settimane lavorative<\/p>\n<p>&nbsp;<\/p>\n<h3><strong>Fitform:<\/strong><\/h3>\n<p>Fitform, come specialista e produttore di lunga data, si \u00e8 impegnato a sviluppare soluzioni personalizzate che soddisfino le esigenze delle persone. Fitform ti permette di sederti in modo &#8220;adeguato&#8221; &#8211; conforme al corpo e quindi confortevole. La base di ci\u00f2 sono ricerche scientifiche. L&#8217;intuizione da queste: solo l&#8217;adattamento su misura offre una posizione seduta conforme e quindi adeguata al corpo, solo cos\u00ec la colonna vertebrale mantiene una forma a S naturale mentre si \u00e8 seduti. Dato che \u00e8 cos\u00ec, ogni poltrona di cura Fitform sar\u00e0 adattata alle tue misure corporee. Con l&#8217;ausilio di una cosiddetta poltrona di misurazione, determiniamo la tua altezza del sedile, profondit\u00e0 del sedile e altezza dei braccioli ottimali.<\/p>\n<p>Nella versione standard, ogni poltrona Fitform \u00e8 dotata di un supporto lombare gonfiabile e regolabile in altezza. Anche questo viene regolato individualmente su di te.<\/p>\n<p>A piacere o a seconda delle necessit\u00e0, puoi scegliere e cambiare le tue posizioni di seduta, relax, riposo o alzata. Con il comando manuale attivi la meccanica. Tre motori assicurano che tu possa regolare separatamente schienale, poggiapiedi, inclinazione e sollevamento.<\/p>\n<p>&nbsp;<\/p>\n<p>&nbsp;<\/p>\n<p>&nbsp;<\/p>\n","protected":false},"excerpt":{"rendered":"<p>Fitform Wellness Premium 614 &nbsp; Comfort &amp; Design Questa moderna poltrona wellness girevole con braccioli aperti offre un comfort di seduta in modo ottimale. La poltrona \u00e8 dotata di una imbottitura con materiali pi\u00f9 morbidi e un rivestimento leggermente pi\u00f9 rilassato. Questo crea un comfort extra abbinato a un aspetto casual. Unicamente, i braccioli seguono [&hellip;]<\/p>\n","protected":false},"featured_media":141879,"comment_status":"open","ping_status":"closed","template":"","meta":{"_acf_changed":false},"pwb-brand":[81],"product_brand":[],"product_cat":[308,312,310],"product_tag":[],"class_list":{"0":"post-148568","1":"product","2":"type-product","3":"status-publish","4":"has-post-thumbnail","6":"pwb-brand-fitform","7":"product_cat-poltrone-relax","8":"product_cat-poltrone-relax-con-funzione-alzapersona","9":"product_cat-poltrone-relax-elettriche","10":"tm-has-options","12":"first","13":"outofstock","14":"featured","15":"taxable","16":"shipping-taxable","17":"purchasable","18":"product-type-variable","19":"has-default-attributes"},"acf":[],"brands":[{"id":81,"name":"Fitform","slug":"fitform"}],"_links":{"self":[{"href":"https:\/\/sitz.ch\/it\/wp-json\/wp\/v2\/product\/148568","targetHints":{"allow":["GET"]}}],"collection":[{"href":"https:\/\/sitz.ch\/it\/wp-json\/wp\/v2\/product"}],"about":[{"href":"https:\/\/sitz.ch\/it\/wp-json\/wp\/v2\/types\/product"}],"replies":[{"embeddable":true,"href":"https:\/\/sitz.ch\/it\/wp-json\/wp\/v2\/comments?post=148568"}],"version-history":[{"count":0,"href":"https:\/\/sitz.ch\/it\/wp-json\/wp\/v2\/product\/148568\/revisions"}],"wp:featuredmedia":[{"embeddable":true,"href":"https:\/\/sitz.ch\/it\/wp-json\/wp\/v2\/media\/141879"}],"wp:attachment":[{"href":"https:\/\/sitz.ch\/it\/wp-json\/wp\/v2\/media?parent=148568"}],"wp:term":[{"taxonomy":"pwb-brand","embeddable":true,"href":"https:\/\/sitz.ch\/it\/wp-json\/wp\/v2\/pwb-brand?post=148568"},{"taxonomy":"product_brand","embeddable":true,"href":"https:\/\/sitz.ch\/it\/wp-json\/wp\/v2\/product_brand?post=148568"},{"taxonomy":"product_cat","embeddable":true,"href":"https:\/\/sitz.ch\/it\/wp-json\/wp\/v2\/product_cat?post=148568"},{"taxonomy":"product_tag","embeddable":true,"href":"https:\/\/sitz.ch\/it\/wp-json\/wp\/v2\/product_tag?post=148568"}],"curies":[{"name":"wp","href":"https:\/\/api.w.org\/{rel}","templated":true}]}}