{"id":148591,"date":"2016-11-12T00:06:54","date_gmt":"2016-11-11T23:06:54","guid":{"rendered":"https:\/\/sitz.ch\/produkt\/evoluent-vertical-4-mouse-destra-piccolo\/"},"modified":"2016-11-12T00:06:54","modified_gmt":"2016-11-11T23:06:54","slug":"evoluent-vertical-4-mouse-destra-piccolo","status":"publish","type":"product","link":"https:\/\/sitz.ch\/it\/prodotto\/evoluent-vertical-4-mouse-destra-piccolo\/","title":{"rendered":"Evoluent Vertical 4 Mouse Destra Piccolo"},"content":{"rendered":"<p>Questo mouse offre <strong>5 pulsanti<\/strong> e una <strong>rotella di scorrimento<\/strong>. La postura naturale della mano riduce la tensione su polso, tendini e muscoli, contribuendo a prevenire danni posturali permanenti.<\/p>\n<p>Il mouse verticale Evoluent small \u00e8 stato progettato specificamente per persone con mani piccole. Come linea guida: se la mano \u00e8 pi\u00f9 corta di:<br \/>\n18 cm, misurata dal polso alla punta del dito medio, si consiglia questa versione.<\/p>\n<p>&nbsp;<\/p>\n<p>Dettagli:<\/p>\n<p>&#8211; 5 pulsanti (con possibilit\u00e0 di programmazione tramite driver)<\/p>\n<p>&#8211; Design per mano destra<\/p>\n<p>&#8211; Lunghezza del cavo 2 m<\/p>\n<p>&#8211; Risoluzione 2200 dpi (ottico)<\/p>\n<p>&#8211; Wireless (colore sempre marrone)<\/p>\n","protected":false},"excerpt":{"rendered":"<p>Questo mouse offre 5 pulsanti e una rotella di scorrimento. La postura naturale della mano riduce la tensione su polso, tendini e muscoli, contribuendo a prevenire danni posturali permanenti. Il mouse verticale Evoluent small \u00e8 stato progettato specificamente per persone con mani piccole. Come linea guida: se la mano \u00e8 pi\u00f9 corta di: 18 cm, [&hellip;]<\/p>\n","protected":false},"featured_media":138126,"comment_status":"open","ping_status":"closed","template":"","meta":{"_acf_changed":false},"pwb-brand":[95],"product_brand":[],"product_cat":[300,304],"product_tag":[],"class_list":{"0":"post-148591","1":"product","2":"type-product","3":"status-publish","4":"has-post-thumbnail","6":"pwb-brand-evoluent","7":"product_cat-accessori-ergonomici","8":"product_cat-mouse-ergonomico","9":"tm-has-options","11":"first","12":"instock","13":"sale","14":"featured","15":"taxable","16":"shipping-taxable","17":"purchasable","18":"product-type-variable","19":"has-default-attributes"},"acf":[],"brands":[{"id":95,"name":"Evoluent","slug":"evoluent"}],"_links":{"self":[{"href":"https:\/\/sitz.ch\/it\/wp-json\/wp\/v2\/product\/148591","targetHints":{"allow":["GET"]}}],"collection":[{"href":"https:\/\/sitz.ch\/it\/wp-json\/wp\/v2\/product"}],"about":[{"href":"https:\/\/sitz.ch\/it\/wp-json\/wp\/v2\/types\/product"}],"replies":[{"embeddable":true,"href":"https:\/\/sitz.ch\/it\/wp-json\/wp\/v2\/comments?post=148591"}],"version-history":[{"count":0,"href":"https:\/\/sitz.ch\/it\/wp-json\/wp\/v2\/product\/148591\/revisions"}],"wp:featuredmedia":[{"embeddable":true,"href":"https:\/\/sitz.ch\/it\/wp-json\/wp\/v2\/media\/138126"}],"wp:attachment":[{"href":"https:\/\/sitz.ch\/it\/wp-json\/wp\/v2\/media?parent=148591"}],"wp:term":[{"taxonomy":"pwb-brand","embeddable":true,"href":"https:\/\/sitz.ch\/it\/wp-json\/wp\/v2\/pwb-brand?post=148591"},{"taxonomy":"product_brand","embeddable":true,"href":"https:\/\/sitz.ch\/it\/wp-json\/wp\/v2\/product_brand?post=148591"},{"taxonomy":"product_cat","embeddable":true,"href":"https:\/\/sitz.ch\/it\/wp-json\/wp\/v2\/product_cat?post=148591"},{"taxonomy":"product_tag","embeddable":true,"href":"https:\/\/sitz.ch\/it\/wp-json\/wp\/v2\/product_tag?post=148591"}],"curies":[{"name":"wp","href":"https:\/\/api.w.org\/{rel}","templated":true}]}}