{"id":148597,"date":"2018-01-01T11:31:53","date_gmt":"2018-01-01T10:31:53","guid":{"rendered":"https:\/\/sitz.ch\/produkt\/evoluent-vertical-4-mouse-sinistra-cavo-desktop\/"},"modified":"2018-01-01T11:31:53","modified_gmt":"2018-01-01T10:31:53","slug":"evoluent-vertical-4-mouse-sinistra-cavo-desktop","status":"publish","type":"product","link":"https:\/\/sitz.ch\/it\/prodotto\/evoluent-vertical-4-mouse-sinistra-cavo-desktop\/","title":{"rendered":"Evoluent Vertical 4 Mouse Sinistra (Cavo, Desktop)"},"content":{"rendered":"<p><strong>Per Mancini<\/strong><\/p>\n<p>Questo mouse offre <strong>5 pulsanti<\/strong> e una <strong>rotella di scorrimento<\/strong>. Grazie alla posizione naturale della mano, si riduce la tensione su polso, tendini e muscoli, prevenendo cos\u00ec danni posturali permanenti.<\/p>\n<p>Il mouse verticale Evoluent <strong>piccolo<\/strong> \u00e8 stato progettato appositamente per persone con mani piccole. Come linea guida: se la mano \u00e8 pi\u00f9 corta di<\/p>\n<p>18 cm, misurata dal polso alla punta del dito medio, si consiglia questa versione.<\/p>\n<p>&nbsp;<\/p>\n<p><strong>Dettagli:<\/strong><\/p>\n<p>&#8211; 5 pulsanti (programmabili tramite driver)<\/p>\n<p>&#8211; Esecuzione per mano destra<\/p>\n<p>&#8211; Lunghezza cavo 2 m<\/p>\n<p>&#8211; Risoluzione 2200 dpi (ottica)<\/p>\n","protected":false},"excerpt":{"rendered":"<p>Per Mancini Questo mouse offre 5 pulsanti e una rotella di scorrimento. Grazie alla posizione naturale della mano, si riduce la tensione su polso, tendini e muscoli, prevenendo cos\u00ec danni posturali permanenti. Il mouse verticale Evoluent piccolo \u00e8 stato progettato appositamente per persone con mani piccole. Come linea guida: se la mano \u00e8 pi\u00f9 corta [&hellip;]<\/p>\n","protected":false},"featured_media":138747,"comment_status":"open","ping_status":"closed","template":"","meta":{"_acf_changed":false},"pwb-brand":[98,95],"product_brand":[],"product_cat":[300,304],"product_tag":[],"class_list":{"0":"post-148597","1":"product","2":"type-product","3":"status-publish","4":"has-post-thumbnail","6":"pwb-brand-bakkerelkhuizen","7":"pwb-brand-evoluent","8":"product_cat-accessori-ergonomici","9":"product_cat-mouse-ergonomico","10":"tm-has-options","12":"first","13":"instock","14":"sale","15":"featured","16":"taxable","17":"shipping-taxable","18":"purchasable","19":"product-type-variable","20":"has-default-attributes"},"acf":[],"brands":[{"id":98,"name":"BakkerElkhuizen","slug":"bakkerelkhuizen"},{"id":95,"name":"Evoluent","slug":"evoluent"}],"_links":{"self":[{"href":"https:\/\/sitz.ch\/it\/wp-json\/wp\/v2\/product\/148597","targetHints":{"allow":["GET"]}}],"collection":[{"href":"https:\/\/sitz.ch\/it\/wp-json\/wp\/v2\/product"}],"about":[{"href":"https:\/\/sitz.ch\/it\/wp-json\/wp\/v2\/types\/product"}],"replies":[{"embeddable":true,"href":"https:\/\/sitz.ch\/it\/wp-json\/wp\/v2\/comments?post=148597"}],"version-history":[{"count":0,"href":"https:\/\/sitz.ch\/it\/wp-json\/wp\/v2\/product\/148597\/revisions"}],"wp:featuredmedia":[{"embeddable":true,"href":"https:\/\/sitz.ch\/it\/wp-json\/wp\/v2\/media\/138747"}],"wp:attachment":[{"href":"https:\/\/sitz.ch\/it\/wp-json\/wp\/v2\/media?parent=148597"}],"wp:term":[{"taxonomy":"pwb-brand","embeddable":true,"href":"https:\/\/sitz.ch\/it\/wp-json\/wp\/v2\/pwb-brand?post=148597"},{"taxonomy":"product_brand","embeddable":true,"href":"https:\/\/sitz.ch\/it\/wp-json\/wp\/v2\/product_brand?post=148597"},{"taxonomy":"product_cat","embeddable":true,"href":"https:\/\/sitz.ch\/it\/wp-json\/wp\/v2\/product_cat?post=148597"},{"taxonomy":"product_tag","embeddable":true,"href":"https:\/\/sitz.ch\/it\/wp-json\/wp\/v2\/product_tag?post=148597"}],"curies":[{"name":"wp","href":"https:\/\/api.w.org\/{rel}","templated":true}]}}