{"id":148707,"date":"2016-11-12T00:13:46","date_gmt":"2016-11-11T23:13:46","guid":{"rendered":"https:\/\/sitz.ch\/produkt\/ongo-classic\/"},"modified":"2025-02-27T17:45:38","modified_gmt":"2025-02-27T16:45:38","slug":"ongo-classic","status":"publish","type":"product","link":"https:\/\/sitz.ch\/it\/prodotto\/ongo-classic\/","title":{"rendered":"Ongo Classic"},"content":{"rendered":"<p>ONGO &#8211; sali e vai.<\/p>\n<p>Portare movimento nella vita \u00e8 la filosofia di ONGO. Integrare semplicemente e in modo ludico l&#8217;allenamento nella vita quotidiana, migliorando il benessere e la produttivit\u00e0 con la massima tranquillit\u00e0, \u00e8 l&#8217;obiettivo.<\/p>\n<p><strong>ONGO Seat<\/strong> seduta attiva con <strong>feedback<\/strong><\/p>\n<p>Naturalmente puoi sederti su di esso e puoi muoverti. La superficie di supporto curva reagisce a ogni spostamento del peso e attiva la muscolatura. La pista sferica integrata nella base del ONGO Seat fornisce un feedback acustico per ogni movimento.<\/p>\n<p>D\u00ec addio alla sedentariet\u00e0 malsana: se senti il ronzio della sfera nella pista, sei sulla strada giusta. Grazie alla funzione feedback della pista sferica, lo sgabello di design ergonomico si trasforma in un innovativo allenatore di movimento. Allena in modo mirato la seduta attiva con gli esercizi pensati per l&#8217;ONGO Seat.<\/p>\n<p>Dati tecnici<\/p>\n<p>Diametro superficie di seduta 35,5cm, Diametro base 42cm, Regolabile in altezza da 42-64cm, Peso 6KG<\/p>\n<p>Base in bianco, nero<\/p>\n<p>la pista sferica in bianco, nero o argento (incl. 3 sfere in acciaio, vetro e plastica)<\/p>\n<p><a href=\"\/docs\/ONGO-Farben-Gross.jpg\"><img decoding=\"async\" src=\"\/Docs\/ONGO-Farben-Icon.jpg\" alt=\"\" width=\"79\" height=\"57\" align=\"middle\" title=\"\"><\/a><\/p>\n","protected":false},"excerpt":{"rendered":"<p>ONGO &#8211; sali e vai. Portare movimento nella vita \u00e8 la filosofia di ONGO. Integrare semplicemente e in modo ludico l&#8217;allenamento nella vita quotidiana, migliorando il benessere e la produttivit\u00e0 con la massima tranquillit\u00e0, \u00e8 l&#8217;obiettivo. ONGO Seat seduta attiva con feedback Naturalmente puoi sederti su di esso e puoi muoverti. La superficie di supporto [&hellip;]<\/p>\n","protected":false},"featured_media":143064,"comment_status":"open","ping_status":"closed","template":"","meta":{"_acf_changed":false},"pwb-brand":[88],"product_brand":[],"product_cat":[199],"product_tag":[],"class_list":{"0":"post-148707","1":"product","2":"type-product","3":"status-publish","4":"has-post-thumbnail","6":"pwb-brand-ongo","7":"product_cat-sgabelli","8":"tm-has-options","10":"first","11":"onbackorder","12":"featured","13":"taxable","14":"shipping-taxable","15":"purchasable","16":"product-type-variable","17":"has-default-attributes"},"acf":[],"brands":[{"id":88,"name":"Ongo","slug":"ongo"}],"_links":{"self":[{"href":"https:\/\/sitz.ch\/it\/wp-json\/wp\/v2\/product\/148707","targetHints":{"allow":["GET"]}}],"collection":[{"href":"https:\/\/sitz.ch\/it\/wp-json\/wp\/v2\/product"}],"about":[{"href":"https:\/\/sitz.ch\/it\/wp-json\/wp\/v2\/types\/product"}],"replies":[{"embeddable":true,"href":"https:\/\/sitz.ch\/it\/wp-json\/wp\/v2\/comments?post=148707"}],"version-history":[{"count":0,"href":"https:\/\/sitz.ch\/it\/wp-json\/wp\/v2\/product\/148707\/revisions"}],"wp:featuredmedia":[{"embeddable":true,"href":"https:\/\/sitz.ch\/it\/wp-json\/wp\/v2\/media\/143064"}],"wp:attachment":[{"href":"https:\/\/sitz.ch\/it\/wp-json\/wp\/v2\/media?parent=148707"}],"wp:term":[{"taxonomy":"pwb-brand","embeddable":true,"href":"https:\/\/sitz.ch\/it\/wp-json\/wp\/v2\/pwb-brand?post=148707"},{"taxonomy":"product_brand","embeddable":true,"href":"https:\/\/sitz.ch\/it\/wp-json\/wp\/v2\/product_brand?post=148707"},{"taxonomy":"product_cat","embeddable":true,"href":"https:\/\/sitz.ch\/it\/wp-json\/wp\/v2\/product_cat?post=148707"},{"taxonomy":"product_tag","embeddable":true,"href":"https:\/\/sitz.ch\/it\/wp-json\/wp\/v2\/product_tag?post=148707"}],"curies":[{"name":"wp","href":"https:\/\/api.w.org\/{rel}","templated":true}]}}