{"id":148746,"date":"2016-11-12T00:13:03","date_gmt":"2016-11-11T23:13:03","guid":{"rendered":"https:\/\/sitz.ch\/produkt\/haider-bioswing-posturomed-compact\/"},"modified":"2025-06-02T18:24:49","modified_gmt":"2025-06-02T16:24:49","slug":"haider-bioswing-posturomed-compact","status":"publish","type":"product","link":"https:\/\/sitz.ch\/it\/prodotto\/haider-bioswing-posturomed-compact\/","title":{"rendered":"Haider Bioswing Posturomed Compact"},"content":{"rendered":"<table style=\"width: 390px; height: 30px;\" border=\"0\" cellspacing=\"1\" cellpadding=\"1\">\n<tbody>\n<tr>\n<td width=\"250\"><a href=\"https:\/\/sitz.ch\/de\/BIOSWING\"><span style=\"text-decoration: underline;\">ulteriori informazioni sulla nostra pagina BIOSWING<\/span><\/a><\/td>\n<\/tr>\n<\/tbody>\n<\/table>\n<p>POSTUROMED \u00e8 uno strumento di allenamento e terapia con una superficie instabile dosabile. Trova ampio utilizzo nella terapia neuro-ortopedica, nella prevenzione e nello sport d&#8217;\u00e9lite.<\/p>\n<p>La superficie per la terapia attiva \u00e8 fissata su elementi oscillanti brevettati, che permettono movimenti compensatori smorzati in un determinato intervallo di frequenze e fino a una specifica ampiezza.<\/p>\n<p>Un componente essenziale della terapia posturale con il POSTUROMED \u00e8 la nuova tecnica di esercizio di Dr. Rasev. Attraverso un aumento dosato delle afferenze propriocettive e vestibolari, si ottiene un&#8217;attivazione differenziata dei gruppi muscolari nella zona del tronco e delle gambe. Questo allenamento, perfettamente adattato alla capacit\u00e0 di adattamento individuale, serve a una stabilizzazione ottimale delle articolazioni portanti e della colonna vertebrale.<\/p>\n<p>POSTUROMED influenza in modo olistico il controllo della postura e del movimento, favorendo cos\u00ec il miglioramento della coordinazione segmentale dell&#8217;utente e la sua capacit\u00e0 complessiva nelle attivit\u00e0 monotone.<\/p>\n<p>Il mirino integrato con centratura circolare permette all&#8217;utente di orientarsi visivamente nella metodologia di allenamento e terapia. Questa marcatura facilita l&#8217;esecuzione di test standardizzati (ad es. Test di Rhomberg) o un posizionamento preciso del piede.<\/p>\n<p>In aggiunta, c&#8217;\u00e8 l&#8217;unit\u00e0 di provocazione, che serve ad una deviazione mirata del piano terapeutico per il test standardizzato della stabilit\u00e0 segmentale. Questo viene attivato meccanicamente e consente livelli di deviazione di 30, 40 e 50 mm.<\/p>\n<p>Il concetto terapeutico di Dr. Rasev \u00e8 offerto in molti corsi. Se interessati, si prega di richiedere lo stato attuale.<\/p>\n<p>Posturomed compatto<\/p>\n<p>Strumento di allenamento e terapia con guida:<\/p>\n<ul>\n<li>Corrimano pieghevole su un lato con grandi ruote di trasporto<\/li>\n<li>Cerchi oscillanti di cui uno frenabile due volte<\/li>\n<li>Superficie di appoggio 40x40cm<\/li>\n<li>Area totale 60x60cm<\/li>\n<\/ul>\n","protected":false},"excerpt":{"rendered":"<p>ulteriori informazioni sulla nostra pagina BIOSWING POSTUROMED \u00e8 uno strumento di allenamento e terapia con una superficie instabile dosabile. Trova ampio utilizzo nella terapia neuro-ortopedica, nella prevenzione e nello sport d&#8217;\u00e9lite. La superficie per la terapia attiva \u00e8 fissata su elementi oscillanti brevettati, che permettono movimenti compensatori smorzati in un determinato intervallo di frequenze e [&hellip;]<\/p>\n","protected":false},"featured_media":138285,"comment_status":"open","ping_status":"closed","template":"","meta":{"_acf_changed":false},"pwb-brand":[80],"product_brand":[],"product_cat":[319,196],"product_tag":[],"class_list":{"0":"post-148746","1":"product","2":"type-product","3":"status-publish","4":"has-post-thumbnail","6":"pwb-brand-haider-bioswing","7":"product_cat-attrezzature-per-lallenamento","8":"product_cat-sedia-da-ufficio-del-pendolo","9":"tm-has-options","11":"first","12":"onbackorder","13":"featured","14":"taxable","15":"shipping-taxable","16":"purchasable","17":"product-type-variable","18":"has-default-attributes"},"acf":[],"brands":[{"id":80,"name":"Haider Bioswing","slug":"haider-bioswing"}],"_links":{"self":[{"href":"https:\/\/sitz.ch\/it\/wp-json\/wp\/v2\/product\/148746","targetHints":{"allow":["GET"]}}],"collection":[{"href":"https:\/\/sitz.ch\/it\/wp-json\/wp\/v2\/product"}],"about":[{"href":"https:\/\/sitz.ch\/it\/wp-json\/wp\/v2\/types\/product"}],"replies":[{"embeddable":true,"href":"https:\/\/sitz.ch\/it\/wp-json\/wp\/v2\/comments?post=148746"}],"version-history":[{"count":1,"href":"https:\/\/sitz.ch\/it\/wp-json\/wp\/v2\/product\/148746\/revisions"}],"predecessor-version":[{"id":155451,"href":"https:\/\/sitz.ch\/it\/wp-json\/wp\/v2\/product\/148746\/revisions\/155451"}],"wp:featuredmedia":[{"embeddable":true,"href":"https:\/\/sitz.ch\/it\/wp-json\/wp\/v2\/media\/138285"}],"wp:attachment":[{"href":"https:\/\/sitz.ch\/it\/wp-json\/wp\/v2\/media?parent=148746"}],"wp:term":[{"taxonomy":"pwb-brand","embeddable":true,"href":"https:\/\/sitz.ch\/it\/wp-json\/wp\/v2\/pwb-brand?post=148746"},{"taxonomy":"product_brand","embeddable":true,"href":"https:\/\/sitz.ch\/it\/wp-json\/wp\/v2\/product_brand?post=148746"},{"taxonomy":"product_cat","embeddable":true,"href":"https:\/\/sitz.ch\/it\/wp-json\/wp\/v2\/product_cat?post=148746"},{"taxonomy":"product_tag","embeddable":true,"href":"https:\/\/sitz.ch\/it\/wp-json\/wp\/v2\/product_tag?post=148746"}],"curies":[{"name":"wp","href":"https:\/\/api.w.org\/{rel}","templated":true}]}}