{"id":148762,"date":"2016-11-12T00:22:25","date_gmt":"2016-11-11T23:22:25","guid":{"rendered":"https:\/\/sitz.ch\/produkt\/imak-ergobeads-computer-glove-polsiera\/"},"modified":"2025-02-27T16:54:26","modified_gmt":"2025-02-27T15:54:26","slug":"imak-ergobeads-computer-glove-polsiera","status":"publish","type":"product","link":"https:\/\/sitz.ch\/it\/prodotto\/imak-ergobeads-computer-glove-polsiera\/","title":{"rendered":"Imak Ergobeads Computer Glove Polsiera"},"content":{"rendered":"\t\t<div data-elementor-type=\"product-post\" data-elementor-id=\"148762\" class=\"elementor elementor-148762 elementor-124087\" data-elementor-post-type=\"product\">\n\t\t\t\t<section class=\"elementor-element elementor-element-dabb73d ergo-f-list e-flex e-con-boxed e-con e-parent\" data-id=\"dabb73d\" data-element_type=\"container\" data-e-type=\"container\">\n\t\t\t\t\t<div class=\"e-con-inner\">\n\t\t<div class=\"elementor-element elementor-element-12c4f11 e-con-full e-flex e-con e-child\" data-id=\"12c4f11\" data-element_type=\"container\" data-e-type=\"container\">\n\t\t\t\t<div class=\"elementor-element elementor-element-5158373 elementor-widget elementor-widget-heading\" data-id=\"5158373\" data-element_type=\"widget\" data-e-type=\"widget\" data-widget_type=\"heading.default\">\n\t\t\t\t<div class=\"elementor-widget-container\">\n\t\t\t\t\t<h3 class=\"elementor-heading-title elementor-size-default\">Evitare la sindrome del tunnel carpale<\/h3>\t\t\t\t<\/div>\n\t\t\t\t<\/div>\n\t\t\t\t<div class=\"elementor-element elementor-element-460f6a0 elementor-widget elementor-widget-text-editor\" data-id=\"460f6a0\" data-element_type=\"widget\" data-e-type=\"widget\" data-widget_type=\"text-editor.default\">\n\t\t\t\t<div class=\"elementor-widget-container\">\n\t\t\t\t\t\t\t\t\t<p>Il guanto da computer IMAK \u00e8 specificamente progettato per alleviare e prevenire efficacemente i dolori e i disturbi del tunnel carpale (CTS). Grazie al suo design ergonomico e al cuscinetto integrato ErgoBeads, il polso \u00e8 ottimamente supportato e massaggiato allo stesso tempo, riducendo la tensione e favorendo la circolazione sanguigna. In questo modo \u00e8 possibile lavorare al computer per periodi prolungati senza avvertire fastidiosi dolori.<\/p>\n\t\t\t\t\t\t\t\t<\/div>\n\t\t\t\t<\/div>\n\t\t\t\t<\/div>\n\t\t<div class=\"elementor-element elementor-element-830ec72 e-con-full e-flex e-con e-child\" data-id=\"830ec72\" data-element_type=\"container\" data-e-type=\"container\">\n\t\t\t\t<div class=\"elementor-element elementor-element-2d792bd elementor-widget elementor-widget-image\" data-id=\"2d792bd\" data-element_type=\"widget\" data-e-type=\"widget\" data-widget_type=\"image.default\">\n\t\t\t\t<div class=\"elementor-widget-container\">\n\t\t\t\t\t\t\t\t\t\t\t\t\t\t\t<img decoding=\"async\" width=\"600\" height=\"400\" src=\"https:\/\/sitz.ch\/wp-content\/uploads\/imak-ergobeads-computer-glove-karpaltunnelsyndroms-ergopoint-600x400.jpg\" class=\"attachment-medium size-medium wp-image-143136\" alt=\"\" srcset=\"https:\/\/sitz.ch\/wp-content\/uploads\/imak-ergobeads-computer-glove-karpaltunnelsyndroms-ergopoint-600x400.jpg 600w, https:\/\/sitz.ch\/wp-content\/uploads\/imak-ergobeads-computer-glove-karpaltunnelsyndroms-ergopoint-1024x682.jpg 1024w, https:\/\/sitz.ch\/wp-content\/uploads\/imak-ergobeads-computer-glove-karpaltunnelsyndroms-ergopoint-768x512.jpg 768w, https:\/\/sitz.ch\/wp-content\/uploads\/imak-ergobeads-computer-glove-karpaltunnelsyndroms-ergopoint-1536x1024.jpg 1536w, https:\/\/sitz.ch\/wp-content\/uploads\/imak-ergobeads-computer-glove-karpaltunnelsyndroms-ergopoint-64x43.jpg 64w, https:\/\/sitz.ch\/wp-content\/uploads\/imak-ergobeads-computer-glove-karpaltunnelsyndroms-ergopoint.jpg 2000w\" sizes=\"(max-width: 600px) 100vw, 600px\" title=\"\">\t\t\t\t\t\t\t\t\t\t\t\t\t\t\t<\/div>\n\t\t\t\t<\/div>\n\t\t\t\t<\/div>\n\t\t\t\t\t<\/div>\n\t\t\t\t<\/section>\n\t\t<section class=\"elementor-element elementor-element-b463cb9 ergo-f-list e-flex e-con-boxed e-con e-parent\" data-id=\"b463cb9\" data-element_type=\"container\" data-e-type=\"container\">\n\t\t\t\t\t<div class=\"e-con-inner\">\n\t\t<div class=\"elementor-element elementor-element-fef96df e-con-full e-flex e-con e-child\" data-id=\"fef96df\" data-element_type=\"container\" data-e-type=\"container\">\n\t\t\t\t<div class=\"elementor-element elementor-element-0b68008 elementor-widget elementor-widget-heading\" data-id=\"0b68008\" data-element_type=\"widget\" data-e-type=\"widget\" data-widget_type=\"heading.default\">\n\t\t\t\t<div class=\"elementor-widget-container\">\n\t\t\t\t\t<h3 class=\"elementor-heading-title elementor-size-default\">Supporto ergonomico<\/h3>\t\t\t\t<\/div>\n\t\t\t\t<\/div>\n\t\t\t\t<div class=\"elementor-element elementor-element-bb1aa29 elementor-widget elementor-widget-text-editor\" data-id=\"bb1aa29\" data-element_type=\"widget\" data-e-type=\"widget\" data-widget_type=\"text-editor.default\">\n\t\t\t\t<div class=\"elementor-widget-container\">\n\t\t\t\t\t\t\t\t\t<p>Il guanto computer Ergobeads aumenta il comfort in tutte le attivit\u00e0 che sollecitano il polso. Che tu stia lavorando al laptop, al computer desktop o stia scrivendo a mano, questo guanto garantisce sempre un supporto ottimale del polso. La morbida imbottitura protegge da pressioni indesiderate e consente una posizione della mano rilassata anche in caso di uso intensivo. Ogni attivit\u00e0 pu\u00f2 essere svolta senza limitazioni, mentre un polso ben supportato fa una differenza evidente.<\/p>\n\t\t\t\t\t\t\t\t<\/div>\n\t\t\t\t<\/div>\n\t\t\t\t<\/div>\n\t\t<div class=\"elementor-element elementor-element-eb161ab e-con-full e-flex e-con e-child\" data-id=\"eb161ab\" data-element_type=\"container\" data-e-type=\"container\">\n\t\t\t\t<div class=\"elementor-element elementor-element-d7be030 elementor-widget elementor-widget-image\" data-id=\"d7be030\" data-element_type=\"widget\" data-e-type=\"widget\" data-widget_type=\"image.default\">\n\t\t\t\t<div class=\"elementor-widget-container\">\n\t\t\t\t\t\t\t\t\t\t\t\t\t\t\t<img decoding=\"async\" width=\"600\" height=\"600\" src=\"https:\/\/sitz.ch\/wp-content\/uploads\/imak-ergobeads-computer-glove-handgelenkbandage-maus-ergopoint-600x600.jpg\" class=\"attachment-medium size-medium wp-image-143031\" alt=\"\" srcset=\"https:\/\/sitz.ch\/wp-content\/uploads\/imak-ergobeads-computer-glove-handgelenkbandage-maus-ergopoint-600x600.jpg 600w, https:\/\/sitz.ch\/wp-content\/uploads\/imak-ergobeads-computer-glove-handgelenkbandage-maus-ergopoint-1024x1024.jpg 1024w, https:\/\/sitz.ch\/wp-content\/uploads\/imak-ergobeads-computer-glove-handgelenkbandage-maus-ergopoint-300x300.jpg 300w, https:\/\/sitz.ch\/wp-content\/uploads\/imak-ergobeads-computer-glove-handgelenkbandage-maus-ergopoint-768x768.jpg 768w, https:\/\/sitz.ch\/wp-content\/uploads\/imak-ergobeads-computer-glove-handgelenkbandage-maus-ergopoint-1536x1536.jpg 1536w, https:\/\/sitz.ch\/wp-content\/uploads\/imak-ergobeads-computer-glove-handgelenkbandage-maus-ergopoint-100x100.jpg 100w, https:\/\/sitz.ch\/wp-content\/uploads\/imak-ergobeads-computer-glove-handgelenkbandage-maus-ergopoint-135x135.jpg 135w, https:\/\/sitz.ch\/wp-content\/uploads\/imak-ergobeads-computer-glove-handgelenkbandage-maus-ergopoint-64x64.jpg 64w, https:\/\/sitz.ch\/wp-content\/uploads\/imak-ergobeads-computer-glove-handgelenkbandage-maus-ergopoint.jpg 2000w\" sizes=\"(max-width: 600px) 100vw, 600px\" title=\"\">\t\t\t\t\t\t\t\t\t\t\t\t\t\t\t<\/div>\n\t\t\t\t<\/div>\n\t\t\t\t<\/div>\n\t\t\t\t\t<\/div>\n\t\t\t\t<\/section>\n\t\t<section class=\"elementor-element elementor-element-9acd333 ergo-f-list e-flex e-con-boxed e-con e-parent\" data-id=\"9acd333\" data-element_type=\"container\" data-e-type=\"container\">\n\t\t\t\t\t<div class=\"e-con-inner\">\n\t\t<div class=\"elementor-element elementor-element-df16b60 e-con-full e-flex e-con e-child\" data-id=\"df16b60\" data-element_type=\"container\" data-e-type=\"container\">\n\t\t\t\t<div class=\"elementor-element elementor-element-3fb842f elementor-widget elementor-widget-heading\" data-id=\"3fb842f\" data-element_type=\"widget\" data-e-type=\"widget\" data-widget_type=\"heading.default\">\n\t\t\t\t<div class=\"elementor-widget-container\">\n\t\t\t\t\t<h3 class=\"elementor-heading-title elementor-size-default\">Imbottitura ErgoBeads<\/h3>\t\t\t\t<\/div>\n\t\t\t\t<\/div>\n\t\t\t\t<div class=\"elementor-element elementor-element-03e73fc elementor-widget elementor-widget-text-editor\" data-id=\"03e73fc\" data-element_type=\"widget\" data-e-type=\"widget\" data-widget_type=\"text-editor.default\">\n\t\t\t\t<div class=\"elementor-widget-container\">\n\t\t\t\t\t\t\t\t\t<p>Il cuscinetto brevettato ErgoBeads nel guanto da computer IMAK offre un&#8217;imbottitura unica che protegge il tuo polso da superfici dure e urti. Queste perline innovative si adattano delicatamente alla mano e forniscono un supporto confortevole e uniforme. L&#8217;imbottitura massaggia dolcemente il palmo, favorendo la circolazione sanguigna, riducendo al contempo la pressione sul polso.<\/p>\n\t\t\t\t\t\t\t\t<\/div>\n\t\t\t\t<\/div>\n\t\t\t\t<\/div>\n\t\t<div class=\"elementor-element elementor-element-d1e4ddd e-con-full e-flex e-con e-child\" data-id=\"d1e4ddd\" data-element_type=\"container\" data-e-type=\"container\">\n\t\t\t\t<div class=\"elementor-element elementor-element-3069dca elementor-widget elementor-widget-image\" data-id=\"3069dca\" data-element_type=\"widget\" data-e-type=\"widget\" data-widget_type=\"image.default\">\n\t\t\t\t<div class=\"elementor-widget-container\">\n\t\t\t\t\t\t\t\t\t\t\t\t\t\t\t<img decoding=\"async\" width=\"300\" height=\"300\" src=\"https:\/\/sitz.ch\/wp-content\/uploads\/imak-ergobeads-computer-glove-patent-ergopoint.jpg\" class=\"attachment-medium size-medium wp-image-143139\" alt=\"\" srcset=\"https:\/\/sitz.ch\/wp-content\/uploads\/imak-ergobeads-computer-glove-patent-ergopoint.jpg 300w, https:\/\/sitz.ch\/wp-content\/uploads\/imak-ergobeads-computer-glove-patent-ergopoint-100x100.jpg 100w, https:\/\/sitz.ch\/wp-content\/uploads\/imak-ergobeads-computer-glove-patent-ergopoint-135x135.jpg 135w, https:\/\/sitz.ch\/wp-content\/uploads\/imak-ergobeads-computer-glove-patent-ergopoint-64x64.jpg 64w\" sizes=\"(max-width: 300px) 100vw, 300px\" title=\"\">\t\t\t\t\t\t\t\t\t\t\t\t\t\t\t<\/div>\n\t\t\t\t<\/div>\n\t\t\t\t<\/div>\n\t\t\t\t\t<\/div>\n\t\t\t\t<\/section>\n\t\t<section class=\"elementor-element elementor-element-af61c9d ergo-f-list e-flex e-con-boxed e-con e-parent\" data-id=\"af61c9d\" data-element_type=\"container\" data-e-type=\"container\">\n\t\t\t\t\t<div class=\"e-con-inner\">\n\t\t<div class=\"elementor-element elementor-element-6138509 e-con-full e-flex e-con e-child\" data-id=\"6138509\" data-element_type=\"container\" data-e-type=\"container\">\n\t\t\t\t<div class=\"elementor-element elementor-element-a1a3cad elementor-widget elementor-widget-heading\" data-id=\"a1a3cad\" data-element_type=\"widget\" data-e-type=\"widget\" data-widget_type=\"heading.default\">\n\t\t\t\t<div class=\"elementor-widget-container\">\n\t\t\t\t\t<h3 class=\"elementor-heading-title elementor-size-default\">Adatto per la mano destra o sinistra<\/h3>\t\t\t\t<\/div>\n\t\t\t\t<\/div>\n\t\t\t\t<div class=\"elementor-element elementor-element-3b8093f elementor-widget elementor-widget-text-editor\" data-id=\"3b8093f\" data-element_type=\"widget\" data-e-type=\"widget\" data-widget_type=\"text-editor.default\">\n\t\t\t\t<div class=\"elementor-widget-container\">\n\t\t\t\t\t\t\t\t\t<p>Grazie alla costruzione reversibile, il guanto da computer IMAK \u00e8 adatto sia per la mano destra sia per la sinistra. Questa versatilit\u00e0 lo rende particolarmente pratico e flessibile, senza la necessit\u00e0 di stabilire in anticipo quale mano debba essere supportata. Basta girare e indossare \u2013 il guanto si adatta alle esigenze individuali. Questa funzione ben studiata risparmia tempo e offre la flessibilit\u00e0 necessaria nella vita quotidiana.<\/p>\n\t\t\t\t\t\t\t\t<\/div>\n\t\t\t\t<\/div>\n\t\t\t\t<\/div>\n\t\t<div class=\"elementor-element elementor-element-d6c4d69 e-con-full e-flex e-con e-child\" data-id=\"d6c4d69\" data-element_type=\"container\" data-e-type=\"container\">\n\t\t\t\t<div class=\"elementor-element elementor-element-cd21bc4 elementor-widget elementor-widget-image\" data-id=\"cd21bc4\" data-element_type=\"widget\" data-e-type=\"widget\" data-widget_type=\"image.default\">\n\t\t\t\t<div class=\"elementor-widget-container\">\n\t\t\t\t\t\t\t\t\t\t\t\t\t\t\t<img decoding=\"async\" width=\"300\" height=\"300\" src=\"https:\/\/sitz.ch\/wp-content\/uploads\/imak-ergobeads-computer-glove-rechte-linke-hand-ergopoint.jpg\" class=\"attachment-medium size-medium wp-image-143142\" alt=\"\" srcset=\"https:\/\/sitz.ch\/wp-content\/uploads\/imak-ergobeads-computer-glove-rechte-linke-hand-ergopoint.jpg 300w, https:\/\/sitz.ch\/wp-content\/uploads\/imak-ergobeads-computer-glove-rechte-linke-hand-ergopoint-100x100.jpg 100w, https:\/\/sitz.ch\/wp-content\/uploads\/imak-ergobeads-computer-glove-rechte-linke-hand-ergopoint-135x135.jpg 135w, https:\/\/sitz.ch\/wp-content\/uploads\/imak-ergobeads-computer-glove-rechte-linke-hand-ergopoint-64x64.jpg 64w\" sizes=\"(max-width: 300px) 100vw, 300px\" title=\"\">\t\t\t\t\t\t\t\t\t\t\t\t\t\t\t<\/div>\n\t\t\t\t<\/div>\n\t\t\t\t<\/div>\n\t\t\t\t\t<\/div>\n\t\t\t\t<\/section>\n\t\t<section class=\"elementor-element elementor-element-2fccc44 ergo-f-list e-flex e-con-boxed e-con e-parent\" data-id=\"2fccc44\" data-element_type=\"container\" data-e-type=\"container\">\n\t\t\t\t\t<div class=\"e-con-inner\">\n\t\t<div class=\"elementor-element elementor-element-f408de3 e-con-full e-flex e-con e-child\" data-id=\"f408de3\" data-element_type=\"container\" data-e-type=\"container\">\n\t\t\t\t<div class=\"elementor-element elementor-element-d9ec540 elementor-widget elementor-widget-heading\" data-id=\"d9ec540\" data-element_type=\"widget\" data-e-type=\"widget\" data-widget_type=\"heading.default\">\n\t\t\t\t<div class=\"elementor-widget-container\">\n\t\t\t\t\t<h3 class=\"elementor-heading-title elementor-size-default\">Versatile nell'utilizzo<\/h3>\t\t\t\t<\/div>\n\t\t\t\t<\/div>\n\t\t\t\t<div class=\"elementor-element elementor-element-2b6d3e0 elementor-widget elementor-widget-text-editor\" data-id=\"2b6d3e0\" data-element_type=\"widget\" data-e-type=\"widget\" data-widget_type=\"text-editor.default\">\n\t\t\t\t<div class=\"elementor-widget-container\">\n\t\t\t\t\t\t\t\t\t<p>Il guanto per computer IMAK \u00e8 un versatile tuttofare, adatto a numerose applicazioni. Che si tratti di lavorare con il laptop, digitare sulla tastiera del desktop, usare un mouse, comunicare con uno smartphone, giocare ai videogiochi o prendere appunti manualmente, questo guanto offre un supporto affidabile in ogni situazione. Si adatta a diversi dispositivi e attivit\u00e0, garantendo sempre protezione e comfort. Un compagno indispensabile per tutte le attivit\u00e0 digitali e analogiche.<\/p>\n\t\t\t\t\t\t\t\t<\/div>\n\t\t\t\t<\/div>\n\t\t\t\t<\/div>\n\t\t<div class=\"elementor-element elementor-element-7f80651 e-con-full e-flex e-con e-child\" data-id=\"7f80651\" data-element_type=\"container\" data-e-type=\"container\">\n\t\t\t\t<div class=\"elementor-element elementor-element-253976e elementor-widget elementor-widget-image\" data-id=\"253976e\" data-element_type=\"widget\" data-e-type=\"widget\" data-widget_type=\"image.default\">\n\t\t\t\t<div class=\"elementor-widget-container\">\n\t\t\t\t\t\t\t\t\t\t\t\t\t\t\t<img decoding=\"async\" width=\"300\" height=\"300\" src=\"https:\/\/sitz.ch\/wp-content\/uploads\/imak-ergobeads-computer-glove-ergonomie-support-ergopoint.jpg\" class=\"attachment-medium size-medium wp-image-143145\" alt=\"\" srcset=\"https:\/\/sitz.ch\/wp-content\/uploads\/imak-ergobeads-computer-glove-ergonomie-support-ergopoint.jpg 300w, https:\/\/sitz.ch\/wp-content\/uploads\/imak-ergobeads-computer-glove-ergonomie-support-ergopoint-100x100.jpg 100w, https:\/\/sitz.ch\/wp-content\/uploads\/imak-ergobeads-computer-glove-ergonomie-support-ergopoint-135x135.jpg 135w, https:\/\/sitz.ch\/wp-content\/uploads\/imak-ergobeads-computer-glove-ergonomie-support-ergopoint-64x64.jpg 64w\" sizes=\"(max-width: 300px) 100vw, 300px\" title=\"\">\t\t\t\t\t\t\t\t\t\t\t\t\t\t\t<\/div>\n\t\t\t\t<\/div>\n\t\t\t\t<\/div>\n\t\t\t\t\t<\/div>\n\t\t\t\t<\/section>\n\t\t<section class=\"elementor-element elementor-element-5ebebbc ergo-f-list e-flex e-con-boxed e-con e-parent\" data-id=\"5ebebbc\" data-element_type=\"container\" data-e-type=\"container\">\n\t\t\t\t\t<div class=\"e-con-inner\">\n\t\t<div class=\"elementor-element elementor-element-09f5a43 e-con-full e-flex e-con e-child\" data-id=\"09f5a43\" data-element_type=\"container\" data-e-type=\"container\">\n\t\t\t\t<div class=\"elementor-element elementor-element-1210948 elementor-widget elementor-widget-heading\" data-id=\"1210948\" data-element_type=\"widget\" data-e-type=\"widget\" data-widget_type=\"heading.default\">\n\t\t\t\t<div class=\"elementor-widget-container\">\n\t\t\t\t\t<h3 class=\"elementor-heading-title elementor-size-default\">Materiale in cotone traspirante<\/h3>\t\t\t\t<\/div>\n\t\t\t\t<\/div>\n\t\t\t\t<div class=\"elementor-element elementor-element-0415dc3 elementor-widget elementor-widget-text-editor\" data-id=\"0415dc3\" data-element_type=\"widget\" data-e-type=\"widget\" data-widget_type=\"text-editor.default\">\n\t\t\t\t<div class=\"elementor-widget-container\">\n\t\t\t\t\t\t\t\t\t<p>Il Computer Glove \u00e8 realizzato in materiale di cotone di alta qualit\u00e0 e traspirante, che mantiene la mano piacevolmente fresca e asciutta. Anche con un uso prolungato, il guanto rimane confortevole e previene sudorazioni sgradevoli. Il materiale \u00e8 inoltre morbido e delicato sulla pelle, aumentando ulteriormente il comfort. Un guanto traspirante che offre comfort per ore senza accumulo di calore.<\/p>\n\t\t\t\t\t\t\t\t<\/div>\n\t\t\t\t<\/div>\n\t\t\t\t<\/div>\n\t\t<div class=\"elementor-element elementor-element-0026542 e-con-full e-flex e-con e-child\" data-id=\"0026542\" data-element_type=\"container\" data-e-type=\"container\">\n\t\t\t\t<div class=\"elementor-element elementor-element-7a3874f elementor-widget elementor-widget-image\" data-id=\"7a3874f\" data-element_type=\"widget\" data-e-type=\"widget\" data-widget_type=\"image.default\">\n\t\t\t\t<div class=\"elementor-widget-container\">\n\t\t\t\t\t\t\t\t\t\t\t\t\t\t\t<img decoding=\"async\" width=\"600\" height=\"600\" src=\"https:\/\/sitz.ch\/wp-content\/uploads\/imak-ergobeads-computer-glove-handgelenkbandage-ergopoint-600x600.jpg\" class=\"attachment-medium size-medium wp-image-143028\" alt=\"\" srcset=\"https:\/\/sitz.ch\/wp-content\/uploads\/imak-ergobeads-computer-glove-handgelenkbandage-ergopoint-600x600.jpg 600w, https:\/\/sitz.ch\/wp-content\/uploads\/imak-ergobeads-computer-glove-handgelenkbandage-ergopoint-1024x1024.jpg 1024w, https:\/\/sitz.ch\/wp-content\/uploads\/imak-ergobeads-computer-glove-handgelenkbandage-ergopoint-300x300.jpg 300w, https:\/\/sitz.ch\/wp-content\/uploads\/imak-ergobeads-computer-glove-handgelenkbandage-ergopoint-768x768.jpg 768w, https:\/\/sitz.ch\/wp-content\/uploads\/imak-ergobeads-computer-glove-handgelenkbandage-ergopoint-1536x1536.jpg 1536w, https:\/\/sitz.ch\/wp-content\/uploads\/imak-ergobeads-computer-glove-handgelenkbandage-ergopoint-100x100.jpg 100w, https:\/\/sitz.ch\/wp-content\/uploads\/imak-ergobeads-computer-glove-handgelenkbandage-ergopoint-135x135.jpg 135w, https:\/\/sitz.ch\/wp-content\/uploads\/imak-ergobeads-computer-glove-handgelenkbandage-ergopoint-64x64.jpg 64w, https:\/\/sitz.ch\/wp-content\/uploads\/imak-ergobeads-computer-glove-handgelenkbandage-ergopoint.jpg 2000w\" sizes=\"(max-width: 600px) 100vw, 600px\" title=\"\">\t\t\t\t\t\t\t\t\t\t\t\t\t\t\t<\/div>\n\t\t\t\t<\/div>\n\t\t\t\t<\/div>\n\t\t\t\t\t<\/div>\n\t\t\t\t<\/section>\n\t\t<section class=\"elementor-element elementor-element-cbf38dd ergo-f-list e-flex e-con-boxed e-con e-parent\" data-id=\"cbf38dd\" data-element_type=\"container\" data-e-type=\"container\">\n\t\t\t\t\t<div class=\"e-con-inner\">\n\t\t<div class=\"elementor-element elementor-element-60aeb3e e-con-full e-flex e-con e-child\" data-id=\"60aeb3e\" data-element_type=\"container\" data-e-type=\"container\">\n\t\t\t\t<div class=\"elementor-element elementor-element-ce33c2c elementor-widget elementor-widget-heading\" data-id=\"ce33c2c\" data-element_type=\"widget\" data-e-type=\"widget\" data-widget_type=\"heading.default\">\n\t\t\t\t<div class=\"elementor-widget-container\">\n\t\t\t\t\t<h3 class=\"elementor-heading-title elementor-size-default\">Ideale per quando sei in movimento<\/h3>\t\t\t\t<\/div>\n\t\t\t\t<\/div>\n\t\t\t\t<div class=\"elementor-element elementor-element-fc309ea elementor-widget elementor-widget-text-editor\" data-id=\"fc309ea\" data-element_type=\"widget\" data-e-type=\"widget\" data-widget_type=\"text-editor.default\">\n\t\t\t\t<div class=\"elementor-widget-container\">\n\t\t\t\t\t\t\t\t\t<p>Compatto e leggero, il guanto per computer si adatta facilmente a qualsiasi borsa. Particolarmente adatto per i viaggi o un utilizzo flessibile, offre una protezione ottimale per il polso quando sei in movimento. Grazie alle sue dimensioni salvaspazio, \u00e8 ideale da utilizzare in treno, aereo o al caff\u00e8 \u2013 ovunque si lavori o ci si rilassi. Un compagno perfetto che garantisce protezione e comfort per il polso in ogni momento.<\/p>\n\t\t\t\t\t\t\t\t<\/div>\n\t\t\t\t<\/div>\n\t\t\t\t<\/div>\n\t\t<div class=\"elementor-element elementor-element-8a07d37 e-con-full e-flex e-con e-child\" data-id=\"8a07d37\" data-element_type=\"container\" data-e-type=\"container\">\n\t\t\t\t<div class=\"elementor-element elementor-element-d1ef594 elementor-widget elementor-widget-image\" data-id=\"d1ef594\" data-element_type=\"widget\" data-e-type=\"widget\" data-widget_type=\"image.default\">\n\t\t\t\t<div class=\"elementor-widget-container\">\n\t\t\t\t\t\t\t\t\t\t\t\t\t\t\t<img decoding=\"async\" width=\"800\" height=\"534\" src=\"https:\/\/sitz.ch\/wp-content\/uploads\/imak-ergobeads-computer-glove-kompakt-unterwegs-arbeiten-laptop-ergopoint-1024x683.jpg\" class=\"attachment-large size-large wp-image-143148\" alt=\"\" srcset=\"https:\/\/sitz.ch\/wp-content\/uploads\/imak-ergobeads-computer-glove-kompakt-unterwegs-arbeiten-laptop-ergopoint-1024x683.jpg 1024w, https:\/\/sitz.ch\/wp-content\/uploads\/imak-ergobeads-computer-glove-kompakt-unterwegs-arbeiten-laptop-ergopoint-600x400.jpg 600w, https:\/\/sitz.ch\/wp-content\/uploads\/imak-ergobeads-computer-glove-kompakt-unterwegs-arbeiten-laptop-ergopoint-768x512.jpg 768w, https:\/\/sitz.ch\/wp-content\/uploads\/imak-ergobeads-computer-glove-kompakt-unterwegs-arbeiten-laptop-ergopoint-1536x1024.jpg 1536w, https:\/\/sitz.ch\/wp-content\/uploads\/imak-ergobeads-computer-glove-kompakt-unterwegs-arbeiten-laptop-ergopoint-2048x1365.jpg 2048w, https:\/\/sitz.ch\/wp-content\/uploads\/imak-ergobeads-computer-glove-kompakt-unterwegs-arbeiten-laptop-ergopoint-64x43.jpg 64w\" sizes=\"(max-width: 800px) 100vw, 800px\" title=\"\">\t\t\t\t\t\t\t\t\t\t\t\t\t\t\t<\/div>\n\t\t\t\t<\/div>\n\t\t\t\t<\/div>\n\t\t\t\t\t<\/div>\n\t\t\t\t<\/section>\n\t\t\t\t<\/div>\n\t\t","protected":false},"excerpt":{"rendered":"<p>Il guanto da computer compatto e leggero offre una protezione ottimale per il polso, sia in viaggio che in ufficio. Il materiale in cotone traspirante mantiene la mano fresca e asciutta, mentre l&#8217;imbottitura morbida e brevettata ErgoBeads previene i punti di pressione. Reversibile per entrambe le mani e versatile nell&#8217;uso, assicura comfort in ogni attivit\u00e0, dal lavoro al laptop al gaming. Perfetto per viaggiare e l&#8217;uso quotidiano.<\/p>\n","protected":false},"featured_media":138540,"comment_status":"open","ping_status":"closed","template":"","meta":{"_acf_changed":false},"pwb-brand":[113],"product_brand":[],"product_cat":[300,302],"product_tag":[],"class_list":{"0":"post-148762","1":"product","2":"type-product","3":"status-publish","4":"has-post-thumbnail","6":"pwb-brand-imak","7":"product_cat-accessori-ergonomici","8":"product_cat-poggiapolsi","9":"tm-has-options","11":"first","12":"instock","13":"featured","14":"taxable","15":"shipping-taxable","16":"purchasable","17":"product-type-variable","18":"has-default-attributes"},"acf":[],"brands":[{"id":113,"name":"Imak","slug":"imak"}],"_links":{"self":[{"href":"https:\/\/sitz.ch\/it\/wp-json\/wp\/v2\/product\/148762","targetHints":{"allow":["GET"]}}],"collection":[{"href":"https:\/\/sitz.ch\/it\/wp-json\/wp\/v2\/product"}],"about":[{"href":"https:\/\/sitz.ch\/it\/wp-json\/wp\/v2\/types\/product"}],"replies":[{"embeddable":true,"href":"https:\/\/sitz.ch\/it\/wp-json\/wp\/v2\/comments?post=148762"}],"version-history":[{"count":1,"href":"https:\/\/sitz.ch\/it\/wp-json\/wp\/v2\/product\/148762\/revisions"}],"predecessor-version":[{"id":148764,"href":"https:\/\/sitz.ch\/it\/wp-json\/wp\/v2\/product\/148762\/revisions\/148764"}],"wp:featuredmedia":[{"embeddable":true,"href":"https:\/\/sitz.ch\/it\/wp-json\/wp\/v2\/media\/138540"}],"wp:attachment":[{"href":"https:\/\/sitz.ch\/it\/wp-json\/wp\/v2\/media?parent=148762"}],"wp:term":[{"taxonomy":"pwb-brand","embeddable":true,"href":"https:\/\/sitz.ch\/it\/wp-json\/wp\/v2\/pwb-brand?post=148762"},{"taxonomy":"product_brand","embeddable":true,"href":"https:\/\/sitz.ch\/it\/wp-json\/wp\/v2\/product_brand?post=148762"},{"taxonomy":"product_cat","embeddable":true,"href":"https:\/\/sitz.ch\/it\/wp-json\/wp\/v2\/product_cat?post=148762"},{"taxonomy":"product_tag","embeddable":true,"href":"https:\/\/sitz.ch\/it\/wp-json\/wp\/v2\/product_tag?post=148762"}],"curies":[{"name":"wp","href":"https:\/\/api.w.org\/{rel}","templated":true}]}}