{"id":148789,"date":"2016-11-12T00:17:26","date_gmt":"2016-11-11T23:17:26","guid":{"rendered":"https:\/\/sitz.ch\/produkt\/kybun-matte-plus-kybounder-tappeto-elastico\/"},"modified":"2026-05-06T01:04:03","modified_gmt":"2026-05-05T23:04:03","slug":"kybun-matte-plus-kybounder-tappeto-elastico","status":"publish","type":"product","link":"https:\/\/sitz.ch\/it\/prodotto\/kybun-matte-plus-kybounder-tappeto-elastico\/","title":{"rendered":"Kybun Matte Plus kyBounder Tappeto Elastico"},"content":{"rendered":"<p><strong>kyBounder PLUS Tappetino per stare in piedi per alleviare e allenare la muscolatura delle gambe<\/strong><\/p>\n<p>Sul kyBounder PLUS puoi stare in piedi con o senza scarpe. Grazie al suo rivestimento speciale, \u00e8 resistente all&#8217;acqua e facile da pulire. Ottimale quando si lavora per lungo tempo su superfici dure: ad esempio, a uno sportello, a un banco vendita o a una postazione di lavoro.<\/p>\n<p>Il kyBounder PLUS resistente all&#8217;acqua \u00e8 inoltre ideale per l&#8217;uso in cucine, luoghi umidi come i bagni e\/o in ambito terapeutico.<\/p>\n<p>La struttura morbido-elastica crea una base che incoraggia movimenti leggeri e costanti. Il kyBounder PLUS morbido-elastico allevia l&#8217;intero corpo, protegge le articolazioni e riduce la fatica.<\/p>\n<p>&nbsp;<\/p>\n<p>Il nucleo del kyBounder PLUS rivestito ha la stessa qualit\u00e0 ed elasticit\u00e0 del modello kyBounder con rivestimento in tessuto. La copertura completamente saldata \u00e8 composta per il 97% da PVC e per il 3% da PU e ha un fondo antiscivolo. La copertura \u00e8 resistente all&#8217;abrasione.<\/p>\n<p>Il kyBounder PLUS al lavoro, a casa o in terapia:<\/p>\n<p>\u2022\u00a0Protegge le articolazioni e rilassa la muscolatura della schiena<\/p>\n<p>\u2022\u00a0Allevia i dischi intervertebrali<\/p>\n<p>\u2022\u00a0Rafforza la muscolatura stabilizzante<\/p>\n<p>\u2022\u00a0Migliora la postura<\/p>\n<p>\u2022\u00a0Riduce la fatica<\/p>\n<p>\u2022\u00a0Attiva la pompa venosa delle gambe<\/p>\n<p>\u2022\u00a0\u00c8 divertente<\/p>\n<p>\u2022\u00a0Aumenta la motivazione e la soddisfazione lavorativa dei dipendenti<\/p>\n<p>\u2022\u00a0\u00c8 una parte importante della prevenzione della salute<\/p>\n<p>\u2022\u00a0Aumenta la produttivit\u00e0<\/p>\n<p>\u2022\u00a0Riduce i giorni di malattia del personale<\/p>\n<p>Galleggia invece di stare in piedi appesantendo &#8211; sul kyBounder PLUS 2cm anche con le scarpe&#8230;<\/p>\n<p>\u2022\u00a0agli sportelli delle poste e delle banche<\/p>\n<p>\u2022\u00a0al banco vendita<\/p>\n<p>\u2022\u00a0al chiosco<\/p>\n<p>\u2022\u00a0al bar e in cucina nella gastronomia<\/p>\n<p>\u2022\u00a0alla catena di produzione e alla postazione di lavoro<\/p>\n<p>&nbsp;<\/p>\n","protected":false},"excerpt":{"rendered":"<p>kyBounder PLUS Tappetino per stare in piedi per alleviare e allenare la muscolatura delle gambe Sul kyBounder PLUS puoi stare in piedi con o senza scarpe. Grazie al suo rivestimento speciale, \u00e8 resistente all&#8217;acqua e facile da pulire. Ottimale quando si lavora per lungo tempo su superfici dure: ad esempio, a uno sportello, a un [&hellip;]<\/p>\n","protected":false},"featured_media":138363,"comment_status":"open","ping_status":"closed","template":"","meta":{"_acf_changed":false},"pwb-brand":[],"product_brand":[],"product_cat":[300,319,972,301,282,321],"product_tag":[],"class_list":{"0":"post-148789","1":"product","2":"type-product","3":"status-publish","4":"has-post-thumbnail","6":"product_cat-accessori-ergonomici","7":"product_cat-attrezzature-per-lallenamento","8":"product_cat-idoneo-per-la-domanda-ai","9":"product_cat-poggiapiedi","10":"product_cat-scrivanie-regolabili-in-altezza","11":"product_cat-tappetini-antifatica","12":"tm-has-options","14":"first","15":"instock","16":"featured","17":"taxable","18":"shipping-taxable","19":"purchasable","20":"product-type-variable","21":"has-default-attributes"},"acf":[],"brands":[],"_links":{"self":[{"href":"https:\/\/sitz.ch\/it\/wp-json\/wp\/v2\/product\/148789","targetHints":{"allow":["GET"]}}],"collection":[{"href":"https:\/\/sitz.ch\/it\/wp-json\/wp\/v2\/product"}],"about":[{"href":"https:\/\/sitz.ch\/it\/wp-json\/wp\/v2\/types\/product"}],"replies":[{"embeddable":true,"href":"https:\/\/sitz.ch\/it\/wp-json\/wp\/v2\/comments?post=148789"}],"version-history":[{"count":1,"href":"https:\/\/sitz.ch\/it\/wp-json\/wp\/v2\/product\/148789\/revisions"}],"predecessor-version":[{"id":198069,"href":"https:\/\/sitz.ch\/it\/wp-json\/wp\/v2\/product\/148789\/revisions\/198069"}],"wp:featuredmedia":[{"embeddable":true,"href":"https:\/\/sitz.ch\/it\/wp-json\/wp\/v2\/media\/138363"}],"wp:attachment":[{"href":"https:\/\/sitz.ch\/it\/wp-json\/wp\/v2\/media?parent=148789"}],"wp:term":[{"taxonomy":"pwb-brand","embeddable":true,"href":"https:\/\/sitz.ch\/it\/wp-json\/wp\/v2\/pwb-brand?post=148789"},{"taxonomy":"product_brand","embeddable":true,"href":"https:\/\/sitz.ch\/it\/wp-json\/wp\/v2\/product_brand?post=148789"},{"taxonomy":"product_cat","embeddable":true,"href":"https:\/\/sitz.ch\/it\/wp-json\/wp\/v2\/product_cat?post=148789"},{"taxonomy":"product_tag","embeddable":true,"href":"https:\/\/sitz.ch\/it\/wp-json\/wp\/v2\/product_tag?post=148789"}],"curies":[{"name":"wp","href":"https:\/\/api.w.org\/{rel}","templated":true}]}}