{"id":148804,"date":"2016-11-12T00:06:50","date_gmt":"2016-11-11T23:06:50","guid":{"rendered":"https:\/\/sitz.ch\/produkt\/limbiclife-limbic-chair-custom-gusci-in-carbonio\/"},"modified":"2016-11-12T00:06:50","modified_gmt":"2016-11-11T23:06:50","slug":"limbiclife-limbic-chair-custom-gusci-in-carbonio","status":"publish","type":"product","link":"https:\/\/sitz.ch\/it\/prodotto\/limbiclife-limbic-chair-custom-gusci-in-carbonio\/","title":{"rendered":"Limbiclife Limbic Chair Custom Gusci in Carbonio"},"content":{"rendered":"<p><span style=\"line-height: 115%;\">LimbIC, un prodotto lifestyle realizzato su misura secondo le dimensioni del tuo corpo e le tue preferenze cromatiche &#8211; tanto unico quanto te.<\/span><\/p>\n<p>Swissmade &#8211; la nostra terapeuta sar\u00e0 felice di contattarti per quanto riguarda la misurazione e la scelta dei colori.<\/p>\n<p>LimbIC \u00e8 la prima sedia che combina scoperte della ricerca sul cervello con l&#8217;ergonomia. Ci\u00f2 rende possibile coinvolgere il sistema limbico e collegare al meglio l&#8217;energia, la produttivit\u00e0 e la creativit\u00e0 con il nostro pensiero.<\/p>\n<p>LimbIC non \u00e8 ci\u00f2 che ci si aspetterebbe da una sedia. Invece di una superficie di seduta, ci sono due conchiglie formate secondo criteri ergonomici e neurologici, completamente mobili. Il risultato: LimbIC consente massima libert\u00e0 di movimento e segue non solo ogni movimento, ma anche ogni cambiamento d&#8217;umore.<\/p>\n<ul>\n<li>Fatto a mano in Svizzera<\/li>\n<li>Conchiglie del sedile in carbonio\/Kevlar su misura, provenienti dalla produzione della Formula 1, lucide all&#8217;esterno, vernice antiscivolo all&#8217;interno<\/li>\n<li>Meccanica adattata individualmente<\/li>\n<li>Metallo nero: alluminio levigato e anodizzato nero<\/li>\n<li>Ulteriori opzioni di personalizzazione come logo o colore su richiesta<\/li>\n<li>Consulenza\/misurazione da parte della terapeuta nei nostri spazi gratuitamente<\/li>\n<li>Tempi di consegna 8-12 settimane<img decoding=\"async\" class=\"alignnone wp-image-126477\" src=\"https:\/\/sitz.ch\/wp-content\/uploads\/DPS_Winner_2019.jpg\" alt=\"\" width=\"295\" height=\"295\" title=\"\"> <img decoding=\"async\" class=\"alignnone wp-image-126482\" src=\"https:\/\/sitz.ch\/wp-content\/uploads\/pk_nbeck-400x344.jpg\" alt=\"\" width=\"341\" height=\"293\" title=\"\" srcset=\"https:\/\/sitz.ch\/wp-content\/uploads\/pk_nbeck-400x344.jpg 400w, https:\/\/sitz.ch\/wp-content\/uploads\/pk_nbeck-600x516.jpg 600w, https:\/\/sitz.ch\/wp-content\/uploads\/pk_nbeck-1024x881.jpg 1024w, https:\/\/sitz.ch\/wp-content\/uploads\/pk_nbeck-768x661.jpg 768w, https:\/\/sitz.ch\/wp-content\/uploads\/pk_nbeck-640x551.jpg 640w, https:\/\/sitz.ch\/wp-content\/uploads\/pk_nbeck-367x316.jpg 367w, https:\/\/sitz.ch\/wp-content\/uploads\/pk_nbeck.jpg 1292w\" sizes=\"(max-width: 341px) 100vw, 341px\" \/> <img decoding=\"async\" class=\"alignnone size-full wp-image-126478\" src=\"https:\/\/sitz.ch\/wp-content\/uploads\/DPS_Winner_2019-1.jpg\" alt=\"\" width=\"295\" height=\"295\" title=\"\" srcset=\"https:\/\/sitz.ch\/wp-content\/uploads\/DPS_Winner_2019-1.jpg 295w, https:\/\/sitz.ch\/wp-content\/uploads\/DPS_Winner_2019-1-150x150.jpg 150w, https:\/\/sitz.ch\/wp-content\/uploads\/DPS_Winner_2019-1-200x200.jpg 200w, https:\/\/sitz.ch\/wp-content\/uploads\/DPS_Winner_2019-1-85x85.jpg 85w, https:\/\/sitz.ch\/wp-content\/uploads\/DPS_Winner_2019-1-50x50.jpg 50w, https:\/\/sitz.ch\/wp-content\/uploads\/DPS_Winner_2019-1-32x32.jpg 32w\" sizes=\"(max-width: 295px) 100vw, 295px\" \/><\/li>\n<\/ul>\n","protected":false},"excerpt":{"rendered":"<p>LimbIC, un prodotto lifestyle realizzato su misura secondo le dimensioni del tuo corpo e le tue preferenze cromatiche &#8211; tanto unico quanto te. Swissmade &#8211; la nostra terapeuta sar\u00e0 felice di contattarti per quanto riguarda la misurazione e la scelta dei colori. LimbIC \u00e8 la prima sedia che combina scoperte della ricerca sul cervello con [&hellip;]<\/p>\n","protected":false},"featured_media":138117,"comment_status":"open","ping_status":"closed","template":"","meta":{"_acf_changed":false},"pwb-brand":[89],"product_brand":[],"product_cat":[191,205,206],"product_tag":[],"class_list":{"0":"post-148804","1":"product","2":"type-product","3":"status-publish","4":"has-post-thumbnail","6":"pwb-brand-limbiclife","7":"product_cat-sedie-da-ufficio","8":"product_cat-sgabelli-a-sella","9":"product_cat-soluzioni-di-seduta-speciali","10":"tm-has-options","12":"first","13":"onbackorder","14":"featured","15":"taxable","16":"shipping-taxable","17":"purchasable","18":"product-type-variable","19":"has-default-attributes"},"acf":[],"brands":[{"id":89,"name":"Limbiclife","slug":"limbiclife"}],"_links":{"self":[{"href":"https:\/\/sitz.ch\/it\/wp-json\/wp\/v2\/product\/148804","targetHints":{"allow":["GET"]}}],"collection":[{"href":"https:\/\/sitz.ch\/it\/wp-json\/wp\/v2\/product"}],"about":[{"href":"https:\/\/sitz.ch\/it\/wp-json\/wp\/v2\/types\/product"}],"replies":[{"embeddable":true,"href":"https:\/\/sitz.ch\/it\/wp-json\/wp\/v2\/comments?post=148804"}],"version-history":[{"count":0,"href":"https:\/\/sitz.ch\/it\/wp-json\/wp\/v2\/product\/148804\/revisions"}],"wp:featuredmedia":[{"embeddable":true,"href":"https:\/\/sitz.ch\/it\/wp-json\/wp\/v2\/media\/138117"}],"wp:attachment":[{"href":"https:\/\/sitz.ch\/it\/wp-json\/wp\/v2\/media?parent=148804"}],"wp:term":[{"taxonomy":"pwb-brand","embeddable":true,"href":"https:\/\/sitz.ch\/it\/wp-json\/wp\/v2\/pwb-brand?post=148804"},{"taxonomy":"product_brand","embeddable":true,"href":"https:\/\/sitz.ch\/it\/wp-json\/wp\/v2\/product_brand?post=148804"},{"taxonomy":"product_cat","embeddable":true,"href":"https:\/\/sitz.ch\/it\/wp-json\/wp\/v2\/product_cat?post=148804"},{"taxonomy":"product_tag","embeddable":true,"href":"https:\/\/sitz.ch\/it\/wp-json\/wp\/v2\/product_tag?post=148804"}],"curies":[{"name":"wp","href":"https:\/\/api.w.org\/{rel}","templated":true}]}}