{"id":149089,"date":"2019-05-02T12:15:44","date_gmt":"2019-05-02T10:15:44","guid":{"rendered":"https:\/\/sitz.ch\/produkt\/mousetrapper-flexible-wireless-wellness-mouse\/"},"modified":"2019-05-02T12:15:44","modified_gmt":"2019-05-02T10:15:44","slug":"mousetrapper-flexible-wireless-wellness-mouse","status":"publish","type":"product","link":"https:\/\/sitz.ch\/it\/prodotto\/mousetrapper-flexible-wireless-wellness-mouse\/","title":{"rendered":"Mousetrapper Flexible Wireless Wellness Mouse"},"content":{"rendered":"<h2>Al prezzo speciale, poich\u00e9 il mouse non sar\u00e0 pi\u00f9 presente nell&#8217;assortimento n\u00e9 prodotto.<\/h2>\n<p><strong>Approfitta dell&#8217;opportunit\u00e0 per un affare dal nostro assortimento di rimanenze.<\/strong><\/p>\n<p>&nbsp;<\/p>\n<p>Lavorare in modo ergonomico al computer. Con il Mousetrapper \u00e8 un gioco da ragazzi. Grazie al lavoro centrato e all&#8217;utilizzo con entrambe le mani, \u00e8 possibile prevenire o risolvere problemi alla spalla, al braccio e alla mano.<\/p>\n<p>Il Mousetrapper flessibile \u00e8 il mouse perfetto per chi viaggia molto. Piccolo, raffinato, leggero e wireless. Cos\u00ec risparmi spazio senza sacrificare la qualit\u00e0 e le prestazioni.<\/p>\n<p>Caratteristiche:<br \/>\n&#8211; 9 tasti programmabili<br \/>\n&#8211; 1-3 settimane di autonomia della batteria tra una ricarica e l&#8217;altra (batteria ricaricabile)<br \/>\n&#8211; 1.500 dpi<\/p>\n<p>Dimensioni:<br \/>\n&#8211; Larghezza: 300 mm<br \/>\n&#8211; Lunghezza: 19 mm<br \/>\n&#8211; Profondit\u00e0: 95 mm<br \/>\n&#8211; Peso: 300 g<\/p>\n","protected":false},"excerpt":{"rendered":"<p>Al prezzo speciale, poich\u00e9 il mouse non sar\u00e0 pi\u00f9 presente nell&#8217;assortimento n\u00e9 prodotto. Approfitta dell&#8217;opportunit\u00e0 per un affare dal nostro assortimento di rimanenze. &nbsp; Lavorare in modo ergonomico al computer. Con il Mousetrapper \u00e8 un gioco da ragazzi. Grazie al lavoro centrato e all&#8217;utilizzo con entrambe le mani, \u00e8 possibile prevenire o risolvere problemi alla [&hellip;]<\/p>\n","protected":false},"featured_media":138990,"comment_status":"open","ping_status":"closed","template":"","meta":{"_acf_changed":false},"pwb-brand":[104],"product_brand":[],"product_cat":[300,304],"product_tag":[],"class_list":{"0":"post-149089","1":"product","2":"type-product","3":"status-publish","4":"has-post-thumbnail","6":"pwb-brand-mousetrapper","7":"product_cat-accessori-ergonomici","8":"product_cat-mouse-ergonomico","9":"tm-has-options","11":"first","12":"instock","13":"sale","14":"featured","15":"taxable","16":"shipping-taxable","17":"purchasable","18":"product-type-variable","19":"has-default-attributes"},"acf":[],"brands":[{"id":104,"name":"Mousetrapper","slug":"mousetrapper"}],"_links":{"self":[{"href":"https:\/\/sitz.ch\/it\/wp-json\/wp\/v2\/product\/149089","targetHints":{"allow":["GET"]}}],"collection":[{"href":"https:\/\/sitz.ch\/it\/wp-json\/wp\/v2\/product"}],"about":[{"href":"https:\/\/sitz.ch\/it\/wp-json\/wp\/v2\/types\/product"}],"replies":[{"embeddable":true,"href":"https:\/\/sitz.ch\/it\/wp-json\/wp\/v2\/comments?post=149089"}],"version-history":[{"count":0,"href":"https:\/\/sitz.ch\/it\/wp-json\/wp\/v2\/product\/149089\/revisions"}],"wp:featuredmedia":[{"embeddable":true,"href":"https:\/\/sitz.ch\/it\/wp-json\/wp\/v2\/media\/138990"}],"wp:attachment":[{"href":"https:\/\/sitz.ch\/it\/wp-json\/wp\/v2\/media?parent=149089"}],"wp:term":[{"taxonomy":"pwb-brand","embeddable":true,"href":"https:\/\/sitz.ch\/it\/wp-json\/wp\/v2\/pwb-brand?post=149089"},{"taxonomy":"product_brand","embeddable":true,"href":"https:\/\/sitz.ch\/it\/wp-json\/wp\/v2\/product_brand?post=149089"},{"taxonomy":"product_cat","embeddable":true,"href":"https:\/\/sitz.ch\/it\/wp-json\/wp\/v2\/product_cat?post=149089"},{"taxonomy":"product_tag","embeddable":true,"href":"https:\/\/sitz.ch\/it\/wp-json\/wp\/v2\/product_tag?post=149089"}],"curies":[{"name":"wp","href":"https:\/\/api.w.org\/{rel}","templated":true}]}}