{"id":149094,"date":"2019-05-02T13:49:10","date_gmt":"2019-05-02T11:49:10","guid":{"rendered":"https:\/\/sitz.ch\/produkt\/mousetrapper-lite-wellness-mouse-cavo-nero\/"},"modified":"2026-05-06T01:01:54","modified_gmt":"2026-05-05T23:01:54","slug":"mousetrapper-lite-wellness-mouse-cavo-nero","status":"publish","type":"product","link":"https:\/\/sitz.ch\/it\/prodotto\/mousetrapper-lite-wellness-mouse-cavo-nero\/","title":{"rendered":"Mousetrapper Lite Wellness Mouse (Cavo, Nero)"},"content":{"rendered":"<p>Lavorare al computer in modo ergonomico. Con il Mousetrapper \u00e8 facile. Grazie al lavoro centrato e l&#8217;utilizzo con entrambe le mani, \u00e8 possibile prevenire o risolvere problemi nelle zone di spalle, braccia e mani.<\/p>\n<p>Il Mousetrapper lite \u00e8 una versione semplice ed economica. Meno tasti e un utilizzo semplice a un prezzo ottimo.<\/p>\n<p>Caratteristiche:<br \/>\n&#8211; 4 tasti (inclusa funzione di scorrimento)<br \/>\n&#8211; ampia appoggiamano<br \/>\n&#8211; elementi di controllo con funzione di click<br \/>\n&#8211; cavo con attacco USB<\/p>\n<p>Dimensioni:<br \/>\nProfondit\u00e0: 115 mm<br \/>\nAltezza\/Spessore: 22 mm<br \/>\nLarghezza: 500 mm<br \/>\nPeso: 650 g<\/p>\n","protected":false},"excerpt":{"rendered":"<p>Lavorare al computer in modo ergonomico. Con il Mousetrapper \u00e8 facile. Grazie al lavoro centrato e l&#8217;utilizzo con entrambe le mani, \u00e8 possibile prevenire o risolvere problemi nelle zone di spalle, braccia e mani. Il Mousetrapper lite \u00e8 una versione semplice ed economica. Meno tasti e un utilizzo semplice a un prezzo ottimo. Caratteristiche: &#8211; [&hellip;]<\/p>\n","protected":false},"featured_media":139008,"comment_status":"open","ping_status":"closed","template":"","meta":{"_acf_changed":false},"pwb-brand":[],"product_brand":[],"product_cat":[300,304],"product_tag":[],"class_list":{"0":"post-149094","1":"product","2":"type-product","3":"status-publish","4":"has-post-thumbnail","6":"product_cat-accessori-ergonomici","7":"product_cat-mouse-ergonomico","8":"tm-has-options","10":"first","11":"instock","12":"featured","13":"taxable","14":"shipping-taxable","15":"purchasable","16":"product-type-variable","17":"has-default-attributes"},"acf":[],"brands":[],"_links":{"self":[{"href":"https:\/\/sitz.ch\/it\/wp-json\/wp\/v2\/product\/149094","targetHints":{"allow":["GET"]}}],"collection":[{"href":"https:\/\/sitz.ch\/it\/wp-json\/wp\/v2\/product"}],"about":[{"href":"https:\/\/sitz.ch\/it\/wp-json\/wp\/v2\/types\/product"}],"replies":[{"embeddable":true,"href":"https:\/\/sitz.ch\/it\/wp-json\/wp\/v2\/comments?post=149094"}],"version-history":[{"count":1,"href":"https:\/\/sitz.ch\/it\/wp-json\/wp\/v2\/product\/149094\/revisions"}],"predecessor-version":[{"id":198058,"href":"https:\/\/sitz.ch\/it\/wp-json\/wp\/v2\/product\/149094\/revisions\/198058"}],"wp:featuredmedia":[{"embeddable":true,"href":"https:\/\/sitz.ch\/it\/wp-json\/wp\/v2\/media\/139008"}],"wp:attachment":[{"href":"https:\/\/sitz.ch\/it\/wp-json\/wp\/v2\/media?parent=149094"}],"wp:term":[{"taxonomy":"pwb-brand","embeddable":true,"href":"https:\/\/sitz.ch\/it\/wp-json\/wp\/v2\/pwb-brand?post=149094"},{"taxonomy":"product_brand","embeddable":true,"href":"https:\/\/sitz.ch\/it\/wp-json\/wp\/v2\/product_brand?post=149094"},{"taxonomy":"product_cat","embeddable":true,"href":"https:\/\/sitz.ch\/it\/wp-json\/wp\/v2\/product_cat?post=149094"},{"taxonomy":"product_tag","embeddable":true,"href":"https:\/\/sitz.ch\/it\/wp-json\/wp\/v2\/product_tag?post=149094"}],"curies":[{"name":"wp","href":"https:\/\/api.w.org\/{rel}","templated":true}]}}