{"id":149204,"date":"2016-11-12T00:24:36","date_gmt":"2016-11-11T23:24:36","guid":{"rendered":"https:\/\/sitz.ch\/produkt\/score-amazone-balance\/"},"modified":"2025-02-27T19:14:32","modified_gmt":"2025-02-27T18:14:32","slug":"score-amazone-balance","status":"publish","type":"product","link":"https:\/\/sitz.ch\/it\/prodotto\/score-amazone-balance\/","title":{"rendered":"Score Amazone Balance"},"content":{"rendered":"<p>La meccanica mobile dello sgabello a sella Amazon combina un movimento (regolabile) con il sedile a sella. Sedendo sulla sella, il bacino si allinea automaticamente di pi\u00f9. Questa combinazione con il movimento offre la possibilit\u00e0 di sedere a lungo in modo ergonomico e confortevole.<\/p>\n<p>Questo sgabello \u00e8 ideale per studi dentistici e medici, ma anche per l&#8217;uso in ufficio.<\/p>\n<p>&nbsp;<\/p>\n<p>Dotazione:<\/p>\n<p>\u2022\u00a0\u00a0\u00a0 Meccanica per movimento del sedile regolabile in continuo<\/p>\n<p>\u2022\u00a0\u00a0\u00a0 Regolazione continua dell&#8217;altezza del sedile (disponibili 3 altezze del sollevamento)<\/p>\n<p>\u2022\u00a0\u00a0\u00a0 Base a croce in alluminio lucido<\/p>\n<p>\u2022\u00a0\u00a0\u00a0 Ruote nere, morbide 6.5cm<\/p>\n<p>\u2022\u00a0\u00a0\u00a0 Garanzia 2 anni<\/p>\n<p>&nbsp;<\/p>\n<p>su ordinazione<\/p>\n<p>Tempi di consegna ca. 4-6 settimane<\/p>\n<p>&nbsp;<\/p>\n<p><strong>Si prega di notare che per questo prodotto sono disponibili ulteriori rivestimenti in tessuto, meccanismi e accessori. Contattaci o vieni a trovarci nel nostro negozio specializzato. Saremo lieti di consigliarti.<\/strong><\/p>\n","protected":false},"excerpt":{"rendered":"<p>La meccanica mobile dello sgabello a sella Amazon combina un movimento (regolabile) con il sedile a sella. Sedendo sulla sella, il bacino si allinea automaticamente di pi\u00f9. Questa combinazione con il movimento offre la possibilit\u00e0 di sedere a lungo in modo ergonomico e confortevole. Questo sgabello \u00e8 ideale per studi dentistici e medici, ma anche [&hellip;]<\/p>\n","protected":false},"featured_media":138639,"comment_status":"open","ping_status":"closed","template":"","meta":{"_acf_changed":false},"pwb-brand":[90],"product_brand":[],"product_cat":[191,297,199,205,206],"product_tag":[],"class_list":{"0":"post-149204","1":"product","2":"type-product","3":"status-publish","4":"has-post-thumbnail","6":"pwb-brand-score","7":"product_cat-sedie-da-ufficio","8":"product_cat-sedie-per-camere-sterili-uso-medico","9":"product_cat-sgabelli","10":"product_cat-sgabelli-a-sella","11":"product_cat-soluzioni-di-seduta-speciali","12":"tm-has-options","14":"first","15":"onbackorder","16":"featured","17":"taxable","18":"shipping-taxable","19":"purchasable","20":"product-type-variable","21":"has-default-attributes"},"acf":[],"brands":[{"id":90,"name":"Score","slug":"score"}],"_links":{"self":[{"href":"https:\/\/sitz.ch\/it\/wp-json\/wp\/v2\/product\/149204","targetHints":{"allow":["GET"]}}],"collection":[{"href":"https:\/\/sitz.ch\/it\/wp-json\/wp\/v2\/product"}],"about":[{"href":"https:\/\/sitz.ch\/it\/wp-json\/wp\/v2\/types\/product"}],"replies":[{"embeddable":true,"href":"https:\/\/sitz.ch\/it\/wp-json\/wp\/v2\/comments?post=149204"}],"version-history":[{"count":0,"href":"https:\/\/sitz.ch\/it\/wp-json\/wp\/v2\/product\/149204\/revisions"}],"wp:featuredmedia":[{"embeddable":true,"href":"https:\/\/sitz.ch\/it\/wp-json\/wp\/v2\/media\/138639"}],"wp:attachment":[{"href":"https:\/\/sitz.ch\/it\/wp-json\/wp\/v2\/media?parent=149204"}],"wp:term":[{"taxonomy":"pwb-brand","embeddable":true,"href":"https:\/\/sitz.ch\/it\/wp-json\/wp\/v2\/pwb-brand?post=149204"},{"taxonomy":"product_brand","embeddable":true,"href":"https:\/\/sitz.ch\/it\/wp-json\/wp\/v2\/product_brand?post=149204"},{"taxonomy":"product_cat","embeddable":true,"href":"https:\/\/sitz.ch\/it\/wp-json\/wp\/v2\/product_cat?post=149204"},{"taxonomy":"product_tag","embeddable":true,"href":"https:\/\/sitz.ch\/it\/wp-json\/wp\/v2\/product_tag?post=149204"}],"curies":[{"name":"wp","href":"https:\/\/api.w.org\/{rel}","templated":true}]}}