{"id":149217,"date":"2019-05-27T08:55:39","date_gmt":"2019-05-27T06:55:39","guid":{"rendered":"https:\/\/sitz.ch\/produkt\/score-fun\/"},"modified":"2019-05-27T08:55:39","modified_gmt":"2019-05-27T06:55:39","slug":"score-fun","status":"publish","type":"product","link":"https:\/\/sitz.ch\/it\/prodotto\/score-fun\/","title":{"rendered":"Score Fun"},"content":{"rendered":"<p>La meccanica mobile dello sgabello a sella Fun combina un movimento (regolabile) con la seduta a sella. Sedendosi sulla sella, il bacino si allinea automaticamente di pi\u00f9. Questa caratteristica, insieme al movimento, offre la possibilit\u00e0 di sedersi a lungo in modo ergonomico e comodo.<\/p>\n<p>Questo sgabello \u00e8 perfetto sia per studi dentistici e medici, sia per l&#8217;ufficio.<\/p>\n<p>&nbsp;<\/p>\n<p>Caratteristiche:<\/p>\n<p>\u2022\u00a0\u00a0\u00a0 Meccanismo di movimento del sedile regolabile senza gradini in intensit\u00e0<\/p>\n<p>\u2022\u00a0\u00a0\u00a0 Regolazione dell&#8217;altezza del sedile senza gradini (disponibili 3 altezze di sollevamento)<\/p>\n<p>\u2022\u00a0\u00a0\u00a0 Croce dei piedi in alluminio lucidato o nero<\/p>\n<p>\u2022\u00a0\u00a0\u00a0 Ruote nere morbide 6,5 cm<\/p>\n<p>\u2022\u00a0\u00a0\u00a0 Garanzia di 2 anni<\/p>\n<p>&nbsp;<\/p>\n<p>su ordinazione<\/p>\n<p>Tempo di consegna circa 4-6 settimane<\/p>\n<p>&nbsp;<\/p>\n<p><strong>Ti preghiamo di notare che per questo prodotto sono disponibili altre fodere, meccanismi e accessori. Contattaci o visita il nostro negozio specializzato. Saremo lieti di consigliarti.<\/strong><\/p>\n","protected":false},"excerpt":{"rendered":"<p>La meccanica mobile dello sgabello a sella Fun combina un movimento (regolabile) con la seduta a sella. Sedendosi sulla sella, il bacino si allinea automaticamente di pi\u00f9. Questa caratteristica, insieme al movimento, offre la possibilit\u00e0 di sedersi a lungo in modo ergonomico e comodo. Questo sgabello \u00e8 perfetto sia per studi dentistici e medici, sia [&hellip;]<\/p>\n","protected":false},"featured_media":139086,"comment_status":"open","ping_status":"closed","template":"","meta":{"_acf_changed":false},"pwb-brand":[90],"product_brand":[],"product_cat":[191,297,199,205,206],"product_tag":[],"class_list":{"0":"post-149217","1":"product","2":"type-product","3":"status-publish","4":"has-post-thumbnail","6":"pwb-brand-score","7":"product_cat-sedie-da-ufficio","8":"product_cat-sedie-per-camere-sterili-uso-medico","9":"product_cat-sgabelli","10":"product_cat-sgabelli-a-sella","11":"product_cat-soluzioni-di-seduta-speciali","12":"tm-has-options","14":"first","15":"onbackorder","16":"featured","17":"taxable","18":"shipping-taxable","19":"purchasable","20":"product-type-variable","21":"has-default-attributes"},"acf":[],"brands":[{"id":90,"name":"Score","slug":"score"}],"_links":{"self":[{"href":"https:\/\/sitz.ch\/it\/wp-json\/wp\/v2\/product\/149217","targetHints":{"allow":["GET"]}}],"collection":[{"href":"https:\/\/sitz.ch\/it\/wp-json\/wp\/v2\/product"}],"about":[{"href":"https:\/\/sitz.ch\/it\/wp-json\/wp\/v2\/types\/product"}],"replies":[{"embeddable":true,"href":"https:\/\/sitz.ch\/it\/wp-json\/wp\/v2\/comments?post=149217"}],"version-history":[{"count":0,"href":"https:\/\/sitz.ch\/it\/wp-json\/wp\/v2\/product\/149217\/revisions"}],"wp:featuredmedia":[{"embeddable":true,"href":"https:\/\/sitz.ch\/it\/wp-json\/wp\/v2\/media\/139086"}],"wp:attachment":[{"href":"https:\/\/sitz.ch\/it\/wp-json\/wp\/v2\/media?parent=149217"}],"wp:term":[{"taxonomy":"pwb-brand","embeddable":true,"href":"https:\/\/sitz.ch\/it\/wp-json\/wp\/v2\/pwb-brand?post=149217"},{"taxonomy":"product_brand","embeddable":true,"href":"https:\/\/sitz.ch\/it\/wp-json\/wp\/v2\/product_brand?post=149217"},{"taxonomy":"product_cat","embeddable":true,"href":"https:\/\/sitz.ch\/it\/wp-json\/wp\/v2\/product_cat?post=149217"},{"taxonomy":"product_tag","embeddable":true,"href":"https:\/\/sitz.ch\/it\/wp-json\/wp\/v2\/product_tag?post=149217"}],"curies":[{"name":"wp","href":"https:\/\/api.w.org\/{rel}","templated":true}]}}