{"id":149230,"date":"2019-05-27T06:52:04","date_gmt":"2019-05-27T04:52:04","guid":{"rendered":"https:\/\/sitz.ch\/produkt\/score-jumper-balance\/"},"modified":"2019-05-27T06:52:04","modified_gmt":"2019-05-27T04:52:04","slug":"score-jumper-balance","status":"publish","type":"product","link":"https:\/\/sitz.ch\/it\/prodotto\/score-jumper-balance\/","title":{"rendered":"Score Jumper Balance"},"content":{"rendered":"<p>La meccanica mobile dello sgabello a sella Jumper combina un movimento (regolabile) con la postura del sedile a sella. Sedendo sulla sella, il bacino si allinea automaticamente in modo pi\u00f9 eretto. Questa configurazione, insieme al movimento, offre la possibilit\u00e0 di sedersi a lungo in modo ergonomico e confortevole.<\/p>\n<p>Questo sgabello \u00e8 ideale per studi dentistici e medici, nonch\u00e9 per gli uffici.<\/p>\n<p>&nbsp;<\/p>\n<p>Caratteristiche:<\/p>\n<p>\u2022    Meccanismo di movimento del sedile regolabile in modo continuo per intensit\u00e0<\/p>\n<p>\u2022    Regolazione continua dell&#8217;altezza del sedile (3 altezze disponibili)<\/p>\n<p>\u2022    Base in alluminio lucidato<\/p>\n<p>\u2022    Ruote nere, morbide 6.5cm<\/p>\n<p>\u2022    Garanzia 2 anni<\/p>\n<p>&nbsp;<\/p>\n<p>su ordinazione<\/p>\n<p>Tempo di consegna ca. 4-6 settimane<\/p>\n<p>&nbsp;<\/p>\n<p><strong>Si prega di notare che per questo prodotto sono disponibili ulteriori rivestimenti, meccanismi e accessori. Contattateci o visitate il nostro negozio specializzato. Siamo lieti di consigliarvi.<\/strong><\/p>\n","protected":false},"excerpt":{"rendered":"<p>La meccanica mobile dello sgabello a sella Jumper combina un movimento (regolabile) con la postura del sedile a sella. Sedendo sulla sella, il bacino si allinea automaticamente in modo pi\u00f9 eretto. Questa configurazione, insieme al movimento, offre la possibilit\u00e0 di sedersi a lungo in modo ergonomico e confortevole. Questo sgabello \u00e8 ideale per studi dentistici [&hellip;]<\/p>\n","protected":false},"featured_media":139035,"comment_status":"open","ping_status":"closed","template":"","meta":{"_acf_changed":false},"pwb-brand":[90],"product_brand":[],"product_cat":[191,297,199,205,206],"product_tag":[],"class_list":{"0":"post-149230","1":"product","2":"type-product","3":"status-publish","4":"has-post-thumbnail","6":"pwb-brand-score","7":"product_cat-sedie-da-ufficio","8":"product_cat-sedie-per-camere-sterili-uso-medico","9":"product_cat-sgabelli","10":"product_cat-sgabelli-a-sella","11":"product_cat-soluzioni-di-seduta-speciali","12":"tm-has-options","14":"first","15":"onbackorder","16":"featured","17":"taxable","18":"shipping-taxable","19":"purchasable","20":"product-type-variable","21":"has-default-attributes"},"acf":[],"brands":[{"id":90,"name":"Score","slug":"score"}],"_links":{"self":[{"href":"https:\/\/sitz.ch\/it\/wp-json\/wp\/v2\/product\/149230","targetHints":{"allow":["GET"]}}],"collection":[{"href":"https:\/\/sitz.ch\/it\/wp-json\/wp\/v2\/product"}],"about":[{"href":"https:\/\/sitz.ch\/it\/wp-json\/wp\/v2\/types\/product"}],"replies":[{"embeddable":true,"href":"https:\/\/sitz.ch\/it\/wp-json\/wp\/v2\/comments?post=149230"}],"version-history":[{"count":0,"href":"https:\/\/sitz.ch\/it\/wp-json\/wp\/v2\/product\/149230\/revisions"}],"wp:featuredmedia":[{"embeddable":true,"href":"https:\/\/sitz.ch\/it\/wp-json\/wp\/v2\/media\/139035"}],"wp:attachment":[{"href":"https:\/\/sitz.ch\/it\/wp-json\/wp\/v2\/media?parent=149230"}],"wp:term":[{"taxonomy":"pwb-brand","embeddable":true,"href":"https:\/\/sitz.ch\/it\/wp-json\/wp\/v2\/pwb-brand?post=149230"},{"taxonomy":"product_brand","embeddable":true,"href":"https:\/\/sitz.ch\/it\/wp-json\/wp\/v2\/product_brand?post=149230"},{"taxonomy":"product_cat","embeddable":true,"href":"https:\/\/sitz.ch\/it\/wp-json\/wp\/v2\/product_cat?post=149230"},{"taxonomy":"product_tag","embeddable":true,"href":"https:\/\/sitz.ch\/it\/wp-json\/wp\/v2\/product_tag?post=149230"}],"curies":[{"name":"wp","href":"https:\/\/api.w.org\/{rel}","templated":true}]}}