{"id":149347,"date":"2024-06-13T10:51:42","date_gmt":"2024-06-13T08:51:42","guid":{"rendered":"https:\/\/sitz.ch\/produkt\/stolcomfort-svenstol-office-x5-edition-1\/"},"modified":"2026-05-06T00:54:03","modified_gmt":"2026-05-05T22:54:03","slug":"stolcomfort-svenstol-office-x5-edition-1","status":"publish","type":"product","link":"https:\/\/sitz.ch\/it\/prodotto\/stolcomfort-svenstol-office-x5-edition-1\/","title":{"rendered":"Stolcomfort Svenstol Office X5 Edition 1"},"content":{"rendered":"","protected":false},"excerpt":{"rendered":"<h1>La sedia 24 ore su 24 per smart working o ufficio<\/h1>\n<p>Non lavori in una centrale operativa o in un ambiente con attivit\u00e0 24 ore su 24, ma desideri comunque il massimo del comfort di seduta e della qualit\u00e0?<br \/>\nAbbiamo la soluzione per te: lo Svenstol X5. Ora disponibile anche come modello Edizione a magazzino.<\/p>\n<p>Lo Svenstol X5 offre un design accogliente, il massimo comfort di seduta, super qualit\u00e0, ampie possibilit\u00e0 di equipaggiamento e disponibilit\u00e0 rapida, insieme alla garanzia imbattibile di Stolcomfort. Garanzia completa di 10 anni! Questo include lavoro, trasporto e materiali. Una garanzia cos\u00ec eccellente \u00e8 unica!<\/p>\n<p>&nbsp;<\/p>\n<h3><strong>Equipaggiamento Modello Edizione, Variante 1<\/strong><\/h3>\n<ul>\n<li>Rivestimento speciale in combinazione tessuto\/pelle &#8211; tessuto era (poliestere) antracite + pelle (vera pelle) marrone con cuciture a contrasto bianche<\/li>\n<li>Poggiatesta in combinazione tessuto\/pelle<\/li>\n<li>Braccioli a T V40 &#8211; braccioli multifunzione<\/li>\n<li>Supporto lombare a 2 camere &#8211; pneumatico<\/li>\n<li>Regolazione profondit\u00e0 del sedile<\/li>\n<li>Meccanismo activePlus<\/li>\n<li>Elevatore a gas con ammortizzatore (altezza seduta 44-56 cm)<\/li>\n<li>Base a 6 bracci in alluminio<\/li>\n<li>Ruote morbide o dure (a scelta)<\/li>\n<\/ul>\n","protected":false},"featured_media":143493,"comment_status":"open","ping_status":"closed","template":"","meta":{"_acf_changed":false},"pwb-brand":[],"product_brand":[],"product_cat":[972,192,292,191,298,206],"product_tag":[],"class_list":{"0":"post-149347","1":"product","2":"type-product","3":"status-publish","4":"has-post-thumbnail","6":"product_cat-idoneo-per-la-domanda-ai","7":"product_cat-sedia-da-ufficio-classica","8":"product_cat-sedie-24-ore","9":"product_cat-sedie-da-ufficio","10":"product_cat-sedie-per-persone-obese","11":"product_cat-soluzioni-di-seduta-speciali","12":"pa_bezug-fianchi-in-vera-pelle-marrone-centro-in-tessuto-antracite-era-cse13","13":"pa_bezug-parti-laterali-in-vera-pelle-nera-parte-centrale-in-tessuto-antracite-era-cse13","14":"tm-has-options","16":"first","17":"onbackorder","18":"sale","19":"featured","20":"taxable","21":"shipping-taxable","22":"purchasable","23":"product-type-variable","24":"has-default-attributes"},"acf":[],"brands":[],"_links":{"self":[{"href":"https:\/\/sitz.ch\/it\/wp-json\/wp\/v2\/product\/149347","targetHints":{"allow":["GET"]}}],"collection":[{"href":"https:\/\/sitz.ch\/it\/wp-json\/wp\/v2\/product"}],"about":[{"href":"https:\/\/sitz.ch\/it\/wp-json\/wp\/v2\/types\/product"}],"replies":[{"embeddable":true,"href":"https:\/\/sitz.ch\/it\/wp-json\/wp\/v2\/comments?post=149347"}],"version-history":[{"count":1,"href":"https:\/\/sitz.ch\/it\/wp-json\/wp\/v2\/product\/149347\/revisions"}],"predecessor-version":[{"id":198034,"href":"https:\/\/sitz.ch\/it\/wp-json\/wp\/v2\/product\/149347\/revisions\/198034"}],"wp:featuredmedia":[{"embeddable":true,"href":"https:\/\/sitz.ch\/it\/wp-json\/wp\/v2\/media\/143493"}],"wp:attachment":[{"href":"https:\/\/sitz.ch\/it\/wp-json\/wp\/v2\/media?parent=149347"}],"wp:term":[{"taxonomy":"pwb-brand","embeddable":true,"href":"https:\/\/sitz.ch\/it\/wp-json\/wp\/v2\/pwb-brand?post=149347"},{"taxonomy":"product_brand","embeddable":true,"href":"https:\/\/sitz.ch\/it\/wp-json\/wp\/v2\/product_brand?post=149347"},{"taxonomy":"product_cat","embeddable":true,"href":"https:\/\/sitz.ch\/it\/wp-json\/wp\/v2\/product_cat?post=149347"},{"taxonomy":"product_tag","embeddable":true,"href":"https:\/\/sitz.ch\/it\/wp-json\/wp\/v2\/product_tag?post=149347"}],"curies":[{"name":"wp","href":"https:\/\/api.w.org\/{rel}","templated":true}]}}