{"id":149378,"date":"2020-05-27T10:57:46","date_gmt":"2020-05-27T08:57:46","guid":{"rendered":"https:\/\/sitz.ch\/produkt\/thergofit-orthofit-sedia-in-legno\/"},"modified":"2020-05-27T10:57:46","modified_gmt":"2020-05-27T08:57:46","slug":"thergofit-orthofit-sedia-in-legno","status":"publish","type":"product","link":"https:\/\/sitz.ch\/it\/prodotto\/thergofit-orthofit-sedia-in-legno\/","title":{"rendered":"Thergofit Orthofit Sedia in Legno"},"content":{"rendered":"<p>La sedia in legno ORTHOfit di Thergofit \u00e8 piccola, leggera e maneggevole. Quasi nessun&#8217;altra sedia sostiene la tua schiena cos\u00ec bene e ti permette di sedere eretto. Rapida disponibilit\u00e0.<br \/>\n\u00c8 stata progettata e costruita secondo principi fisiologici. Tutte le sue principali caratteristiche sono state ideate per rendere il sedile prolungato il pi\u00f9 confortevole possibile. Lo schienale e la seduta della sedia da lavoro ORTHOfit sono appositamente sagomati. Le diverse opzioni di regolazione della seduta e dello schienale sono particolarmente varie.<br \/>\nQuesta sedia \u00e8 molto piccola e maneggevole e offre un eccellente supporto a chi \u00e8 seduto, impedendo al bacino di inclinarsi all&#8217;indietro e prevenendo la postura curva.<br \/>\nOttima per officine, industria orologiera, ospedali e laboratori, scuole e dove \u00e8 richiesta un&#8217;alta precisione e concentrazione.<\/p>\n<p>Dotazione di serie della sedia in legno Orthofit:<\/p>\n<ul>\n<li>Schienale regolabile in altezza e inclinazione, continuo<\/li>\n<li>Regolazione continua dell&#8217;inclinazione della seduta<\/li>\n<li>Regolazione continua in altezza della seduta da 42 cm a 53 cm<\/li>\n<li>Base a croce in plastica nera 65 cm<\/li>\n<li>Ruote nere, morbide 5 cm<\/li>\n<li>Garanzia 2 anni<\/li>\n<\/ul>\n<p>Legno di faggio naturale laccato<\/p>\n<p>Opzionalmente disponibili:<\/p>\n<ul>\n<li>\u00a0 Braccioli regolabili in altezza<\/li>\n<li>\u00a0 Base a croce in alluminio nero<\/li>\n<li>\u00a0 Base a croce in alluminio lucido<\/li>\n<li>\u00a0 Pistone alto con anello poggiapiedi &#8211; per postazioni di lavoro alte da 85 a 110 cm<\/li>\n<\/ul>\n<p>&nbsp;<\/p>\n","protected":false},"excerpt":{"rendered":"<p>La sedia in legno ORTHOfit di Thergofit \u00e8 piccola, leggera e maneggevole. Quasi nessun&#8217;altra sedia sostiene la tua schiena cos\u00ec bene e ti permette di sedere eretto. Rapida disponibilit\u00e0. \u00c8 stata progettata e costruita secondo principi fisiologici. Tutte le sue principali caratteristiche sono state ideate per rendere il sedile prolungato il pi\u00f9 confortevole possibile. Lo [&hellip;]<\/p>\n","protected":false},"featured_media":140031,"comment_status":"open","ping_status":"closed","template":"","meta":{"_acf_changed":false},"pwb-brand":[99],"product_brand":[],"product_cat":[192,191,297],"product_tag":[],"class_list":{"0":"post-149378","1":"product","2":"type-product","3":"status-publish","4":"has-post-thumbnail","6":"pwb-brand-thergofit","7":"product_cat-sedia-da-ufficio-classica","8":"product_cat-sedie-da-ufficio","9":"product_cat-sedie-per-camere-sterili-uso-medico","10":"product_shipping_class-spedizione-gratuita","11":"tm-has-options","13":"first","14":"onbackorder","15":"featured","16":"taxable","17":"shipping-taxable","18":"purchasable","19":"product-type-variable","20":"has-default-attributes"},"acf":[],"brands":[{"id":99,"name":"Thergofit","slug":"thergofit"}],"_links":{"self":[{"href":"https:\/\/sitz.ch\/it\/wp-json\/wp\/v2\/product\/149378","targetHints":{"allow":["GET"]}}],"collection":[{"href":"https:\/\/sitz.ch\/it\/wp-json\/wp\/v2\/product"}],"about":[{"href":"https:\/\/sitz.ch\/it\/wp-json\/wp\/v2\/types\/product"}],"replies":[{"embeddable":true,"href":"https:\/\/sitz.ch\/it\/wp-json\/wp\/v2\/comments?post=149378"}],"version-history":[{"count":0,"href":"https:\/\/sitz.ch\/it\/wp-json\/wp\/v2\/product\/149378\/revisions"}],"wp:featuredmedia":[{"embeddable":true,"href":"https:\/\/sitz.ch\/it\/wp-json\/wp\/v2\/media\/140031"}],"wp:attachment":[{"href":"https:\/\/sitz.ch\/it\/wp-json\/wp\/v2\/media?parent=149378"}],"wp:term":[{"taxonomy":"pwb-brand","embeddable":true,"href":"https:\/\/sitz.ch\/it\/wp-json\/wp\/v2\/pwb-brand?post=149378"},{"taxonomy":"product_brand","embeddable":true,"href":"https:\/\/sitz.ch\/it\/wp-json\/wp\/v2\/product_brand?post=149378"},{"taxonomy":"product_cat","embeddable":true,"href":"https:\/\/sitz.ch\/it\/wp-json\/wp\/v2\/product_cat?post=149378"},{"taxonomy":"product_tag","embeddable":true,"href":"https:\/\/sitz.ch\/it\/wp-json\/wp\/v2\/product_tag?post=149378"}],"curies":[{"name":"wp","href":"https:\/\/api.w.org\/{rel}","templated":true}]}}