{"id":149380,"date":"2020-05-27T10:25:34","date_gmt":"2020-05-27T08:25:34","guid":{"rendered":"https:\/\/sitz.ch\/produkt\/thergofit-orthofit-schienale-stretto\/"},"modified":"2020-05-27T10:25:34","modified_gmt":"2020-05-27T08:25:34","slug":"thergofit-orthofit-schienale-stretto","status":"publish","type":"product","link":"https:\/\/sitz.ch\/it\/prodotto\/thergofit-orthofit-schienale-stretto\/","title":{"rendered":"Thergofit Orthofit Schienale Stretto"},"content":{"rendered":"<p>Il tuo ORTHOfit Schienale Stretto di Thergofit \u00e8 piccolo, leggero e maneggevole. Difficilmente un&#8217;altra sedia ti sostiene cos\u00ec bene nella zona lombare e ti permette di sedere in posizione eretta.<br \/>\nIl Schienale Stretto \u00e8 particolarmente adatto per persone con scapole pronunciate ma anche per lavori che richiedono ampia libert\u00e0 di movimento delle braccia.<br \/>\nOrthofit \u00e8 progettato e costruito secondo principi fisiologici. Tutte le sue caratteristiche principali sono state pensate per rendere il sedere prolungato il pi\u00f9 confortevole possibile. Lo schienale e la seduta della sedia da lavoro ORTHOfit sono appositamente sagomati. Le varie possibilit\u00e0 di regolazione della seduta e dello schienale sono particolarmente versatili.<br \/>\nQuesta sedia \u00e8 molto piccola e maneggevole e offre a chi la usa un ottimo supporto, il bacino non pu\u00f2 pi\u00f9 inclinarsi all&#8217;indietro e si evita la postura arrotondata.<br \/>\nMolto adatta per cucire, per l&#8217;industria orologiera, gli ospedali e i laboratori e in quei posti dove \u00e8 richiesta precisione e concentrazione.<\/p>\n<p>Dotazione di serie ORTHOfit Schienale Stretto:<\/p>\n<ul>\n<li>Schienale regolabile in altezza e inclinazione senza scatti<\/li>\n<li>Regolazione dell&#8217;inclinazione della seduta senza scatti<\/li>\n<li>Regolazione in altezza della seduta senza scatti 42 cm &#8211; 53 cm<\/li>\n<li>Base a croce in plastica nera 65 cm<\/li>\n<li>Ruote universali adatte a qualsiasi superficie<\/li>\n<li>Garanzia di 2 anni<\/li>\n<\/ul>\n<p>Rivestimenti imbottiti:<br \/>\nTessuto, Ecopelle, Pelle<\/p>\n<p>Opzionale disponibile:<\/p>\n<ul>\n<li>\u00a0 Braccioli regolabili in altezza<\/li>\n<\/ul>\n<p>Desideri altri rivestimenti, colori o configurazioni come,<br \/>\nEcopelle per ospedali, laboratori o settore sanitario<br \/>\nMicrofibra per una presa particolarmente buona<br \/>\nPelle per un look elegante e un comfort di seduta piacevole<br \/>\nVersione ESD in tessuto o ecopelle nera<br \/>\nnon esitare a contattarci.<br \/>\nQueste configurazioni sono prodotte su ordinazione con un tempo di consegna di circa 4 settimane.<\/p>\n","protected":false},"excerpt":{"rendered":"<p>Il tuo ORTHOfit Schienale Stretto di Thergofit \u00e8 piccolo, leggero e maneggevole. Difficilmente un&#8217;altra sedia ti sostiene cos\u00ec bene nella zona lombare e ti permette di sedere in posizione eretta. Il Schienale Stretto \u00e8 particolarmente adatto per persone con scapole pronunciate ma anche per lavori che richiedono ampia libert\u00e0 di movimento delle braccia. Orthofit \u00e8 [&hellip;]<\/p>\n","protected":false},"featured_media":140073,"comment_status":"open","ping_status":"closed","template":"","meta":{"_acf_changed":false},"pwb-brand":[99],"product_brand":[],"product_cat":[192,191,293,206],"product_tag":[],"class_list":{"0":"post-149380","1":"product","2":"type-product","3":"status-publish","4":"has-post-thumbnail","6":"pwb-brand-thergofit","7":"product_cat-sedia-da-ufficio-classica","8":"product_cat-sedie-da-ufficio","9":"product_cat-sedie-esd","10":"product_cat-soluzioni-di-seduta-speciali","11":"product_shipping_class-spedizione-gratuita","12":"tm-has-options","14":"first","15":"outofstock","16":"sale","17":"featured","18":"taxable","19":"shipping-taxable","20":"purchasable","21":"product-type-variable","22":"has-default-attributes"},"acf":[],"brands":[{"id":99,"name":"Thergofit","slug":"thergofit"}],"_links":{"self":[{"href":"https:\/\/sitz.ch\/it\/wp-json\/wp\/v2\/product\/149380","targetHints":{"allow":["GET"]}}],"collection":[{"href":"https:\/\/sitz.ch\/it\/wp-json\/wp\/v2\/product"}],"about":[{"href":"https:\/\/sitz.ch\/it\/wp-json\/wp\/v2\/types\/product"}],"replies":[{"embeddable":true,"href":"https:\/\/sitz.ch\/it\/wp-json\/wp\/v2\/comments?post=149380"}],"version-history":[{"count":0,"href":"https:\/\/sitz.ch\/it\/wp-json\/wp\/v2\/product\/149380\/revisions"}],"wp:featuredmedia":[{"embeddable":true,"href":"https:\/\/sitz.ch\/it\/wp-json\/wp\/v2\/media\/140073"}],"wp:attachment":[{"href":"https:\/\/sitz.ch\/it\/wp-json\/wp\/v2\/media?parent=149380"}],"wp:term":[{"taxonomy":"pwb-brand","embeddable":true,"href":"https:\/\/sitz.ch\/it\/wp-json\/wp\/v2\/pwb-brand?post=149380"},{"taxonomy":"product_brand","embeddable":true,"href":"https:\/\/sitz.ch\/it\/wp-json\/wp\/v2\/product_brand?post=149380"},{"taxonomy":"product_cat","embeddable":true,"href":"https:\/\/sitz.ch\/it\/wp-json\/wp\/v2\/product_cat?post=149380"},{"taxonomy":"product_tag","embeddable":true,"href":"https:\/\/sitz.ch\/it\/wp-json\/wp\/v2\/product_tag?post=149380"}],"curies":[{"name":"wp","href":"https:\/\/api.w.org\/{rel}","templated":true}]}}