{"id":149413,"date":"2016-11-11T23:29:14","date_gmt":"2016-11-11T22:29:14","guid":{"rendered":"https:\/\/sitz.ch\/produkt\/thergofit-orthofit-standard\/"},"modified":"2025-02-27T19:22:14","modified_gmt":"2025-02-27T18:22:14","slug":"thergofit-orthofit-standard","status":"publish","type":"product","link":"https:\/\/sitz.ch\/it\/prodotto\/thergofit-orthofit-standard\/","title":{"rendered":"Thergofit Orthofit Standard"},"content":{"rendered":"<p>Il vostro ORTHOfit di Thergofit \u00e8 piccolo, leggero e maneggevole. Difficilmente un&#8217;altra sedia vi sostiene cos\u00ec bene nella parte lombare, permettendovi di sedere in modo eretto. Disponibile rapidamente.<br \/>\n\u00c8 sviluppato e costruito seguendo principi fisiologici. Tutti i suoi principali dettagli sono stati progettati per rendere la seduta prolungata il pi\u00f9 confortevole possibile. Lo schienale e la seduta della sedia da lavoro ORTHOfit sono appositamente sagomati. Le varie opzioni di regolazione della seduta e dello schienale sono particolarmente versatili.<br \/>\nQuesta sedia \u00e8 molto piccola e maneggevole, offrendo al seduto un ottimo supporto, impedendo al bacino di inclinarsi all&#8217;indietro e quindi evitando la postura a gobba.<br \/>\nMolto adatta per cucito, industria orologiera, ospedali, terapeuti e postazioni di lavoro in laboratorio, ovunque sia necessaria grande precisione e concentrazione.<\/p>\n<p>Dotazioni di serie Orthofit:<\/p>\n<ul>\n<li>Schienale regolabile in altezza e inclinazione continuamente<\/li>\n<li>Regolazione dell&#8217;inclinazione della seduta continuamente<\/li>\n<li>Regolazione dell&#8217;altezza della seduta 42 cm &#8211; 53 cm continuamente<\/li>\n<li>Base a stella in plastica nera 65 cm<\/li>\n<li>Ruote universali adatte a ogni tipo di superficie<\/li>\n<li>Garanzia di 2 anni<\/li>\n<\/ul>\n<p>Rivestimenti imbottitura:<br \/>\nTessuto poliestere. Ecopelle, vera pelle<\/p>\n<p>Disponibile opzionalmente:<\/p>\n<ul>\n<li>\u00a0 Braccioli regolabili in altezza<\/li>\n<\/ul>\n<p>Se desiderate altri rivestimenti, colori o finiture, contattateci:<\/p>\n<p>&#8211; Ecopelle per ospedali, laboratori o nel settore sanitario in generale<br \/>\n&#8211; Microfibra per un supporto particolarmente buono (ad es. indossando abiti eleganti)<br \/>\n&#8211; Vera pelle per un look raffinato, comfort di seduta eccezionale e straordinaria durata<br \/>\n&#8211; Versioni ESD in tessuto o ecopelle nera per esigenze specifiche di laboratorio<\/p>\n<p>Queste varianti sono prodotte su ordinazione con un tempo di consegna di circa 4 settimane.<\/p>\n","protected":false},"excerpt":{"rendered":"<p>Il vostro ORTHOfit di Thergofit \u00e8 piccolo, leggero e maneggevole. Difficilmente un&#8217;altra sedia vi sostiene cos\u00ec bene nella parte lombare, permettendovi di sedere in modo eretto. Disponibile rapidamente. \u00c8 sviluppato e costruito seguendo principi fisiologici. Tutti i suoi principali dettagli sono stati progettati per rendere la seduta prolungata il pi\u00f9 confortevole possibile. Lo schienale e [&hellip;]<\/p>\n","protected":false},"featured_media":140085,"comment_status":"open","ping_status":"closed","template":"","meta":{"_acf_changed":false},"pwb-brand":[99],"product_brand":[],"product_cat":[192,191,293,206],"product_tag":[],"class_list":{"0":"post-149413","1":"product","2":"type-product","3":"status-publish","4":"has-post-thumbnail","6":"pwb-brand-thergofit","7":"product_cat-sedia-da-ufficio-classica","8":"product_cat-sedie-da-ufficio","9":"product_cat-sedie-esd","10":"product_cat-soluzioni-di-seduta-speciali","11":"product_shipping_class-spedizione-gratuita","12":"tm-has-options","14":"first","15":"instock","16":"sale","17":"featured","18":"taxable","19":"shipping-taxable","20":"purchasable","21":"product-type-variable","22":"has-default-attributes"},"acf":[],"brands":[{"id":99,"name":"Thergofit","slug":"thergofit"}],"_links":{"self":[{"href":"https:\/\/sitz.ch\/it\/wp-json\/wp\/v2\/product\/149413","targetHints":{"allow":["GET"]}}],"collection":[{"href":"https:\/\/sitz.ch\/it\/wp-json\/wp\/v2\/product"}],"about":[{"href":"https:\/\/sitz.ch\/it\/wp-json\/wp\/v2\/types\/product"}],"replies":[{"embeddable":true,"href":"https:\/\/sitz.ch\/it\/wp-json\/wp\/v2\/comments?post=149413"}],"version-history":[{"count":0,"href":"https:\/\/sitz.ch\/it\/wp-json\/wp\/v2\/product\/149413\/revisions"}],"wp:featuredmedia":[{"embeddable":true,"href":"https:\/\/sitz.ch\/it\/wp-json\/wp\/v2\/media\/140085"}],"wp:attachment":[{"href":"https:\/\/sitz.ch\/it\/wp-json\/wp\/v2\/media?parent=149413"}],"wp:term":[{"taxonomy":"pwb-brand","embeddable":true,"href":"https:\/\/sitz.ch\/it\/wp-json\/wp\/v2\/pwb-brand?post=149413"},{"taxonomy":"product_brand","embeddable":true,"href":"https:\/\/sitz.ch\/it\/wp-json\/wp\/v2\/product_brand?post=149413"},{"taxonomy":"product_cat","embeddable":true,"href":"https:\/\/sitz.ch\/it\/wp-json\/wp\/v2\/product_cat?post=149413"},{"taxonomy":"product_tag","embeddable":true,"href":"https:\/\/sitz.ch\/it\/wp-json\/wp\/v2\/product_tag?post=149413"}],"curies":[{"name":"wp","href":"https:\/\/api.w.org\/{rel}","templated":true}]}}