{"id":149508,"date":"2016-11-11T23:28:01","date_gmt":"2016-11-11T22:28:01","guid":{"rendered":"https:\/\/sitz.ch\/produkt\/varier-gravity-balans\/"},"modified":"2016-11-11T23:28:01","modified_gmt":"2016-11-11T22:28:01","slug":"varier-gravity-balans","status":"publish","type":"product","link":"https:\/\/sitz.ch\/it\/prodotto\/varier-gravity-balans\/","title":{"rendered":"Varier Gravity Balans"},"content":{"rendered":"<p>Una poltrona relax che ti fa dimenticare la forza di gravit\u00e0. Qui le tue gambe sono elevate a un livello tale da permetterti di sentire immediatamente il relax (posizione cuore-bilancia).<\/p>\n<p>\u00c8 l&#8217;unica poltrona relax che consente l&#8217;attivit\u00e0, rendendola adatta sia per l&#8217;ufficio che per la casa. Come tutte le sedie a dondolo di Vari\u00e8r (Stokke), la posizione del Gravity dipende dal movimento del corpo. Le sue quattro posizioni possibili si raggiungono con un leggero spostamento del peso corporeo. Nella posizione di riposo, sembra che la gravit\u00e0 sia sospesa &#8211; si fluttua liberamente nello spazio. Le gambe sono posizionate pi\u00f9 in alto della testa, permettendo ai pensieri di vagare liberi, creando uno spazio di creativit\u00e0. Il Gravity \u00e8 leggero e facilmente manovrabile. Non richiede pi\u00f9 spazio di una poltrona tradizionale con poggiapiedi. Il Gravity \u00e8 dotato di sottili cuscini per i braccioli. \u00c8 disponibile con strutture in legno di vari colori e rivestimenti in tessuto e pelle.<\/p>\n<p><strong>Per altri tessuti, colori e caratteristiche, ti preghiamo di contattarci. Saremo lieti di consigliarti in merito.<\/strong><\/p>\n<p>&nbsp;<\/p>\n<table border=\"0\" width=\"400\" cellspacing=\"1\" cellpadding=\"1\">\n<tbody>\n<tr>\n<td>\n<div>\n<p>Dimensioni:<\/p>\n<p>Altezza 122 cm<\/p>\n<p>Larghezza 73 cm<\/p>\n<p>Profondit\u00e0 135 cm<\/p>\n<p>Altezza seduta 44 cm<\/p>\n<\/div>\n<\/td>\n<td valign=\"top\">&nbsp;<\/p>\n<p>&nbsp;<\/td>\n<\/tr>\n<\/tbody>\n<\/table>\n<p>Design: Peter Opsvik<\/p>\n","protected":false},"excerpt":{"rendered":"<p>Una poltrona relax che ti fa dimenticare la forza di gravit\u00e0. Qui le tue gambe sono elevate a un livello tale da permetterti di sentire immediatamente il relax (posizione cuore-bilancia). \u00c8 l&#8217;unica poltrona relax che consente l&#8217;attivit\u00e0, rendendola adatta sia per l&#8217;ufficio che per la casa. Come tutte le sedie a dondolo di Vari\u00e8r (Stokke), [&hellip;]<\/p>\n","protected":false},"featured_media":141381,"comment_status":"open","ping_status":"closed","template":"","meta":{"_acf_changed":false},"pwb-brand":[82],"product_brand":[],"product_cat":[308,311,295],"product_tag":[],"class_list":{"0":"post-149508","1":"product","2":"type-product","3":"status-publish","4":"has-post-thumbnail","6":"pwb-brand-varier","7":"product_cat-poltrone-relax","8":"product_cat-poltrone-relax-manuali","9":"product_cat-sedia-inginocchiata","10":"pa_bezug-fibra-sintetica-beige-tonal-61180","11":"pa_bezug-fibra-sintetica-blu-tonal-66286","12":"pa_bezug-fibra-sintetica-fucsia-tonal-63153","13":"pa_bezug-fibra-sintetica-gialla-tonal-62156","14":"pa_bezug-fibra-sintetica-grigia-tonal-60123","15":"pa_bezug-fibra-sintetica-marrone-tonal-64211","16":"pa_bezug-fibra-sintetica-nera-tonal-60999","17":"pa_bezug-fibra-sintetica-rossa-tonal-64208","18":"pa_bezug-fibra-sintetica-verde-tonal-68206","19":"pa_bezug-fibra-sintetica-verde-chiaro-tonal-67089","20":"pa_bezug-lana-antracite-fiord-171","21":"pa_bezug-lana-arancione-divina-3-526","22":"pa_bezug-lana-arancione-melange-nap-321","23":"pa_bezug-lana-beige-hallingdal-65-220","24":"pa_bezug-lana-beige-vidar-4-0323","25":"pa_bezug-lana-blu-divina-melange-757","26":"pa_bezug-lana-blu-divina-3-756","27":"pa_bezug-lana-blu-hallingdal-65-750","28":"pa_bezug-lana-blu-vidar-4-0743","29":"pa_bezug-lana-bordeaux-divina-melange-677","30":"pa_bezug-lana-bordeaux-fiord-591","31":"pa_bezug-lana-fucsia-vidar-4-0622","32":"pa_bezug-lana-giallo-vidar-4-0443","33":"pa_bezug-lana-grigio-divina-melange-120","34":"pa_bezug-lana-grigio-fiord-121","35":"pa_bezug-lana-grigio-vidar-4-0913","36":"pa_bezug-lana-marrone-re-wool-568","37":"pa_bezug-lana-nero-divina-melange-180","38":"pa_bezug-lana-nero-hallingdal-65-180","39":"pa_bezug-lana-nero-re-wool-198","40":"pa_bezug-lana-rosa-antico-re-wool-648","41":"pa_bezug-lana-rosso-hallingdal-65-680","42":"pa_bezug-lana-rosso-vidar-4-0693","43":"pa_bezug-lana-verde-divina-melange-821","44":"pa_bezug-lana-verde-divina-3-922","45":"pa_bezug-lana-verde-re-wool-868","46":"pa_bezug-lana-verde-vidar-4-0932","47":"pa_bezug-vera-pelle-antracite-dunes-21003","48":"pa_bezug-vera-pelle-blu-noir-31326","49":"pa_bezug-vera-pelle-cammello-dunes-21004","50":"pa_bezug-vera-pelle-cognac-dunes-21000","51":"pa_bezug-vera-pelle-cognac-noir-31322","52":"pa_bezug-vera-pelle-grigia-dunes-21007","53":"pa_bezug-vera-pelle-marrone-scuro-dunes-21001","54":"pa_bezug-vera-pelle-naturale-noir-31323","55":"pa_bezug-vera-pelle-nera-noir-31330","56":"pa_bezug-vera-pelle-rossa-noir-31324","57":"pa_bezug-vera-pelle-ruggine-dunes-21002","58":"pa_bezug-vera-pelle-tabacco-noir-31328","59":"pa_bezug-vera-pelle-verde-dunes-21005","60":"pa_bezug-vera-pelle-verde-noir-31327","61":"tm-has-options","63":"first","64":"outofstock","65":"featured","66":"taxable","67":"shipping-taxable","68":"purchasable","69":"product-type-variable"},"acf":[],"brands":[{"id":82,"name":"Varier","slug":"varier"}],"_links":{"self":[{"href":"https:\/\/sitz.ch\/it\/wp-json\/wp\/v2\/product\/149508","targetHints":{"allow":["GET"]}}],"collection":[{"href":"https:\/\/sitz.ch\/it\/wp-json\/wp\/v2\/product"}],"about":[{"href":"https:\/\/sitz.ch\/it\/wp-json\/wp\/v2\/types\/product"}],"replies":[{"embeddable":true,"href":"https:\/\/sitz.ch\/it\/wp-json\/wp\/v2\/comments?post=149508"}],"version-history":[{"count":0,"href":"https:\/\/sitz.ch\/it\/wp-json\/wp\/v2\/product\/149508\/revisions"}],"wp:featuredmedia":[{"embeddable":true,"href":"https:\/\/sitz.ch\/it\/wp-json\/wp\/v2\/media\/141381"}],"wp:attachment":[{"href":"https:\/\/sitz.ch\/it\/wp-json\/wp\/v2\/media?parent=149508"}],"wp:term":[{"taxonomy":"pwb-brand","embeddable":true,"href":"https:\/\/sitz.ch\/it\/wp-json\/wp\/v2\/pwb-brand?post=149508"},{"taxonomy":"product_brand","embeddable":true,"href":"https:\/\/sitz.ch\/it\/wp-json\/wp\/v2\/product_brand?post=149508"},{"taxonomy":"product_cat","embeddable":true,"href":"https:\/\/sitz.ch\/it\/wp-json\/wp\/v2\/product_cat?post=149508"},{"taxonomy":"product_tag","embeddable":true,"href":"https:\/\/sitz.ch\/it\/wp-json\/wp\/v2\/product_tag?post=149508"}],"curies":[{"name":"wp","href":"https:\/\/api.w.org\/{rel}","templated":true}]}}