{"id":149633,"date":"2021-02-24T11:39:37","date_gmt":"2021-02-24T10:39:37","guid":{"rendered":"https:\/\/sitz.ch\/produkt\/varier-move-modello-promozionale\/"},"modified":"2026-02-04T17:07:55","modified_gmt":"2026-02-04T16:07:55","slug":"varier-move-modello-promozionale","status":"publish","type":"product","link":"https:\/\/sitz.ch\/it\/prodotto\/varier-move-modello-promozionale\/","title":{"rendered":"Varier Move Modello Promozionale"},"content":{"rendered":"\t\t<div data-elementor-type=\"product-post\" data-elementor-id=\"149633\" class=\"elementor elementor-149633 elementor-124557\" data-elementor-post-type=\"product\">\n\t\t\t\t<section class=\"elementor-element elementor-element-9e75f02 ergo-f-list e-flex e-con-boxed e-con e-parent\" data-id=\"9e75f02\" data-element_type=\"container\" data-e-type=\"container\">\n\t\t\t\t\t<div class=\"e-con-inner\">\n\t\t<div class=\"elementor-element elementor-element-091c977 e-con-full e-flex e-con e-child\" data-id=\"091c977\" data-element_type=\"container\" data-e-type=\"container\">\n\t\t\t\t<div class=\"elementor-element elementor-element-c93162b elementor-widget elementor-widget-heading\" data-id=\"c93162b\" data-element_type=\"widget\" data-e-type=\"widget\" data-widget_type=\"heading.default\">\n\t\t\t\t<div class=\"elementor-widget-container\">\n\t\t\t\t\t<h3 class=\"elementor-heading-title elementor-size-default\">Incredibilmente versatile<\/h3>\t\t\t\t<\/div>\n\t\t\t\t<\/div>\n\t\t\t\t<div class=\"elementor-element elementor-element-744a7f6 elementor-widget elementor-widget-text-editor\" data-id=\"744a7f6\" data-element_type=\"widget\" data-e-type=\"widget\" data-widget_type=\"text-editor.default\">\n\t\t\t\t<div class=\"elementor-widget-container\">\n\t\t\t\t\t\t\t\t\t<p>Il Varier Move \u00e8 il compagno perfetto che si integra senza sforzo in diversi ambienti &#8211; sia come sgabello da bar, appoggio per stare in piedi, o sedia da ufficio. Come sedia universale nella collezione Varier, Move\u2122 consente transizioni fluide tra posizioni sedute e quasi in piedi, rendendolo ideale per una vasta gamma di applicazioni.<\/p>\n<p>Move\u2122 \u00e8 eccellente come sedia da lavoro primaria, favorendo posture sedentarie dinamiche, o come perfetto complemento alla tradizionale sedia da ufficio. Specialmente con le scrivanie regolabili in altezza, esprime tutto il suo potenziale, supportando un metodo di lavoro flessibile ed ergonomico. Grazie al disco in gomma integrato, il Move\u2122 \u00e8 adattabile su diversi tipi di pavimentazione, sia essa piastrelle, parquet o moquette.<\/p>\n\t\t\t\t\t\t\t\t<\/div>\n\t\t\t\t<\/div>\n\t\t\t\t<\/div>\n\t\t<div class=\"elementor-element elementor-element-077b757 e-con-full e-flex e-con e-child\" data-id=\"077b757\" data-element_type=\"container\" data-e-type=\"container\">\n\t\t\t\t<div class=\"elementor-element elementor-element-138d20c elementor-widget elementor-widget-image\" data-id=\"138d20c\" data-element_type=\"widget\" data-e-type=\"widget\" data-widget_type=\"image.default\">\n\t\t\t\t<div class=\"elementor-widget-container\">\n\t\t\t\t\t\t\t\t\t\t\t\t\t\t\t<img decoding=\"async\" width=\"511\" height=\"600\" src=\"https:\/\/sitz.ch\/wp-content\/uploads\/varier-move-steh-hocker-ergopoint-511x600.png\" class=\"attachment-medium size-medium wp-image-143103\" alt=\"\" srcset=\"https:\/\/sitz.ch\/wp-content\/uploads\/varier-move-steh-hocker-ergopoint-511x600.png.webp 511w, https:\/\/sitz.ch\/wp-content\/uploads\/varier-move-steh-hocker-ergopoint-871x1024.png.webp 871w, https:\/\/sitz.ch\/wp-content\/uploads\/varier-move-steh-hocker-ergopoint-768x902.png.webp 768w, https:\/\/sitz.ch\/wp-content\/uploads\/varier-move-steh-hocker-ergopoint-1307x1536.png.webp 1307w, https:\/\/sitz.ch\/wp-content\/uploads\/varier-move-steh-hocker-ergopoint-600x705.png.webp 600w, https:\/\/sitz.ch\/wp-content\/uploads\/varier-move-steh-hocker-ergopoint-64x75.png.webp 64w, https:\/\/sitz.ch\/wp-content\/uploads\/varier-move-steh-hocker-ergopoint.png.webp 1440w\" sizes=\"(max-width: 511px) 100vw, 511px\" title=\"\">\t\t\t\t\t\t\t\t\t\t\t\t\t\t\t<\/div>\n\t\t\t\t<\/div>\n\t\t\t\t<\/div>\n\t\t\t\t\t<\/div>\n\t\t\t\t<\/section>\n\t\t<section class=\"elementor-element elementor-element-b7f1b34 ergo-f-list e-flex e-con-boxed e-con e-parent\" data-id=\"b7f1b34\" data-element_type=\"container\" data-e-type=\"container\">\n\t\t\t\t\t<div class=\"e-con-inner\">\n\t\t<div class=\"elementor-element elementor-element-54bb64b e-con-full e-flex e-con e-child\" data-id=\"54bb64b\" data-element_type=\"container\" data-e-type=\"container\">\n\t\t\t\t<div class=\"elementor-element elementor-element-1cf66ff elementor-widget elementor-widget-heading\" data-id=\"1cf66ff\" data-element_type=\"widget\" data-e-type=\"widget\" data-widget_type=\"heading.default\">\n\t\t\t\t<div class=\"elementor-widget-container\">\n\t\t\t\t\t<h3 class=\"elementor-heading-title elementor-size-default\">Tessuto sostenibile in poliestere<\/h3>\t\t\t\t<\/div>\n\t\t\t\t<\/div>\n\t\t\t\t<div class=\"elementor-element elementor-element-cd321f0 elementor-widget elementor-widget-text-editor\" data-id=\"cd321f0\" data-element_type=\"widget\" data-e-type=\"widget\" data-widget_type=\"text-editor.default\">\n\t\t\t\t<div class=\"elementor-widget-container\">\n\t\t\t\t\t\t\t\t\t<p>Revive \u00e8 un tessuto innovativo e particolarmente resistente, progettato da Georgina Wright. \u00c8 composto al 100% da poliestere riciclato (PET) ed \u00e8 stato sviluppato con l&#8217;obiettivo di ridurre al minimo l&#8217;impatto ambientale sia nella produzione che nell&#8217;uso dei materiali. Il design di Revive trae ispirazione dalle texture, dai colori e dai materiali che si trovano nei porti e sui pescherecci.<\/p>\n<ul>\n<li>Resistenza all&#8217;abrasione: 60&#8217;000 Martindale<\/li>\n<li>Sostenibilit\u00e0: Greenguard Gold, HPD, EPD<\/li>\n<li>Pilling: 4-5<\/li>\n<li>Solidit\u00e0 alla luce: 5-7<\/li>\n<\/ul>\n<p>Il Varier Move \u00e8 disponibile anche con rivestimenti in <a href=\"https:\/\/sitz.ch\/it\/prodotto\/varier-move\/\">lana, finta pelle, pelle o fibra sintetica<\/a>.<\/p>\n\t\t\t\t\t\t\t\t<\/div>\n\t\t\t\t<\/div>\n\t\t\t\t<\/div>\n\t\t<div class=\"elementor-element elementor-element-42132b2 e-con-full e-flex e-con e-child\" data-id=\"42132b2\" data-element_type=\"container\" data-e-type=\"container\">\n\t\t\t\t<div class=\"elementor-element elementor-element-f751bef elementor-widget elementor-widget-image\" data-id=\"f751bef\" data-element_type=\"widget\" data-e-type=\"widget\" data-widget_type=\"image.default\">\n\t\t\t\t<div class=\"elementor-widget-container\">\n\t\t\t\t\t\t\t\t\t\t\t\t\t\t\t<img decoding=\"async\" width=\"600\" height=\"376\" src=\"https:\/\/sitz.ch\/wp-content\/uploads\/varier-move-bezug-revive-rot-ergopoint-600x376.jpg\" class=\"attachment-medium size-medium wp-image-143091\" alt=\"\" srcset=\"https:\/\/sitz.ch\/wp-content\/uploads\/varier-move-bezug-revive-rot-ergopoint-600x376.jpg.webp 600w, https:\/\/sitz.ch\/wp-content\/uploads\/varier-move-bezug-revive-rot-ergopoint-1024x641.jpg.webp 1024w, https:\/\/sitz.ch\/wp-content\/uploads\/varier-move-bezug-revive-rot-ergopoint-768x481.jpg.webp 768w, https:\/\/sitz.ch\/wp-content\/uploads\/varier-move-bezug-revive-rot-ergopoint-1536x961.jpg.webp 1536w, https:\/\/sitz.ch\/wp-content\/uploads\/varier-move-bezug-revive-rot-ergopoint-2048x1282.jpg.webp 2048w, https:\/\/sitz.ch\/wp-content\/uploads\/varier-move-bezug-revive-rot-ergopoint-64x40.jpg.webp 64w\" sizes=\"(max-width: 600px) 100vw, 600px\" title=\"\">\t\t\t\t\t\t\t\t\t\t\t\t\t\t\t<\/div>\n\t\t\t\t<\/div>\n\t\t\t\t<\/div>\n\t\t\t\t\t<\/div>\n\t\t\t\t<\/section>\n\t\t<section class=\"elementor-element elementor-element-0b97a5d ergo-f-list e-flex e-con-boxed e-con e-parent\" data-id=\"0b97a5d\" data-element_type=\"container\" data-e-type=\"container\">\n\t\t\t\t\t<div class=\"e-con-inner\">\n\t\t<div class=\"elementor-element elementor-element-941d3f2 e-con-full e-flex e-con e-child\" data-id=\"941d3f2\" data-element_type=\"container\" data-e-type=\"container\">\n\t\t\t\t<div class=\"elementor-element elementor-element-263df77 elementor-widget elementor-widget-heading\" data-id=\"263df77\" data-element_type=\"widget\" data-e-type=\"widget\" data-widget_type=\"heading.default\">\n\t\t\t\t<div class=\"elementor-widget-container\">\n\t\t\t\t\t<h3 class=\"elementor-heading-title elementor-size-default\">Libert\u00e0 di movimento a 360\u00b0 assoluta<\/h3>\t\t\t\t<\/div>\n\t\t\t\t<\/div>\n\t\t\t\t<div class=\"elementor-element elementor-element-10faa94 elementor-widget elementor-widget-text-editor\" data-id=\"10faa94\" data-element_type=\"widget\" data-e-type=\"widget\" data-widget_type=\"text-editor.default\">\n\t\t\t\t<div class=\"elementor-widget-container\">\n\t\t\t\t\t\t\t\t\t<p>Varier Move, come sedia da ufficio, definisce la flessibilit\u00e0 e il comfort a un livello completamente nuovo. Questa sedia innovativa \u00e8 stata progettata appositamente per offrire la massima libert\u00e0 di movimento e supportare in modo ottimale i movimenti naturali del corpo. Con il suo raggio di movimento a 360\u00b0, Move\u2122 consente rotazioni e movimenti senza sforzo in tutte le direzioni, permettendo un livello di flessibilit\u00e0 senza precedenti.<\/p>\n<p>Che si tratti di sedersi, ruotare o inclinarsi, Varier Move si adatta perfettamente a ogni postura del corpo, garantendo una posizione seduta dinamica ed ergonomica.<\/p>\n<p>Questo design non \u00e8 solo una rivoluzione nel settore degli arredi per sedute, ma \u00e8 stato anche premiato in Norvegia con il prestigioso DOGA Honorary Award.<\/p>\n\t\t\t\t\t\t\t\t<\/div>\n\t\t\t\t<\/div>\n\t\t\t\t<\/div>\n\t\t<div class=\"elementor-element elementor-element-10a1de4 e-con-full e-flex e-con e-child\" data-id=\"10a1de4\" data-element_type=\"container\" data-e-type=\"container\">\n\t\t\t\t<div class=\"elementor-element elementor-element-e4af27c elementor-widget elementor-widget-image\" data-id=\"e4af27c\" data-element_type=\"widget\" data-e-type=\"widget\" data-widget_type=\"image.default\">\n\t\t\t\t<div class=\"elementor-widget-container\">\n\t\t\t\t\t\t\t\t\t\t\t\t\t\t\t<img decoding=\"async\" width=\"424\" height=\"600\" src=\"https:\/\/sitz.ch\/wp-content\/uploads\/varier-move-360-grad-bewegungsfreiheit-drehstuhl-ergopoint-424x600.jpg\" class=\"attachment-medium size-medium wp-image-143097\" alt=\"\" srcset=\"https:\/\/sitz.ch\/wp-content\/uploads\/varier-move-360-grad-bewegungsfreiheit-drehstuhl-ergopoint-424x600.jpg.webp 424w, https:\/\/sitz.ch\/wp-content\/uploads\/varier-move-360-grad-bewegungsfreiheit-drehstuhl-ergopoint-724x1024.jpg.webp 724w, https:\/\/sitz.ch\/wp-content\/uploads\/varier-move-360-grad-bewegungsfreiheit-drehstuhl-ergopoint-768x1086.jpg.webp 768w, https:\/\/sitz.ch\/wp-content\/uploads\/varier-move-360-grad-bewegungsfreiheit-drehstuhl-ergopoint-1086x1536.jpg.webp 1086w, https:\/\/sitz.ch\/wp-content\/uploads\/varier-move-360-grad-bewegungsfreiheit-drehstuhl-ergopoint-1448x2048.jpg.webp 1448w, https:\/\/sitz.ch\/wp-content\/uploads\/varier-move-360-grad-bewegungsfreiheit-drehstuhl-ergopoint-600x848.jpg.webp 600w, https:\/\/sitz.ch\/wp-content\/uploads\/varier-move-360-grad-bewegungsfreiheit-drehstuhl-ergopoint-64x90.jpg.webp 64w, https:\/\/sitz.ch\/wp-content\/uploads\/varier-move-360-grad-bewegungsfreiheit-drehstuhl-ergopoint.jpg.webp 1768w\" sizes=\"(max-width: 424px) 100vw, 424px\" title=\"\">\t\t\t\t\t\t\t\t\t\t\t\t\t\t\t<\/div>\n\t\t\t\t<\/div>\n\t\t\t\t<\/div>\n\t\t\t\t\t<\/div>\n\t\t\t\t<\/section>\n\t\t<section class=\"elementor-element elementor-element-354335c ergo-f-list e-flex e-con-boxed e-con e-parent\" data-id=\"354335c\" data-element_type=\"container\" data-e-type=\"container\">\n\t\t\t\t\t<div class=\"e-con-inner\">\n\t\t<div class=\"elementor-element elementor-element-7fc07b7 e-con-full e-flex e-con e-child\" data-id=\"7fc07b7\" data-element_type=\"container\" data-e-type=\"container\">\n\t\t\t\t<div class=\"elementor-element elementor-element-65594c5 elementor-widget elementor-widget-heading\" data-id=\"65594c5\" data-element_type=\"widget\" data-e-type=\"widget\" data-widget_type=\"heading.default\">\n\t\t\t\t<div class=\"elementor-widget-container\">\n\t\t\t\t\t<h3 class=\"elementor-heading-title elementor-size-default\">Il piatto di legno \u00e8 un vero capolavoro artigianale<\/h3>\t\t\t\t<\/div>\n\t\t\t\t<\/div>\n\t\t\t\t<div class=\"elementor-element elementor-element-ba6d034 elementor-widget elementor-widget-text-editor\" data-id=\"ba6d034\" data-element_type=\"widget\" data-e-type=\"widget\" data-widget_type=\"text-editor.default\">\n\t\t\t\t<div class=\"elementor-widget-container\">\n\t\t\t\t\t\t\t\t\t<p>Varier Move segue i movimenti naturali del tuo corpo grazie alla sua base in legno convessa. Il disco in legno con un diametro di 40 cm \u00e8 realizzato in compensato di faggio di alta qualit\u00e0, noto per la sua stabilit\u00e0 e durata. Per garantire una finitura esteticamente gradevole e duratura, il compensato \u00e8 accuratamente rivestito con un pregiato impiallacciato di frassino. Questo impiallacciato viene levigato a mano attraverso un processo meticoloso e successivamente rifinito con vernici ecologiche a base d&#8217;acqua. Il risultato \u00e8 una superficie non solo visivamente attraente, ma anche una finitura che resiste facilmente alle esigenze quotidiane mantenendo un rispetto per l&#8217;ambiente.<\/p>\n\t\t\t\t\t\t\t\t<\/div>\n\t\t\t\t<\/div>\n\t\t\t\t<\/div>\n\t\t<div class=\"elementor-element elementor-element-a266f4f e-con-full e-flex e-con e-child\" data-id=\"a266f4f\" data-element_type=\"container\" data-e-type=\"container\">\n\t\t\t\t<div class=\"elementor-element elementor-element-eb68ade elementor-widget elementor-widget-image\" data-id=\"eb68ade\" data-element_type=\"widget\" data-e-type=\"widget\" data-widget_type=\"image.default\">\n\t\t\t\t<div class=\"elementor-widget-container\">\n\t\t\t\t\t\t\t\t\t\t\t\t\t\t\t<img decoding=\"async\" width=\"600\" height=\"600\" src=\"https:\/\/sitz.ch\/wp-content\/uploads\/varier-move-holzteller-esche-natur-ergopoint-600x600.jpg\" class=\"attachment-medium size-medium wp-image-143094\" alt=\"\" srcset=\"https:\/\/sitz.ch\/wp-content\/uploads\/varier-move-holzteller-esche-natur-ergopoint-600x600.jpg.webp 600w, https:\/\/sitz.ch\/wp-content\/uploads\/varier-move-holzteller-esche-natur-ergopoint-300x300.jpg.webp 300w, https:\/\/sitz.ch\/wp-content\/uploads\/varier-move-holzteller-esche-natur-ergopoint-768x768.jpg.webp 768w, https:\/\/sitz.ch\/wp-content\/uploads\/varier-move-holzteller-esche-natur-ergopoint-100x100.jpg.webp 100w, https:\/\/sitz.ch\/wp-content\/uploads\/varier-move-holzteller-esche-natur-ergopoint-135x135.jpg.webp 135w, https:\/\/sitz.ch\/wp-content\/uploads\/varier-move-holzteller-esche-natur-ergopoint-64x64.jpg.webp 64w, https:\/\/sitz.ch\/wp-content\/uploads\/varier-move-holzteller-esche-natur-ergopoint.jpg.webp 1024w\" sizes=\"(max-width: 600px) 100vw, 600px\" title=\"\">\t\t\t\t\t\t\t\t\t\t\t\t\t\t\t<\/div>\n\t\t\t\t<\/div>\n\t\t\t\t<\/div>\n\t\t\t\t\t<\/div>\n\t\t\t\t<\/section>\n\t\t<section class=\"elementor-element elementor-element-22236ab ergo-f-list e-flex e-con-boxed e-con e-parent\" data-id=\"22236ab\" data-element_type=\"container\" data-e-type=\"container\">\n\t\t\t\t\t<div class=\"e-con-inner\">\n\t\t<div class=\"elementor-element elementor-element-93bde9c e-con-full e-flex e-con e-child\" data-id=\"93bde9c\" data-element_type=\"container\" data-e-type=\"container\">\n\t\t\t\t<div class=\"elementor-element elementor-element-45897fe elementor-widget elementor-widget-heading\" data-id=\"45897fe\" data-element_type=\"widget\" data-e-type=\"widget\" data-widget_type=\"heading.default\">\n\t\t\t\t<div class=\"elementor-widget-container\">\n\t\t\t\t\t<h3 class=\"elementor-heading-title elementor-size-default\">Regolazione continua dell'altezza della sedia.<\/h3>\t\t\t\t<\/div>\n\t\t\t\t<\/div>\n\t\t\t\t<div class=\"elementor-element elementor-element-ad11c4f elementor-widget elementor-widget-text-editor\" data-id=\"ad11c4f\" data-element_type=\"widget\" data-e-type=\"widget\" data-widget_type=\"text-editor.default\">\n\t\t\t\t<div class=\"elementor-widget-container\">\n\t\t\t\t\t\t\t\t\t<p>Il Varier Move Sgabello \u00e8 disponibile in tre varianti, che si adattano perfettamente a diverse esigenze e contesti d&#8217;uso:<\/p>\n<ul>\n<li><strong>Basso (49 \u2013 68 cm):<\/strong> Questa variante \u00e8 particolarmente adatta per uso domestico e si integra perfettamente a qualsiasi tavolo da pranzo o scrivania con un&#8217;altezza compresa tra 65 \u2013 80 cm. La nostra raccomandazione per un&#8217;esperienza di seduta versatile e confortevole a casa.<\/li>\n<li><strong>Medio (56 \u2013 82 cm):<\/strong> Ideale per una combinazione di seduta e posizione eretta. Questa altezza \u00e8 perfetta per postazioni di lavoro che richiedono un passaggio flessibile tra posizioni di seduta e in piedi, e si adatta a tavoli con un&#8217;altezza minima di 74 cm.<\/li>\n<li><strong>Alto (65 \u2013 87 cm):<\/strong> Questa variante \u00e8 specificamente concepita come supporto per stare in piedi ed \u00e8 ideale per superfici di lavoro pi\u00f9 alte a partire da un&#8217;altezza del tavolo di 80 cm. Perfetto per chi lavora prevalentemente in piedi e non vuole rinunciare al comfort di una sedia.<\/li>\n<\/ul>\n\t\t\t\t\t\t\t\t<\/div>\n\t\t\t\t<\/div>\n\t\t\t\t<\/div>\n\t\t<div class=\"elementor-element elementor-element-e1b5b41 e-con-full e-flex e-con e-child\" data-id=\"e1b5b41\" data-element_type=\"container\" data-e-type=\"container\">\n\t\t\t\t<div class=\"elementor-element elementor-element-df7d812 elementor-widget elementor-widget-image\" data-id=\"df7d812\" data-element_type=\"widget\" data-e-type=\"widget\" data-widget_type=\"image.default\">\n\t\t\t\t<div class=\"elementor-widget-container\">\n\t\t\t\t\t\t\t\t\t\t\t\t\t\t\t<img decoding=\"async\" width=\"600\" height=\"600\" src=\"https:\/\/sitz.ch\/wp-content\/uploads\/varier-move-gasfeder-stufenlos-verstellbar-ergopoint-600x600.jpg\" class=\"attachment-medium size-medium wp-image-143106\" alt=\"\" srcset=\"https:\/\/sitz.ch\/wp-content\/uploads\/varier-move-gasfeder-stufenlos-verstellbar-ergopoint-600x600.jpg.webp 600w, https:\/\/sitz.ch\/wp-content\/uploads\/varier-move-gasfeder-stufenlos-verstellbar-ergopoint-1024x1024.jpg.webp 1024w, https:\/\/sitz.ch\/wp-content\/uploads\/varier-move-gasfeder-stufenlos-verstellbar-ergopoint-300x300.jpg.webp 300w, https:\/\/sitz.ch\/wp-content\/uploads\/varier-move-gasfeder-stufenlos-verstellbar-ergopoint-768x768.jpg.webp 768w, https:\/\/sitz.ch\/wp-content\/uploads\/varier-move-gasfeder-stufenlos-verstellbar-ergopoint-1536x1536.jpg.webp 1536w, https:\/\/sitz.ch\/wp-content\/uploads\/varier-move-gasfeder-stufenlos-verstellbar-ergopoint-100x100.jpg.webp 100w, https:\/\/sitz.ch\/wp-content\/uploads\/varier-move-gasfeder-stufenlos-verstellbar-ergopoint-135x135.jpg.webp 135w, https:\/\/sitz.ch\/wp-content\/uploads\/varier-move-gasfeder-stufenlos-verstellbar-ergopoint-64x64.jpg.webp 64w, https:\/\/sitz.ch\/wp-content\/uploads\/varier-move-gasfeder-stufenlos-verstellbar-ergopoint.jpg.webp 2000w\" sizes=\"(max-width: 600px) 100vw, 600px\" title=\"\">\t\t\t\t\t\t\t\t\t\t\t\t\t\t\t<\/div>\n\t\t\t\t<\/div>\n\t\t\t\t<\/div>\n\t\t\t\t\t<\/div>\n\t\t\t\t<\/section>\n\t\t<section class=\"elementor-element elementor-element-6de6414 ergo-f-list e-flex e-con-boxed e-con e-parent\" data-id=\"6de6414\" data-element_type=\"container\" data-e-type=\"container\">\n\t\t\t\t\t<div class=\"e-con-inner\">\n\t\t<div class=\"elementor-element elementor-element-e32183d e-con-full e-flex e-con e-child\" data-id=\"e32183d\" data-element_type=\"container\" data-e-type=\"container\">\n\t\t\t\t<div class=\"elementor-element elementor-element-16d7f73 elementor-widget elementor-widget-heading\" data-id=\"16d7f73\" data-element_type=\"widget\" data-e-type=\"widget\" data-widget_type=\"heading.default\">\n\t\t\t\t<div class=\"elementor-widget-container\">\n\t\t\t\t\t<h3 class=\"elementor-heading-title elementor-size-default\">Protezione per pavimenti antiscivolo<\/h3>\t\t\t\t<\/div>\n\t\t\t\t<\/div>\n\t\t\t\t<div class=\"elementor-element elementor-element-64a1212 elementor-widget elementor-widget-text-editor\" data-id=\"64a1212\" data-element_type=\"widget\" data-e-type=\"widget\" data-widget_type=\"text-editor.default\">\n\t\t\t\t<div class=\"elementor-widget-container\">\n\t\t\t\t\t\t\t\t\t<p>La galoscia in gomma per lo sgabello a sella Varier Move offre una presa sicura su superfici lisce e dure, proteggendo efficacemente i pavimenti in legno da segni di usura. Si applica facilmente sulla base della sedia, prevenendo in modo affidabile danni da pressione e urti. Particolarmente pratico: la galoscia in gomma pu\u00f2 essere facilmente adattata anche ai modelli Move\u2122 pi\u00f9 vecchi, inclusi i sedili Stokke.<\/p>\r\n<p>Grazie alla galoscia antiscivolo in gomma, la sedia rimane stabile anche in posizioni inclinate, garantendo un&#8217;esperienza di utilizzo sicura e confortevole.<\/p>\t\t\t\t\t\t\t\t<\/div>\n\t\t\t\t<\/div>\n\t\t\t\t<\/div>\n\t\t<div class=\"elementor-element elementor-element-06c85ae e-con-full e-flex e-con e-child\" data-id=\"06c85ae\" data-element_type=\"container\" data-e-type=\"container\">\n\t\t\t\t<div class=\"elementor-element elementor-element-1b9424f elementor-widget elementor-widget-image\" data-id=\"1b9424f\" data-element_type=\"widget\" data-e-type=\"widget\" data-widget_type=\"image.default\">\n\t\t\t\t<div class=\"elementor-widget-container\">\n\t\t\t\t\t\t\t\t\t\t\t\t\t\t\t<img decoding=\"async\" width=\"600\" height=\"600\" src=\"https:\/\/sitz.ch\/wp-content\/uploads\/varier-move-gummigalosche-schutz-ergopoint-600x600.jpg\" class=\"attachment-medium size-medium wp-image-143109\" alt=\"\" srcset=\"https:\/\/sitz.ch\/wp-content\/uploads\/varier-move-gummigalosche-schutz-ergopoint-600x600.jpg.webp 600w, https:\/\/sitz.ch\/wp-content\/uploads\/varier-move-gummigalosche-schutz-ergopoint-1024x1024.jpg.webp 1024w, https:\/\/sitz.ch\/wp-content\/uploads\/varier-move-gummigalosche-schutz-ergopoint-300x300.jpg.webp 300w, https:\/\/sitz.ch\/wp-content\/uploads\/varier-move-gummigalosche-schutz-ergopoint-768x768.jpg.webp 768w, https:\/\/sitz.ch\/wp-content\/uploads\/varier-move-gummigalosche-schutz-ergopoint-1536x1536.jpg.webp 1536w, https:\/\/sitz.ch\/wp-content\/uploads\/varier-move-gummigalosche-schutz-ergopoint-100x100.jpg.webp 100w, https:\/\/sitz.ch\/wp-content\/uploads\/varier-move-gummigalosche-schutz-ergopoint-135x135.jpg.webp 135w, https:\/\/sitz.ch\/wp-content\/uploads\/varier-move-gummigalosche-schutz-ergopoint-64x64.jpg.webp 64w, https:\/\/sitz.ch\/wp-content\/uploads\/varier-move-gummigalosche-schutz-ergopoint.jpg.webp 2000w\" sizes=\"(max-width: 600px) 100vw, 600px\" title=\"\">\t\t\t\t\t\t\t\t\t\t\t\t\t\t\t<\/div>\n\t\t\t\t<\/div>\n\t\t\t\t<\/div>\n\t\t\t\t\t<\/div>\n\t\t\t\t<\/section>\n\t\t\t\t<\/div>\n\t\t","protected":false},"excerpt":{"rendered":"<p>Il sgabello a sella Varier Move offre un&#8217;eccezionale libert\u00e0 di movimento e si adatta perfettamente a ogni posizione, da seduti a quasi in piedi. Dotato di un sedile ergonomico a forma triangolare, \u00e8 ideale come sedia principale da lavoro o come complemento alla sedia da ufficio, soprattutto presso le scrivanie regolabili in altezza. Con il suo elegante telaio fatto a mano e la regolazione continua dell&#8217;altezza del sedile, \u00e8 utilizzabile su vari tipi di pavimentazioni. Move\u2122 \u00e8 disponibile in tre varianti di altezza, per adattarsi perfettamente a diverse esigenze e ambienti.<\/p>\n","protected":false},"featured_media":160361,"comment_status":"open","ping_status":"closed","template":"","meta":{"_acf_changed":false},"pwb-brand":[82],"product_brand":[],"product_cat":[972,199,205,318],"product_tag":[],"class_list":{"0":"post-149633","1":"product","2":"type-product","3":"status-publish","4":"has-post-thumbnail","6":"pwb-brand-varier","7":"product_cat-idoneo-per-la-domanda-ai","8":"product_cat-sgabelli","9":"product_cat-sgabelli-a-sella","10":"product_cat-sgabello-da-lavoro-in-piedi","11":"pa_bezug-fibra-sintetica-blu-revive-774","12":"pa_bezug-fibra-sintetica-blu-tonal-66286","13":"pa_bezug-fibra-sintetica-nera-revive-194","14":"pa_bezug-fibra-sintetica-nera-tonal-60999","15":"pa_bezug-fibra-sintetica-rossa-revive-634","16":"pa_bezug-fibra-sintetica-rossa-tonal-64208","17":"tm-has-options","19":"first","20":"instock","21":"sale","22":"featured","23":"taxable","24":"shipping-taxable","25":"purchasable","26":"product-type-variable","27":"has-default-attributes"},"acf":[],"brands":[{"id":82,"name":"Varier","slug":"varier"}],"_links":{"self":[{"href":"https:\/\/sitz.ch\/it\/wp-json\/wp\/v2\/product\/149633","targetHints":{"allow":["GET"]}}],"collection":[{"href":"https:\/\/sitz.ch\/it\/wp-json\/wp\/v2\/product"}],"about":[{"href":"https:\/\/sitz.ch\/it\/wp-json\/wp\/v2\/types\/product"}],"replies":[{"embeddable":true,"href":"https:\/\/sitz.ch\/it\/wp-json\/wp\/v2\/comments?post=149633"}],"version-history":[{"count":3,"href":"https:\/\/sitz.ch\/it\/wp-json\/wp\/v2\/product\/149633\/revisions"}],"predecessor-version":[{"id":155396,"href":"https:\/\/sitz.ch\/it\/wp-json\/wp\/v2\/product\/149633\/revisions\/155396"}],"wp:featuredmedia":[{"embeddable":true,"href":"https:\/\/sitz.ch\/it\/wp-json\/wp\/v2\/media\/160361"}],"wp:attachment":[{"href":"https:\/\/sitz.ch\/it\/wp-json\/wp\/v2\/media?parent=149633"}],"wp:term":[{"taxonomy":"pwb-brand","embeddable":true,"href":"https:\/\/sitz.ch\/it\/wp-json\/wp\/v2\/pwb-brand?post=149633"},{"taxonomy":"product_brand","embeddable":true,"href":"https:\/\/sitz.ch\/it\/wp-json\/wp\/v2\/product_brand?post=149633"},{"taxonomy":"product_cat","embeddable":true,"href":"https:\/\/sitz.ch\/it\/wp-json\/wp\/v2\/product_cat?post=149633"},{"taxonomy":"product_tag","embeddable":true,"href":"https:\/\/sitz.ch\/it\/wp-json\/wp\/v2\/product_tag?post=149633"}],"curies":[{"name":"wp","href":"https:\/\/api.w.org\/{rel}","templated":true}]}}