{"id":149937,"date":"2023-03-27T08:58:24","date_gmt":"2023-03-27T06:58:24","guid":{"rendered":"https:\/\/sitz.ch\/produkt\/tilia-cuscino-propriocettivo\/"},"modified":"2025-06-16T08:47:17","modified_gmt":"2025-06-16T06:47:17","slug":"tilia-cuscino-propriocettivo","status":"publish","type":"product","link":"https:\/\/sitz.ch\/it\/prodotto\/tilia-cuscino-propriocettivo\/","title":{"rendered":"Tilia Cuscino Propriocettivo"},"content":{"rendered":"<h2><i>Tilia\u00ae<\/i>Cuscino da seduta \/ <i>Tilia\u00ae<\/i>Cuscino a sfera<\/h2>\n<h3>Proteggi i tuoi dischi intervertebrali!<\/h3>\n<p>L&#8217;alternativa salvaspazio alla seduta sulla palla da ginnastica! Non solo per questo motivo, il <i>Tilia\u00ae<\/i>Cuscino da seduta \u00e8 preferito a casa al tavolo da pranzo, durante i compiti e in molti uffici.<\/p>\n<p>I leggeri movimenti compensatori sul <i>Tilia\u00ae<\/i>Cuscino da seduta allenano i piccoli muscoli che sostengono la colonna vertebrale e migliorano la postura seduta.<br \/>\nQuando si \u00e8 seduti sul Cuscino Tilia, il bacino si inclina in avanti e riallinea cos\u00ec la colonna vertebrale. Si siede pi\u00f9 dritti! Ad ogni tuo movimento, anche la colonna vertebrale si muove e la pressione sui dischi intervertebrali cambia. In questo modo si evitano sforzi errati prolungati e i dischi intervertebrali sono meglio nutriti di liquidi.<\/p>\n<p>Inoltre, il <i>Tilia\u00ae<\/i>Cuscino da seduta pu\u00f2 essere utilizzato come strumento di esercizio per rafforzare la pompa venosa e la muscolatura delle gambe e dei piedi, oltre che per migliorare l&#8217;equilibrio.<\/p>\n","protected":false},"excerpt":{"rendered":"<p>Tilia\u00aeCuscino da seduta \/ Tilia\u00aeCuscino a sfera Proteggi i tuoi dischi intervertebrali! L&#8217;alternativa salvaspazio alla seduta sulla palla da ginnastica! Non solo per questo motivo, il Tilia\u00aeCuscino da seduta \u00e8 preferito a casa al tavolo da pranzo, durante i compiti e in molti uffici. I leggeri movimenti compensatori sul Tilia\u00aeCuscino da seduta allenano i piccoli [&hellip;]<\/p>\n","protected":false},"featured_media":142428,"comment_status":"open","ping_status":"closed","template":"","meta":{"_acf_changed":false},"pwb-brand":[127],"product_brand":[],"product_cat":[300,320,319,305],"product_tag":[],"class_list":{"0":"post-149937","1":"product","2":"type-product","3":"status-publish","4":"has-post-thumbnail","6":"pwb-brand-tilia","7":"product_cat-accessori-ergonomici","8":"product_cat-accessori-fitness","9":"product_cat-attrezzature-per-lallenamento","10":"product_cat-supporti-lombari-cuscini-per-seduta","11":"tm-has-options","13":"first","14":"instock","15":"sale","16":"featured","17":"taxable","18":"shipping-taxable","19":"purchasable","20":"product-type-variable","21":"has-default-attributes"},"acf":[],"brands":[{"id":127,"name":"Tilia","slug":"tilia"}],"_links":{"self":[{"href":"https:\/\/sitz.ch\/it\/wp-json\/wp\/v2\/product\/149937","targetHints":{"allow":["GET"]}}],"collection":[{"href":"https:\/\/sitz.ch\/it\/wp-json\/wp\/v2\/product"}],"about":[{"href":"https:\/\/sitz.ch\/it\/wp-json\/wp\/v2\/types\/product"}],"replies":[{"embeddable":true,"href":"https:\/\/sitz.ch\/it\/wp-json\/wp\/v2\/comments?post=149937"}],"version-history":[{"count":0,"href":"https:\/\/sitz.ch\/it\/wp-json\/wp\/v2\/product\/149937\/revisions"}],"wp:featuredmedia":[{"embeddable":true,"href":"https:\/\/sitz.ch\/it\/wp-json\/wp\/v2\/media\/142428"}],"wp:attachment":[{"href":"https:\/\/sitz.ch\/it\/wp-json\/wp\/v2\/media?parent=149937"}],"wp:term":[{"taxonomy":"pwb-brand","embeddable":true,"href":"https:\/\/sitz.ch\/it\/wp-json\/wp\/v2\/pwb-brand?post=149937"},{"taxonomy":"product_brand","embeddable":true,"href":"https:\/\/sitz.ch\/it\/wp-json\/wp\/v2\/product_brand?post=149937"},{"taxonomy":"product_cat","embeddable":true,"href":"https:\/\/sitz.ch\/it\/wp-json\/wp\/v2\/product_cat?post=149937"},{"taxonomy":"product_tag","embeddable":true,"href":"https:\/\/sitz.ch\/it\/wp-json\/wp\/v2\/product_tag?post=149937"}],"curies":[{"name":"wp","href":"https:\/\/api.w.org\/{rel}","templated":true}]}}