{"id":153298,"date":"2025-03-10T11:30:29","date_gmt":"2025-03-10T10:30:29","guid":{"rendered":"https:\/\/sitz.ch\/?post_type=product&#038;p=153298"},"modified":"2025-03-10T11:32:40","modified_gmt":"2025-03-10T10:32:40","slug":"varier-invite-esszimmerstuhl-leder-einzelstueck","status":"publish","type":"product","link":"https:\/\/sitz.ch\/it\/prodotto\/varier-invite-esszimmerstuhl-leder-einzelstueck\/","title":{"rendered":"Varier Invite Esszimmerstuhl Leder Einzelst\u00fcck"},"content":{"rendered":"<p>Wir aktualisieren unsere Ausstellung und verkaufen einen Teil unserer Ausstellungsst\u00fccke. Nutzen Sie die Gelegenheit und profitieren Sie vom unschlagbaren Preis dieser Einzelst\u00fccke.<\/p>\n<p>&nbsp;<\/p>\n<p>Produkt:<\/p>\n<p>Invite Esszimmerstuhl<br \/>\nFreischwinger Mechanik<br \/>\nBezug: Leder schwarz (Echtleder)<br \/>\nUntergestell: Holz Eiche<\/p>\n","protected":false},"excerpt":{"rendered":"<p>Wir aktualisieren unsere Ausstellung und verkaufen einen Teil unserer Ausstellungsst\u00fccke. Nutzen Sie die Gelegenheit und profitieren Sie vom unschlagbaren Preis dieser Einzelst\u00fccke. &nbsp; Produkt: Invite Esszimmerstuhl Freischwinger Mechanik Bezug: Leder schwarz (Echtleder) Untergestell: Holz Eiche<\/p>\n","protected":false},"featured_media":153290,"comment_status":"open","ping_status":"closed","template":"","meta":{"_acf_changed":false},"pwb-brand":[82],"product_brand":[],"product_cat":[75],"product_tag":[],"class_list":{"0":"post-153298","1":"product","2":"type-product","3":"status-publish","4":"has-post-thumbnail","6":"pwb-brand-varier","7":"product_cat-einzelstuecke","8":"tm-has-options","10":"first","11":"instock","12":"sale","13":"featured","14":"sold-individually","15":"taxable","16":"shipping-taxable","17":"purchasable","18":"product-type-simple"},"acf":[],"brands":[{"id":82,"name":"Varier","slug":"varier"}],"_links":{"self":[{"href":"https:\/\/sitz.ch\/it\/wp-json\/wp\/v2\/product\/153298","targetHints":{"allow":["GET"]}}],"collection":[{"href":"https:\/\/sitz.ch\/it\/wp-json\/wp\/v2\/product"}],"about":[{"href":"https:\/\/sitz.ch\/it\/wp-json\/wp\/v2\/types\/product"}],"replies":[{"embeddable":true,"href":"https:\/\/sitz.ch\/it\/wp-json\/wp\/v2\/comments?post=153298"}],"version-history":[{"count":3,"href":"https:\/\/sitz.ch\/it\/wp-json\/wp\/v2\/product\/153298\/revisions"}],"predecessor-version":[{"id":153305,"href":"https:\/\/sitz.ch\/it\/wp-json\/wp\/v2\/product\/153298\/revisions\/153305"}],"wp:featuredmedia":[{"embeddable":true,"href":"https:\/\/sitz.ch\/it\/wp-json\/wp\/v2\/media\/153290"}],"wp:attachment":[{"href":"https:\/\/sitz.ch\/it\/wp-json\/wp\/v2\/media?parent=153298"}],"wp:term":[{"taxonomy":"pwb-brand","embeddable":true,"href":"https:\/\/sitz.ch\/it\/wp-json\/wp\/v2\/pwb-brand?post=153298"},{"taxonomy":"product_brand","embeddable":true,"href":"https:\/\/sitz.ch\/it\/wp-json\/wp\/v2\/product_brand?post=153298"},{"taxonomy":"product_cat","embeddable":true,"href":"https:\/\/sitz.ch\/it\/wp-json\/wp\/v2\/product_cat?post=153298"},{"taxonomy":"product_tag","embeddable":true,"href":"https:\/\/sitz.ch\/it\/wp-json\/wp\/v2\/product_tag?post=153298"}],"curies":[{"name":"wp","href":"https:\/\/api.w.org\/{rel}","templated":true}]}}