{"id":153511,"date":"2025-03-13T10:20:10","date_gmt":"2025-03-13T09:20:10","guid":{"rendered":"https:\/\/sitz.ch\/?post_type=product&#038;p=153511"},"modified":"2025-03-13T10:20:26","modified_gmt":"2025-03-13T09:20:26","slug":"hag-h04-4470-kommunikationsstuhl-einzelstueck","status":"publish","type":"product","link":"https:\/\/sitz.ch\/it\/prodotto\/hag-h04-4470-kommunikationsstuhl-einzelstueck\/","title":{"rendered":"HAG H04 4470 Kommunikationsstuhl Einzelst\u00fcck"},"content":{"rendered":"<p>Wir aktualisieren unsere Ausstellung und verkaufen einen Teil unserer Ausstellungsst\u00fccke. Nutzen Sie die Gelegenheit und profitieren Sie vom unschlagbaren Preis dieser Einzelst\u00fccke.<\/p>\n<p>&nbsp;<\/p>\n<p>Produkt:<\/p>\n<p>HAG H04 4470 Kommunikationsstuhl<br \/>\nBezug: Leder weiss<br \/>\nUntergestell Alu schwarz<br \/>\nOptionen: Armlehnen<br \/>\nMechanik: Freischwingerfunktion<\/p>\n","protected":false},"excerpt":{"rendered":"<p>Wir aktualisieren unsere Ausstellung und verkaufen einen Teil unserer Ausstellungsst\u00fccke. Nutzen Sie die Gelegenheit und profitieren Sie vom unschlagbaren Preis dieser Einzelst\u00fccke. &nbsp; Produkt: HAG H04 4470 Kommunikationsstuhl Bezug: Leder weiss Untergestell Alu schwarz Optionen: Armlehnen Mechanik: Freischwingerfunktion<\/p>\n","protected":false},"featured_media":153190,"comment_status":"open","ping_status":"closed","template":"","meta":{"_acf_changed":false},"pwb-brand":[79],"product_brand":[],"product_cat":[75],"product_tag":[],"class_list":{"0":"post-153511","1":"product","2":"type-product","3":"status-publish","4":"has-post-thumbnail","6":"pwb-brand-hag","7":"product_cat-einzelstuecke","8":"tm-has-options","10":"first","11":"instock","12":"sale","13":"featured","14":"taxable","15":"shipping-taxable","16":"purchasable","17":"product-type-simple"},"acf":[],"brands":[{"id":79,"name":"Hag","slug":"hag"}],"_links":{"self":[{"href":"https:\/\/sitz.ch\/it\/wp-json\/wp\/v2\/product\/153511","targetHints":{"allow":["GET"]}}],"collection":[{"href":"https:\/\/sitz.ch\/it\/wp-json\/wp\/v2\/product"}],"about":[{"href":"https:\/\/sitz.ch\/it\/wp-json\/wp\/v2\/types\/product"}],"replies":[{"embeddable":true,"href":"https:\/\/sitz.ch\/it\/wp-json\/wp\/v2\/comments?post=153511"}],"version-history":[{"count":2,"href":"https:\/\/sitz.ch\/it\/wp-json\/wp\/v2\/product\/153511\/revisions"}],"predecessor-version":[{"id":153513,"href":"https:\/\/sitz.ch\/it\/wp-json\/wp\/v2\/product\/153511\/revisions\/153513"}],"wp:featuredmedia":[{"embeddable":true,"href":"https:\/\/sitz.ch\/it\/wp-json\/wp\/v2\/media\/153190"}],"wp:attachment":[{"href":"https:\/\/sitz.ch\/it\/wp-json\/wp\/v2\/media?parent=153511"}],"wp:term":[{"taxonomy":"pwb-brand","embeddable":true,"href":"https:\/\/sitz.ch\/it\/wp-json\/wp\/v2\/pwb-brand?post=153511"},{"taxonomy":"product_brand","embeddable":true,"href":"https:\/\/sitz.ch\/it\/wp-json\/wp\/v2\/product_brand?post=153511"},{"taxonomy":"product_cat","embeddable":true,"href":"https:\/\/sitz.ch\/it\/wp-json\/wp\/v2\/product_cat?post=153511"},{"taxonomy":"product_tag","embeddable":true,"href":"https:\/\/sitz.ch\/it\/wp-json\/wp\/v2\/product_tag?post=153511"}],"curies":[{"name":"wp","href":"https:\/\/api.w.org\/{rel}","templated":true}]}}