{"id":153524,"date":"2025-03-13T11:21:16","date_gmt":"2025-03-13T10:21:16","guid":{"rendered":"https:\/\/sitz.ch\/?post_type=product&#038;p=153524"},"modified":"2025-03-17T11:17:35","modified_gmt":"2025-03-17T10:17:35","slug":"hag-futu-mesh-1100-einzelstueck","status":"publish","type":"product","link":"https:\/\/sitz.ch\/it\/prodotto\/hag-futu-mesh-1100-einzelstueck\/","title":{"rendered":"HAG Futu mesh 1100 Einzelst\u00fcck"},"content":{"rendered":"<p>Wir aktualisieren unsere Ausstellung und verkaufen einen Teil unserer Ausstellungsst\u00fccke. Nutzen Sie die Gelegenheit und profitieren Sie vom unschlagbaren Preis dieser Einzelst\u00fccke.<\/p>\n<p>&nbsp;<\/p>\n<p>Produkt: Futu mesh 1100<\/p>\n<p>Hersteller: HAG (Flokk)<br \/>\nBezug Sitz: FutuKnit solid \/ schwarz (night)<br \/>\nBezug R\u00fccken: FutuKnit mesh \/ grau (frost)<br \/>\nH\u00f6he: standard 150mm (40-55 cm)<br \/>\nUntergestell: Alu schwarz<br \/>\nOptionen:<br \/>\nArmlehnen h\u00f6henverstellbar<br \/>\nLordosenst\u00fctze verstellbar<\/p>\n","protected":false},"excerpt":{"rendered":"<p>Wir aktualisieren unsere Ausstellung und verkaufen einen Teil unserer Ausstellungsst\u00fccke. Nutzen Sie die Gelegenheit und profitieren Sie vom unschlagbaren Preis dieser Einzelst\u00fccke. &nbsp; Produkt: Futu mesh 1100 Hersteller: HAG (Flokk) Bezug Sitz: FutuKnit solid \/ schwarz (night) Bezug R\u00fccken: FutuKnit mesh \/ grau (frost) H\u00f6he: standard 150mm (40-55 cm) Untergestell: Alu schwarz Optionen: Armlehnen h\u00f6henverstellbar [&hellip;]<\/p>\n","protected":false},"featured_media":153214,"comment_status":"open","ping_status":"closed","template":"","meta":{"_acf_changed":false},"pwb-brand":[79],"product_brand":[],"product_cat":[75],"product_tag":[],"class_list":{"0":"post-153524","1":"product","2":"type-product","3":"status-publish","4":"has-post-thumbnail","6":"pwb-brand-hag","7":"product_cat-einzelstuecke","8":"tm-has-options","10":"first","11":"instock","12":"sale","13":"featured","14":"taxable","15":"shipping-taxable","16":"purchasable","17":"product-type-simple"},"acf":[],"brands":[{"id":79,"name":"Hag","slug":"hag"}],"_links":{"self":[{"href":"https:\/\/sitz.ch\/it\/wp-json\/wp\/v2\/product\/153524","targetHints":{"allow":["GET"]}}],"collection":[{"href":"https:\/\/sitz.ch\/it\/wp-json\/wp\/v2\/product"}],"about":[{"href":"https:\/\/sitz.ch\/it\/wp-json\/wp\/v2\/types\/product"}],"replies":[{"embeddable":true,"href":"https:\/\/sitz.ch\/it\/wp-json\/wp\/v2\/comments?post=153524"}],"version-history":[{"count":2,"href":"https:\/\/sitz.ch\/it\/wp-json\/wp\/v2\/product\/153524\/revisions"}],"predecessor-version":[{"id":153530,"href":"https:\/\/sitz.ch\/it\/wp-json\/wp\/v2\/product\/153524\/revisions\/153530"}],"wp:featuredmedia":[{"embeddable":true,"href":"https:\/\/sitz.ch\/it\/wp-json\/wp\/v2\/media\/153214"}],"wp:attachment":[{"href":"https:\/\/sitz.ch\/it\/wp-json\/wp\/v2\/media?parent=153524"}],"wp:term":[{"taxonomy":"pwb-brand","embeddable":true,"href":"https:\/\/sitz.ch\/it\/wp-json\/wp\/v2\/pwb-brand?post=153524"},{"taxonomy":"product_brand","embeddable":true,"href":"https:\/\/sitz.ch\/it\/wp-json\/wp\/v2\/product_brand?post=153524"},{"taxonomy":"product_cat","embeddable":true,"href":"https:\/\/sitz.ch\/it\/wp-json\/wp\/v2\/product_cat?post=153524"},{"taxonomy":"product_tag","embeddable":true,"href":"https:\/\/sitz.ch\/it\/wp-json\/wp\/v2\/product_tag?post=153524"}],"curies":[{"name":"wp","href":"https:\/\/api.w.org\/{rel}","templated":true}]}}