{"id":153561,"date":"2025-03-17T11:13:38","date_gmt":"2025-03-17T10:13:38","guid":{"rendered":"https:\/\/sitz.ch\/?post_type=product&#038;p=153561"},"modified":"2025-03-17T11:17:42","modified_gmt":"2025-03-17T10:17:42","slug":"rovo-xn-5060-netzruecken-einzelstueck","status":"publish","type":"product","link":"https:\/\/sitz.ch\/it\/prodotto\/rovo-xn-5060-netzruecken-einzelstueck\/","title":{"rendered":"Rovo XN 5060 Netzr\u00fccken Einzelst\u00fcck"},"content":{"rendered":"<p>Wir aktualisieren unsere Ausstellung und verkaufen einen Teil unserer Ausstellungsst\u00fccke. Nutzen Sie die Gelegenheit und profitieren Sie vom unschlagbaren Preis dieser Einzelst\u00fccke.<\/p>\n<p>&nbsp;<\/p>\n<p>Produkt: XN 5060<\/p>\n<p>Hersteller: Rovo<br \/>\nBezug Sitz: Polyester grau<br \/>\nBezug R\u00fccken: Netz schwarz<br \/>\nH\u00f6he: standard<br \/>\nFusskreuz: Kunststoff schwarz<br \/>\nRollen: weich (harte B\u00f6den)<br \/>\nOptionen:<br \/>\nArmlehnen h\u00f6henverstellbar<br \/>\nLordosenst\u00fctze verstellbar<\/p>\n","protected":false},"excerpt":{"rendered":"<p>Wir aktualisieren unsere Ausstellung und verkaufen einen Teil unserer Ausstellungsst\u00fccke. Nutzen Sie die Gelegenheit und profitieren Sie vom unschlagbaren Preis dieser Einzelst\u00fccke. &nbsp; Produkt: XN 5060 Hersteller: Rovo Bezug Sitz: Polyester grau Bezug R\u00fccken: Netz schwarz H\u00f6he: standard Fusskreuz: Kunststoff schwarz Rollen: weich (harte B\u00f6den) Optionen: Armlehnen h\u00f6henverstellbar Lordosenst\u00fctze verstellbar<\/p>\n","protected":false},"featured_media":153258,"comment_status":"open","ping_status":"closed","template":"","meta":{"_acf_changed":false},"pwb-brand":[87],"product_brand":[],"product_cat":[75],"product_tag":[],"class_list":{"0":"post-153561","1":"product","2":"type-product","3":"status-publish","4":"has-post-thumbnail","6":"pwb-brand-rovo","7":"product_cat-einzelstuecke","8":"tm-has-options","10":"first","11":"instock","12":"sale","13":"featured","14":"taxable","15":"shipping-taxable","16":"purchasable","17":"product-type-simple"},"acf":[],"brands":[{"id":87,"name":"Rovo","slug":"rovo"}],"_links":{"self":[{"href":"https:\/\/sitz.ch\/it\/wp-json\/wp\/v2\/product\/153561","targetHints":{"allow":["GET"]}}],"collection":[{"href":"https:\/\/sitz.ch\/it\/wp-json\/wp\/v2\/product"}],"about":[{"href":"https:\/\/sitz.ch\/it\/wp-json\/wp\/v2\/types\/product"}],"replies":[{"embeddable":true,"href":"https:\/\/sitz.ch\/it\/wp-json\/wp\/v2\/comments?post=153561"}],"version-history":[{"count":3,"href":"https:\/\/sitz.ch\/it\/wp-json\/wp\/v2\/product\/153561\/revisions"}],"predecessor-version":[{"id":153565,"href":"https:\/\/sitz.ch\/it\/wp-json\/wp\/v2\/product\/153561\/revisions\/153565"}],"wp:featuredmedia":[{"embeddable":true,"href":"https:\/\/sitz.ch\/it\/wp-json\/wp\/v2\/media\/153258"}],"wp:attachment":[{"href":"https:\/\/sitz.ch\/it\/wp-json\/wp\/v2\/media?parent=153561"}],"wp:term":[{"taxonomy":"pwb-brand","embeddable":true,"href":"https:\/\/sitz.ch\/it\/wp-json\/wp\/v2\/pwb-brand?post=153561"},{"taxonomy":"product_brand","embeddable":true,"href":"https:\/\/sitz.ch\/it\/wp-json\/wp\/v2\/product_brand?post=153561"},{"taxonomy":"product_cat","embeddable":true,"href":"https:\/\/sitz.ch\/it\/wp-json\/wp\/v2\/product_cat?post=153561"},{"taxonomy":"product_tag","embeddable":true,"href":"https:\/\/sitz.ch\/it\/wp-json\/wp\/v2\/product_tag?post=153561"}],"curies":[{"name":"wp","href":"https:\/\/api.w.org\/{rel}","templated":true}]}}