{"id":155445,"date":"2016-11-11T23:32:15","date_gmt":"2016-11-11T22:32:15","guid":{"rendered":"https:\/\/sitz.ch\/produkt\/contour-rollermouse-red\/"},"modified":"2016-11-11T23:32:15","modified_gmt":"2016-11-11T22:32:15","slug":"contour-rollermouse-red","status":"publish","type":"product","link":"https:\/\/sitz.ch\/it\/prodotto\/contour-rollermouse-red\/","title":{"rendered":"Contour RollerMouse Red"},"content":{"rendered":"<p>\u00c8 arrivato il nuovo sviluppo della RollerMouse: la <strong>RollerMouse Red.<\/strong><br \/>Il cilindro di navigazione ha un <strong>diametro maggiore<\/strong> e richiede <strong>meno pressione<\/strong> per cliccare. La Red \u00e8 <strong>precisa, veloce e confortevole.<\/strong><\/p>\n<p>La RollerMouse \u00e8 una soluzione innovativa per l&#8217;utilizzo del mouse. Il mouse si trova sotto il centro della tastiera e pu\u00f2 essere utilizzato da entrambe le mani. <strong>La navigazione avviene tramite il cilindro<\/strong>, che consente movimenti sullo schermo in tutte le direzioni. Il cilindro largo 18 cm offre comodamente spazio a tutte le dita di entrambe le mani, evitando il sovraccarico della &#8220;mano del mouse&#8221;.<\/p>\n<p>La RollerMouse Red \u00e8 dotata di <strong>cinque pulsanti aggiuntivi<\/strong> per clic sinistro, destro e doppio clic, per &#8220;Copia&#8221; e per &#8220;Incolla&#8221;. Un sesto pulsante serve per regolare la velocit\u00e0 del puntatore del mouse e il volume del clic. La rotella di scorrimento centrale \u00e8 extra larga.<\/p>\n<p>La RollerMouse Red \u00e8 realizzata in alluminio di alta qualit\u00e0 e dispone di un <strong>supporto per i polsi rimovibile<\/strong> in ecopelle.<\/p>\n<p><strong>Dimensioni<\/strong>: 41 x 2.3 x 10 cm (L x A x P). Peso: 840 g.<\/p>\n<p>Vantaggi<\/p>\n<ul>\n<li>Facile collegamento tramite cavo USB.<\/li>\n<li>Nessun driver, solo Plug-and-play.<\/li>\n<li>Compatibile con OSX e Windows.<\/li>\n<li>Realizzata in alluminio di alta qualit\u00e0.<\/li>\n<li>Cilindro largo per un utilizzo preciso senza molti movimenti.<\/li>\n<li>Velocit\u00e0 del cursore regolabile in 5 livelli da 800 a 2400 dpi.<\/li>\n<li>Supporti per le mani imbottiti in ecopelle, rimovibili.<\/li>\n<li>Utilizzo con tastiere con bordo inferiore dritto<\/li>\n<\/ul>\n","protected":false},"excerpt":{"rendered":"<p>\u00c8 arrivato il nuovo sviluppo della RollerMouse: la RollerMouse Red.Il cilindro di navigazione ha un diametro maggiore e richiede meno pressione per cliccare. La Red \u00e8 precisa, veloce e confortevole. La RollerMouse \u00e8 una soluzione innovativa per l&#8217;utilizzo del mouse. Il mouse si trova sotto il centro della tastiera e pu\u00f2 essere utilizzato da entrambe [&hellip;]<\/p>\n","protected":false},"featured_media":137958,"comment_status":"open","ping_status":"closed","template":"","meta":{"_acf_changed":false},"pwb-brand":[115],"product_brand":[],"product_cat":[300,304],"product_tag":[],"class_list":{"0":"post-155445","1":"product","2":"type-product","3":"status-publish","4":"has-post-thumbnail","6":"pwb-brand-contour","7":"product_cat-accessori-ergonomici","8":"product_cat-mouse-ergonomico","9":"tm-has-styled-variations","10":"tm-has-options","12":"first","13":"instock","14":"featured","15":"taxable","16":"shipping-taxable","17":"purchasable","18":"product-type-variable","19":"has-default-attributes"},"acf":[],"brands":[{"id":115,"name":"Contour","slug":"contour"}],"_links":{"self":[{"href":"https:\/\/sitz.ch\/it\/wp-json\/wp\/v2\/product\/155445","targetHints":{"allow":["GET"]}}],"collection":[{"href":"https:\/\/sitz.ch\/it\/wp-json\/wp\/v2\/product"}],"about":[{"href":"https:\/\/sitz.ch\/it\/wp-json\/wp\/v2\/types\/product"}],"replies":[{"embeddable":true,"href":"https:\/\/sitz.ch\/it\/wp-json\/wp\/v2\/comments?post=155445"}],"version-history":[{"count":0,"href":"https:\/\/sitz.ch\/it\/wp-json\/wp\/v2\/product\/155445\/revisions"}],"wp:featuredmedia":[{"embeddable":true,"href":"https:\/\/sitz.ch\/it\/wp-json\/wp\/v2\/media\/137958"}],"wp:attachment":[{"href":"https:\/\/sitz.ch\/it\/wp-json\/wp\/v2\/media?parent=155445"}],"wp:term":[{"taxonomy":"pwb-brand","embeddable":true,"href":"https:\/\/sitz.ch\/it\/wp-json\/wp\/v2\/pwb-brand?post=155445"},{"taxonomy":"product_brand","embeddable":true,"href":"https:\/\/sitz.ch\/it\/wp-json\/wp\/v2\/product_brand?post=155445"},{"taxonomy":"product_cat","embeddable":true,"href":"https:\/\/sitz.ch\/it\/wp-json\/wp\/v2\/product_cat?post=155445"},{"taxonomy":"product_tag","embeddable":true,"href":"https:\/\/sitz.ch\/it\/wp-json\/wp\/v2\/product_tag?post=155445"}],"curies":[{"name":"wp","href":"https:\/\/api.w.org\/{rel}","templated":true}]}}