{"id":155718,"date":"2025-08-11T10:38:57","date_gmt":"2025-08-11T08:38:57","guid":{"rendered":"https:\/\/sitz.ch\/?post_type=product&#038;p=155718"},"modified":"2025-09-24T17:33:47","modified_gmt":"2025-09-24T15:33:47","slug":"ergopoint-ovalo-tischgestell","status":"publish","type":"product","link":"https:\/\/sitz.ch\/it\/prodotto\/ergopoint-ovalo-tischgestell\/","title":{"rendered":"ErgoPoint Ovalo Tischgestell"},"content":{"rendered":"<p>Das neue ovale h\u00f6henverstellbare Tischgestell \u00fcberzeugt durch sein elegantes, schlankes Design und eine moderne, stilvolle \u00c4sthetik. Die sanft geschwungenen, ovalen Formen verleihen dem Gestell eine harmonische und zeitlose Optik, die sich nahtlos in verschiedenste Raumkonzepte einf\u00fcgt \u2013 ob im Homeoffice, Konferenzraum oder im kreativen Workspace.<\/p>\n<p>Trotz seines filigranen Erscheinungsbildes bietet das Gestell eine beeindruckende Stabilit\u00e4t und Tragkraft. Die integrierte H\u00f6henverstellung erm\u00f6glicht eine flexible Anpassung der Tischh\u00f6he \u2013 ideal f\u00fcr ergonomisches Arbeiten im Sitzen oder Stehen. Die klaren Linien, das hochwertige Finish und die dezente Farbwahl unterstreichen den edlen Look und machen das Gestell zu einem echten Blickfang ohne aufdringlich zu wirken.<\/p>\n<p>Kurz gesagt: formsch\u00f6n, funktional und durchdacht \u2013 das ovale h\u00f6henverstellbare Tischgestell ist eine stilvolle Grundlage f\u00fcr moderne Arbeitspl\u00e4tze.<\/p>\n<p>&nbsp;<\/p>\n<p><strong>Eigenschaften:<br \/>\n<\/strong>&#8211; neues schlankes Design gerundet inkl. Digitalhandschalter mit 2 Memory Positionen.<br \/>\n&#8211; breitenverstellbar 120-220cm<br \/>\n&#8211; h\u00f6henverstellbares Untergestell von 63,5-128,5cm, Motorantrieb 2-motorig 2-stufig, mit Auffahr- und Kollisionsschutz<br \/>\n&#8211; Belastbarkeit 125 kg<br \/>\n&#8211; F\u00fcsse Stahl pulverbeschichtet mit Nivelliergleiter<br \/>\n&#8211; inkl. Kabelsichtschutz grau (Magnethaftung)<\/p>\n<p>&nbsp;<\/p>\n","protected":false},"excerpt":{"rendered":"<p>Das neue ovale h\u00f6henverstellbare Tischgestell \u00fcberzeugt durch sein elegantes, schlankes Design und eine moderne, stilvolle \u00c4sthetik. Die sanft geschwungenen, ovalen Formen verleihen dem Gestell eine harmonische und zeitlose Optik, die sich nahtlos in verschiedenste Raumkonzepte einf\u00fcgt \u2013 ob im Homeoffice, Konferenzraum oder im kreativen Workspace. Trotz seines filigranen Erscheinungsbildes bietet das Gestell eine beeindruckende Stabilit\u00e4t [&hellip;]<\/p>\n","protected":false},"featured_media":155740,"comment_status":"open","ping_status":"closed","template":"","meta":{"_acf_changed":false},"pwb-brand":[94],"product_brand":[],"product_cat":[47,947,26],"product_tag":[],"class_list":{"0":"post-155718","1":"product","2":"type-product","3":"status-publish","4":"has-post-thumbnail","6":"pwb-brand-ergopoint","7":"product_cat-elektrisch","8":"product_cat-geeignet-iv-antrag","9":"product_cat-sitz-stehtische","10":"tm-has-options","12":"first","13":"onbackorder","14":"sale","15":"featured","16":"taxable","17":"shipping-taxable","18":"purchasable","19":"product-type-variable","20":"has-default-attributes"},"acf":[],"brands":[{"id":94,"name":"ErgoPoint","slug":"ergopoint"}],"_links":{"self":[{"href":"https:\/\/sitz.ch\/it\/wp-json\/wp\/v2\/product\/155718","targetHints":{"allow":["GET"]}}],"collection":[{"href":"https:\/\/sitz.ch\/it\/wp-json\/wp\/v2\/product"}],"about":[{"href":"https:\/\/sitz.ch\/it\/wp-json\/wp\/v2\/types\/product"}],"replies":[{"embeddable":true,"href":"https:\/\/sitz.ch\/it\/wp-json\/wp\/v2\/comments?post=155718"}],"version-history":[{"count":2,"href":"https:\/\/sitz.ch\/it\/wp-json\/wp\/v2\/product\/155718\/revisions"}],"predecessor-version":[{"id":155720,"href":"https:\/\/sitz.ch\/it\/wp-json\/wp\/v2\/product\/155718\/revisions\/155720"}],"wp:featuredmedia":[{"embeddable":true,"href":"https:\/\/sitz.ch\/it\/wp-json\/wp\/v2\/media\/155740"}],"wp:attachment":[{"href":"https:\/\/sitz.ch\/it\/wp-json\/wp\/v2\/media?parent=155718"}],"wp:term":[{"taxonomy":"pwb-brand","embeddable":true,"href":"https:\/\/sitz.ch\/it\/wp-json\/wp\/v2\/pwb-brand?post=155718"},{"taxonomy":"product_brand","embeddable":true,"href":"https:\/\/sitz.ch\/it\/wp-json\/wp\/v2\/product_brand?post=155718"},{"taxonomy":"product_cat","embeddable":true,"href":"https:\/\/sitz.ch\/it\/wp-json\/wp\/v2\/product_cat?post=155718"},{"taxonomy":"product_tag","embeddable":true,"href":"https:\/\/sitz.ch\/it\/wp-json\/wp\/v2\/product_tag?post=155718"}],"curies":[{"name":"wp","href":"https:\/\/api.w.org\/{rel}","templated":true}]}}